{"id":87,"date":"2025-05-13T15:57:29","date_gmt":"2025-05-13T07:57:29","guid":{"rendered":"http:\/\/www.canneed.com\/fr\/?post_type=product&#038;p=87"},"modified":"2025-05-13T15:57:33","modified_gmt":"2025-05-13T07:57:33","slug":"canneed-css-300","status":"publish","type":"product","link":"https:\/\/www.canneed.com\/fr\/product\/canneed-css-300\/","title":{"rendered":"CanNeed-CSS-300"},"content":{"rendered":"<p>&nbsp;<\/p>\n<h3>Application<\/h3>\n<div class='prodocut_content'>La scie \u00e0 sertis CanNeed-CSS-300 est une scie circulaire sp\u00e9ciale pour les inspections de sertis \u00e0 double coupe.&nbsp;<\/p>\n<p>La CanNeed-CSS-300 a \u00e9t\u00e9 sp\u00e9cialement con\u00e7ue pour les bo\u00eetes de forme irr\u00e9guli\u00e8re, comme les bo\u00eetes rectangulaires, les bo\u00eetes ovales, etc. Les bombes a\u00e9rosols peuvent \u00e9galement \u00eatre sci\u00e9es avec cette scie. Les lames nitr\u00e9es, associ\u00e9es \u00e0 une vitesse d&rsquo;environ 1 000 tr\/min, permettent d&rsquo;obtenir une surface de coupe tr\u00e8s lisse. L&rsquo;image du serti sur les contr\u00f4leurs automatiques de serti de la s\u00e9rie CanNeed est ainsi tr\u00e8s claire, ce qui am\u00e9liore la vitesse et la fiabilit\u00e9 des mesures.<\/div>\n","protected":false},"excerpt":{"rendered":"<h3>Scie \u00e0 sertis<\/h3>\n","protected":false},"featured_media":119,"comment_status":"closed","ping_status":"closed","template":"","meta":[],"product_brand":[],"product_cat":[22,21,19],"product_tag":[],"class_list":{"0":"post-87","1":"product","2":"type-product","3":"status-publish","4":"has-post-thumbnail","6":"product_cat-canette-aerosol-en-trois-parties-revetement","7":"product_cat-laboratoire","8":"product_cat-ourlet-double","10":"first","11":"instock","12":"shipping-taxable","13":"product-type-simple"},"aioseo_notices":[],"_links":{"self":[{"href":"https:\/\/www.canneed.com\/fr\/wp-json\/wp\/v2\/product\/87","targetHints":{"allow":["GET"]}}],"collection":[{"href":"https:\/\/www.canneed.com\/fr\/wp-json\/wp\/v2\/product"}],"about":[{"href":"https:\/\/www.canneed.com\/fr\/wp-json\/wp\/v2\/types\/product"}],"replies":[{"embeddable":true,"href":"https:\/\/www.canneed.com\/fr\/wp-json\/wp\/v2\/comments?post=87"}],"wp:featuredmedia":[{"embeddable":true,"href":"https:\/\/www.canneed.com\/fr\/wp-json\/wp\/v2\/media\/119"}],"wp:attachment":[{"href":"https:\/\/www.canneed.com\/fr\/wp-json\/wp\/v2\/media?parent=87"}],"wp:term":[{"taxonomy":"product_brand","embeddable":true,"href":"https:\/\/www.canneed.com\/fr\/wp-json\/wp\/v2\/product_brand?post=87"},{"taxonomy":"product_cat","embeddable":true,"href":"https:\/\/www.canneed.com\/fr\/wp-json\/wp\/v2\/product_cat?post=87"},{"taxonomy":"product_tag","embeddable":true,"href":"https:\/\/www.canneed.com\/fr\/wp-json\/wp\/v2\/product_tag?post=87"}],"curies":[{"name":"wp","href":"https:\/\/api.w.org\/{rel}","templated":true}]}}