{"id":86,"date":"2025-05-13T15:57:28","date_gmt":"2025-05-13T07:57:28","guid":{"rendered":"http:\/\/www.canneed.com\/fr\/?post_type=product&#038;p=86"},"modified":"2025-05-13T15:57:33","modified_gmt":"2025-05-13T07:57:33","slug":"canneed-css-p3","status":"publish","type":"product","link":"https:\/\/www.canneed.com\/fr\/product\/canneed-css-p3\/","title":{"rendered":"CanNeed-CSS-P3"},"content":{"rendered":"<p>&nbsp;<\/p>\n<h3>Application<\/h3>\n<div class='prodocut_content'>La scie \u00e0 serti portable CanNeed-CSS-P3 est une scie circulaire sp\u00e9ciale \u00e0 double coupe pour l&rsquo;inspection des sertis des bo\u00eetes de conserve.&nbsp;<br \/>\nLa CanNeed-CSS-P3 a \u00e9t\u00e9 sp\u00e9cialement con\u00e7ue pour les bo\u00eetes 2 et 3 pi\u00e8ces. Les bo\u00eetes a\u00e9rosols peuvent \u00e9galement \u00eatre sci\u00e9es avec cette scie. Les lames nitr\u00e9es permettent d&rsquo;obtenir une surface de coupe tr\u00e8s lisse. L&rsquo;image du serti sur le \u00ab VSM Automatic Seam Monitor \u00bb et les syst\u00e8mes automatiques de mesure du serti devient ainsi tr\u00e8s claire, ce qui am\u00e9liore la vitesse et la fiabilit\u00e9 des mesures.<\/div>\n<p>&nbsp;<\/p>\n<h3>Les avantages<\/h3>\n<div class='prodocut_content'>\n<ol>\n<li>\n\t\tLa scie \u00e0 sertisseuse portable CanNeed-CSS-P3 ne p\u00e8se que 1,5 kg, ce qui la rend tr\u00e8s facile \u00e0 transporter pour les voyages d&rsquo;affaires.\n\t<\/li>\n<li>\n\t\tSi elle est configur\u00e9e avec le moniteur de vision de serti portable de CanNeed, elle est tr\u00e8s utile \u00e0 l&rsquo;ing\u00e9nieur pour v\u00e9rifier la qualit\u00e9 du serti pendant le voyage.\n\t<\/li>\n<li>\n\t\tCanNeed-CSS-P3 adopte un moteur anti-bruit qui fonctionne de mani\u00e8re stable et ne produit que tr\u00e8s peu de secousses, ce qui garantit une coupe nette.\n\t<\/li>\n<li>\n\t\tCompact, portable et durable, avec une apparence et un design agr\u00e9ables.&nbsp;\n\t<\/li>\n<li>\n\t\tTr\u00e8s peu d&rsquo;entretien est n\u00e9cessaire.\n\t<\/li>\n<\/ol>\n<\/div>\n","protected":false},"excerpt":{"rendered":"<h3>Scie \u00e0 sertir portative<\/h3>\n","protected":false},"featured_media":116,"comment_status":"closed","ping_status":"closed","template":"","meta":[],"product_brand":[],"product_cat":[17,27,19],"product_tag":[],"class_list":{"0":"post-86","1":"product","2":"type-product","3":"status-publish","4":"has-post-thumbnail","6":"product_cat-biere-en-conserve-boisson-en-conserve-en-conserve","7":"product_cat-ligne-de-conditionnement-en-ligne","8":"product_cat-ourlet-double","10":"first","11":"instock","12":"shipping-taxable","13":"product-type-simple"},"aioseo_notices":[],"_links":{"self":[{"href":"https:\/\/www.canneed.com\/fr\/wp-json\/wp\/v2\/product\/86","targetHints":{"allow":["GET"]}}],"collection":[{"href":"https:\/\/www.canneed.com\/fr\/wp-json\/wp\/v2\/product"}],"about":[{"href":"https:\/\/www.canneed.com\/fr\/wp-json\/wp\/v2\/types\/product"}],"replies":[{"embeddable":true,"href":"https:\/\/www.canneed.com\/fr\/wp-json\/wp\/v2\/comments?post=86"}],"wp:featuredmedia":[{"embeddable":true,"href":"https:\/\/www.canneed.com\/fr\/wp-json\/wp\/v2\/media\/116"}],"wp:attachment":[{"href":"https:\/\/www.canneed.com\/fr\/wp-json\/wp\/v2\/media?parent=86"}],"wp:term":[{"taxonomy":"product_brand","embeddable":true,"href":"https:\/\/www.canneed.com\/fr\/wp-json\/wp\/v2\/product_brand?post=86"},{"taxonomy":"product_cat","embeddable":true,"href":"https:\/\/www.canneed.com\/fr\/wp-json\/wp\/v2\/product_cat?post=86"},{"taxonomy":"product_tag","embeddable":true,"href":"https:\/\/www.canneed.com\/fr\/wp-json\/wp\/v2\/product_tag?post=86"}],"curies":[{"name":"wp","href":"https:\/\/api.w.org\/{rel}","templated":true}]}}