{"id":85,"date":"2025-05-13T15:57:28","date_gmt":"2025-05-13T07:57:28","guid":{"rendered":"http:\/\/www.canneed.com\/fr\/?post_type=product&#038;p=85"},"modified":"2025-05-13T15:57:32","modified_gmt":"2025-05-13T07:57:32","slug":"canneed-hwc-100","status":"publish","type":"product","link":"https:\/\/www.canneed.com\/fr\/product\/canneed-hwc-100\/","title":{"rendered":"CanNeed-HWC-100"},"content":{"rendered":"<p>&nbsp;<\/p>\n<h3>Application<\/h3>\n<div class='prodocut_content'>Le coupeur de segments CanNeed-HWC-100 coupe les bouteilles PET en segments pr\u00e9d\u00e9finis (jusqu&rsquo;\u00e0 cinq segments) et analyse le poids des bouteilles PET en segments, en v\u00e9rifiant que chaque segment r\u00e9pond au crit\u00e8re de poids correspondant. Le coupeur de segments CanNeed-HWC-100 coupe les bouteilles PET \u00e0 l&rsquo;aide d&rsquo;un fil m\u00e9tallique chaud, ce qui permet de couper les bouteilles PET rapidement, sans les d\u00e9former, en obtenant un profil clair de la bouteille. Le r\u00e9sultat est un profil clair sans d\u00e9formation de la bouteille. La taille des bouteilles peut \u00eatre adapt\u00e9e de 200 ml \u00e0 3000 ml.<\/div>\n<p>&nbsp;<\/p>\n<h3>Les avantages<\/h3>\n<div class='prodocut_content'>\n<ol>\n<li>\n\t\tLe syst\u00e8me \u00e0 double mode de chauffage permet non seulement d&rsquo;\u00e9conomiser de l&rsquo;\u00e9nergie, mais aussi de prolonger la dur\u00e9e de vie du fil de coupe.\n\t<\/li>\n<li>\n\t\tLe porte-bouteille peut \u00eatre ajust\u00e9 pour s&rsquo;adapter \u00e0 une large gamme de formes de bouteilles sans n\u00e9cessiter d&rsquo;outils sp\u00e9ciaux ou de pi\u00e8ces de rechange.\n\t<\/li>\n<li>\n\t\tDes supports r\u00e9glables maintiennent les bouteilles en place pendant le processus de d\u00e9coupe.\n\t<\/li>\n<li>\n\t\tLes \u00e9chelles de pr\u00e9cision rendent la coupe pr\u00e9cise et reproductible.\n\t<\/li>\n<li>\n\t\tLa conception \u00e0 4 fils permet de r\u00e9aliser jusqu&rsquo;\u00e0 5 coupes.\n\t<\/li>\n<li>\n\t\tLa conception astucieuse permet de changer facilement les bouteilles de tailles et de formes diff\u00e9rentes pour les d\u00e9couper.\n\t<\/li>\n<li>\n\t\tAucun outil ou accessoire suppl\u00e9mentaire n&rsquo;est n\u00e9cessaire pour les diff\u00e9rentes t\u00e2ches de d\u00e9coupe.\n\t<\/li>\n<li>\n\t\tDes fixations sont disponibles en option pour couper les bouteilles non rondes.\n\t<\/li>\n<\/ol>\n<\/div>\n","protected":false},"excerpt":{"rendered":"<h3>Machine \u00e0 couper les bouteilles en plastique<\/h3>\n","protected":false},"featured_media":115,"comment_status":"closed","ping_status":"closed","template":"","meta":[],"product_brand":[],"product_cat":[33,32,21,53],"product_tag":[],"class_list":{"0":"post-85","1":"product","2":"type-product","3":"status-publish","4":"has-post-thumbnail","6":"product_cat-bouteilles-pet-boissons-bouteilles-pet-embryons-de-bouteilles-bouchons-en-plastique","7":"product_cat-cosmetiques-medicaments-aliments-en-sac","8":"product_cat-laboratoire","9":"product_cat-poids-contenu-net","11":"first","12":"instock","13":"shipping-taxable","14":"product-type-simple"},"aioseo_notices":[],"_links":{"self":[{"href":"https:\/\/www.canneed.com\/fr\/wp-json\/wp\/v2\/product\/85","targetHints":{"allow":["GET"]}}],"collection":[{"href":"https:\/\/www.canneed.com\/fr\/wp-json\/wp\/v2\/product"}],"about":[{"href":"https:\/\/www.canneed.com\/fr\/wp-json\/wp\/v2\/types\/product"}],"replies":[{"embeddable":true,"href":"https:\/\/www.canneed.com\/fr\/wp-json\/wp\/v2\/comments?post=85"}],"wp:featuredmedia":[{"embeddable":true,"href":"https:\/\/www.canneed.com\/fr\/wp-json\/wp\/v2\/media\/115"}],"wp:attachment":[{"href":"https:\/\/www.canneed.com\/fr\/wp-json\/wp\/v2\/media?parent=85"}],"wp:term":[{"taxonomy":"product_brand","embeddable":true,"href":"https:\/\/www.canneed.com\/fr\/wp-json\/wp\/v2\/product_brand?post=85"},{"taxonomy":"product_cat","embeddable":true,"href":"https:\/\/www.canneed.com\/fr\/wp-json\/wp\/v2\/product_cat?post=85"},{"taxonomy":"product_tag","embeddable":true,"href":"https:\/\/www.canneed.com\/fr\/wp-json\/wp\/v2\/product_tag?post=85"}],"curies":[{"name":"wp","href":"https:\/\/api.w.org\/{rel}","templated":true}]}}