{"id":84,"date":"2025-05-13T15:57:28","date_gmt":"2025-05-13T07:57:28","guid":{"rendered":"http:\/\/www.canneed.com\/fr\/?post_type=product&#038;p=84"},"modified":"2025-05-13T15:57:32","modified_gmt":"2025-05-13T07:57:32","slug":"canneed-can-7001-7002","status":"publish","type":"product","link":"https:\/\/www.canneed.com\/fr\/product\/canneed-can-7001-7002\/","title":{"rendered":"CanNeed-CAN-7001\/7002"},"content":{"rendered":"<p>&nbsp;<\/p>\n<h3>Application<\/h3>\n<div class='prodocut_content'>Le testeur de CO2 et de pression CanNeed-CAN-7001, CAN-7002 est destin\u00e9 \u00e0 mesurer la teneur en CO2 des boissons gazeuses conditionn\u00e9es dans des bouteilles ou des canettes en verre ou en PET. Il est con\u00e7u conform\u00e9ment \u00e0 la th\u00e9orie ASBC de l&rsquo;American Society of Brewing Chemists, correspondant \u00e0 \u00ab GB\/T 4928 &#8211; 2001 Brewing Analysis Methods \u00bb et \u00ab GB\/T 10792 &#8211; 1995 Carbonated Beverage Analysis Methods \u00bb. Par cons\u00e9quent, cette machine est largement utilis\u00e9e par les bureaux de contr\u00f4le de la qualit\u00e9 et de la supervision technique et par les entreprises de boissons.&nbsp;<br \/>\nElle peut \u00eatre utilis\u00e9e pour des bouteilles ou des canettes de diff\u00e9rentes tailles. Une fois l&rsquo;\u00e9chantillon perc\u00e9, la pression est lue sur le manom\u00e8tre d\u00e8s que la pression d&rsquo;\u00e9quilibre est atteinte. La teneur en CO2 est d\u00e9termin\u00e9e \u00e0 l&rsquo;aide de la r\u00e8gle \u00e0 calcul du CO2 ou des diagrammes de relation temp\u00e9rature\/pression.<\/div>\n<p>&nbsp;<\/p>\n<h3>Les avantages<\/h3>\n<div class='prodocut_content'>Au lieu du mode de per\u00e7age par pression et consommation d&rsquo;\u00e9nergie, la machine adopte un mode de per\u00e7age par levage, ce qui rend l&rsquo;op\u00e9ration plus pratique et permet d&rsquo;\u00e9conomiser de l&rsquo;\u00e9nergie.<\/p>\n<p>La machine est simple dans sa structure et pratique dans son application. \u00c9quip\u00e9e d&rsquo;un manom\u00e8tre de haute pr\u00e9cision et d&rsquo;un thermom\u00e8tre standard, elle peut garantir la pr\u00e9cision et la fiabilit\u00e9 des r\u00e9sultats.<\/p>\n<p>Si elle est utilis\u00e9e avec le compteur d&rsquo;air IAM-30, elle peut tester la teneur en CO2 ainsi que la teneur en air.<\/div>\n","protected":false},"excerpt":{"rendered":"<h3>Testeur de CO2 et testeur de pression<\/h3>\n","protected":false},"featured_media":114,"comment_status":"closed","ping_status":"closed","template":"","meta":[],"product_brand":[],"product_cat":[17,26,33,28,21],"product_tag":[],"class_list":{"0":"post-84","1":"product","2":"type-product","3":"status-publish","4":"has-post-thumbnail","6":"product_cat-biere-en-conserve-boisson-en-conserve-en-conserve","7":"product_cat-bouteilles-en-verre-bouteilles-de-biere-vin-whisky","8":"product_cat-bouteilles-pet-boissons-bouteilles-pet-embryons-de-bouteilles-bouchons-en-plastique","9":"product_cat-gaz-carbonique","10":"product_cat-laboratoire","12":"first","13":"instock","14":"shipping-taxable","15":"product-type-simple"},"aioseo_notices":[],"_links":{"self":[{"href":"https:\/\/www.canneed.com\/fr\/wp-json\/wp\/v2\/product\/84","targetHints":{"allow":["GET"]}}],"collection":[{"href":"https:\/\/www.canneed.com\/fr\/wp-json\/wp\/v2\/product"}],"about":[{"href":"https:\/\/www.canneed.com\/fr\/wp-json\/wp\/v2\/types\/product"}],"replies":[{"embeddable":true,"href":"https:\/\/www.canneed.com\/fr\/wp-json\/wp\/v2\/comments?post=84"}],"wp:featuredmedia":[{"embeddable":true,"href":"https:\/\/www.canneed.com\/fr\/wp-json\/wp\/v2\/media\/114"}],"wp:attachment":[{"href":"https:\/\/www.canneed.com\/fr\/wp-json\/wp\/v2\/media?parent=84"}],"wp:term":[{"taxonomy":"product_brand","embeddable":true,"href":"https:\/\/www.canneed.com\/fr\/wp-json\/wp\/v2\/product_brand?post=84"},{"taxonomy":"product_cat","embeddable":true,"href":"https:\/\/www.canneed.com\/fr\/wp-json\/wp\/v2\/product_cat?post=84"},{"taxonomy":"product_tag","embeddable":true,"href":"https:\/\/www.canneed.com\/fr\/wp-json\/wp\/v2\/product_tag?post=84"}],"curies":[{"name":"wp","href":"https:\/\/api.w.org\/{rel}","templated":true}]}}