{"id":590,"date":"2025-05-13T15:59:14","date_gmt":"2025-05-13T07:59:14","guid":{"rendered":"http:\/\/www.canneed.com\/fr\/?post_type=product&#038;p=590"},"modified":"2025-05-13T15:59:19","modified_gmt":"2025-05-13T07:59:19","slug":"canneed-octg-2000","status":"publish","type":"product","link":"https:\/\/www.canneed.com\/fr\/product\/canneed-octg-2000\/","title":{"rendered":"CanNeed-OCTG-2000"},"content":{"rendered":"<p>&nbsp;<\/p>\n<h3>Application<\/h3>\n<div class='prodocut_content'>La jauge d&rsquo;\u00e9paisseur de rev\u00eatement CanNeed-OCTG-2000 est utilis\u00e9e pour mesurer l&rsquo;\u00e9paisseur du rev\u00eatement en temps r\u00e9el, gagner du temps et am\u00e9liorer la qualit\u00e9 du produit. La technologie de mesure optique sans contact est appliqu\u00e9e au d\u00e9veloppement de produits, au contr\u00f4le qualit\u00e9 en laboratoire et au contr\u00f4le de la production en ligne. Dans l&rsquo;industrie de l&rsquo;\u00e9nergie solaire, l&rsquo;industrie des rev\u00eatements optiques, l&#8217;emballage alimentaire, ainsi que l&#8217;emballage m\u00e9tallique, ce sont de tr\u00e8s bons choix pour am\u00e9liorer la qualit\u00e9 de la surface des produits : apparence, adh\u00e9rence, r\u00e9sistance \u00e0 la corrosion, r\u00e9sistance \u00e0 l&rsquo;abrasion, r\u00e9sistance aux rayures.<\/div>\n<p>&nbsp;<\/p>\n<h3>Les avantages<\/h3>\n<div class='prodocut_content'>\n<ol>\n<li>\n\t\tTaux de d\u00e9t\u00e9rioration plus faible et moins de pertes : les effets n\u00e9fastes du produit sont d\u00e9tect\u00e9s rapidement et la production de produits ind\u00e9sirables est r\u00e9duite\u3002\n\t<\/li>\n<li>\n\t\tEfficacit\u00e9 accrue : la technologie de mesure optique am\u00e9liore l&rsquo;efficacit\u00e9 de la production.\n\t<\/li>\n<li>\n\t\t\u00c9conomiser de la peinture pour la production : haute pr\u00e9cision jusqu&rsquo;\u00e0 0,001 um, peut fournir un contr\u00f4le pr\u00e9cis pour la production afin d&rsquo;\u00e9conomiser de la peinture.\n\t<\/li>\n<li>\n\t\tMeilleure qualit\u00e9 du film de rev\u00eatement:des r\u00e9sultats de mesure pr\u00e9cis signifient que l&rsquo;\u00e9quipement de pulv\u00e9risation peut \u00eatre ajust\u00e9 aux meilleures conditions et obtenir une meilleure qualit\u00e9 de pulv\u00e9risation pour vous faire sentir plus confiant dans vos produits.\n\t<\/li>\n<\/ol>\n<\/div>\n","protected":false},"excerpt":{"rendered":"<h3>Jauge d&rsquo;\u00e9paisseur de rev\u00eatement<\/h3>\n","protected":false},"featured_media":605,"comment_status":"closed","ping_status":"closed","template":"","meta":[],"product_brand":[],"product_cat":[17,22,23,31,55,29],"product_tag":[],"class_list":{"0":"post-590","1":"product","2":"type-product","3":"status-publish","4":"has-post-thumbnail","6":"product_cat-biere-en-conserve-boisson-en-conserve-en-conserve","7":"product_cat-canette-aerosol-en-trois-parties-revetement","8":"product_cat-canette-bouteille-en-aluminium-en-deux-parties","9":"product_cat-capuchon-metallique-capuchon-couronne-capuchon-a-languette-capuchon-a-vis-capuchon-a-ouverture-a-griffe","10":"product_cat-epaisseur","11":"product_cat-film-de-peinture-peinture-revetement","13":"first","14":"instock","15":"shipping-taxable","16":"product-type-simple"},"aioseo_notices":[],"_links":{"self":[{"href":"https:\/\/www.canneed.com\/fr\/wp-json\/wp\/v2\/product\/590","targetHints":{"allow":["GET"]}}],"collection":[{"href":"https:\/\/www.canneed.com\/fr\/wp-json\/wp\/v2\/product"}],"about":[{"href":"https:\/\/www.canneed.com\/fr\/wp-json\/wp\/v2\/types\/product"}],"replies":[{"embeddable":true,"href":"https:\/\/www.canneed.com\/fr\/wp-json\/wp\/v2\/comments?post=590"}],"wp:featuredmedia":[{"embeddable":true,"href":"https:\/\/www.canneed.com\/fr\/wp-json\/wp\/v2\/media\/605"}],"wp:attachment":[{"href":"https:\/\/www.canneed.com\/fr\/wp-json\/wp\/v2\/media?parent=590"}],"wp:term":[{"taxonomy":"product_brand","embeddable":true,"href":"https:\/\/www.canneed.com\/fr\/wp-json\/wp\/v2\/product_brand?post=590"},{"taxonomy":"product_cat","embeddable":true,"href":"https:\/\/www.canneed.com\/fr\/wp-json\/wp\/v2\/product_cat?post=590"},{"taxonomy":"product_tag","embeddable":true,"href":"https:\/\/www.canneed.com\/fr\/wp-json\/wp\/v2\/product_tag?post=590"}],"curies":[{"name":"wp","href":"https:\/\/api.w.org\/{rel}","templated":true}]}}