{"id":589,"date":"2025-05-13T15:59:14","date_gmt":"2025-05-13T07:59:14","guid":{"rendered":"http:\/\/www.canneed.com\/fr\/?post_type=product&#038;p=589"},"modified":"2025-05-13T15:59:19","modified_gmt":"2025-05-13T07:59:19","slug":"canneed-sct-210","status":"publish","type":"product","link":"https:\/\/www.canneed.com\/fr\/product\/canneed-sct-210\/","title":{"rendered":"CanNeed-SCT-210"},"content":{"rendered":"<p>&nbsp;<\/p>\n<h3>Application<\/h3>\n<div class='prodocut_content'>Le testeur num\u00e9rique de contraintes PET CanNeed-SCT-210 de CanNeed Jia Yi Instruments est un instrument sp\u00e9cialis\u00e9 pour tester la r\u00e9sistance aux contraintes des fonds de bouteilles carbonat\u00e9es en PET. Il simule les r\u00e9sidus de lessive sur la ligne de transport apr\u00e8s le nettoyage de la ligne de production afin de tester l&rsquo;effet de la lessive sur les fonds de bouteilles en PET. Con\u00e7u avec 26 stations, chaque station a un test de pression correspondant pour observer la rupture des fonds de bouteilles PET dans une p\u00e9riode de temps d\u00e9finie.<br \/>\nM\u00e9thode de mesure : test de pression constante, simulation de la pression \u00e0 l&rsquo;int\u00e9rieur de la bouteille contenant du gaz, utilisation d&rsquo;air comprim\u00e9 pour stabiliser la pression \u00e0 l&rsquo;int\u00e9rieur du PET \u00e0 la pression d\u00e9finie, immersion du fond de la bouteille dans la lessive, observation de l&rsquo;effet nocif de la lessive sur le fond de la bouteille.<br \/>\nM\u00e9thode de mesure : mesurer la valeur de la pression de l&rsquo;air, juger s&rsquo;il y a rupture ou non par la chute de la pression de l&rsquo;air, retirer l&rsquo;\u00e9chantillon apr\u00e8s le test pour observer \u00e0 l&rsquo;\u0153il nu le degr\u00e9 de d\u00e9t\u00e9rioration de l&rsquo;\u00e9chantillon.<\/p>\n<p>Caract\u00e9ristiques principales :<br \/>\n1. le capteur de chaque station est ind\u00e9pendant, et n&rsquo;importe quelle station peut \u00eatre s\u00e9lectionn\u00e9e pour le test. Haute pr\u00e9cision du capteur.<br \/>\n2. chambre d&rsquo;essai de lessive ind\u00e9pendante, toute rupture de bouteille apr\u00e8s la fuite de la solution n&rsquo;affectera pas les autres stations. Les tests traditionnels sont effectu\u00e9s avec une lessive commune, une des fuites affectera la concentration de la solution de test, ce qui entra\u00eenera des tests inexacts.<br \/>\n3) Chaque station dispose d&rsquo;une valve d&rsquo;entr\u00e9e d&rsquo;air ind\u00e9pendante, toute fuite d&rsquo;\u00e9chantillon peut rapidement fermer la valve d&rsquo;entr\u00e9e d&rsquo;air correspondante, sans affecter les autres stations.<br \/>\n4) Raccord rapide de type C, installation et remplacement rapides. \u00c9vitez de faire tourner le tube d&rsquo;air de plusieurs tours lorsque vous serrez le capuchon, ce qui faciliterait les fuites d&rsquo;air.<br \/>\n5) Avec un connecteur de marquage, il est possible de trouver rapidement les \u00e9chantillons anormaux.<br \/>\n6. mesure pr\u00e9cise, sauvegarde automatique des r\u00e9sultats de mesure en arri\u00e8re-plan<br \/>\n7. r\u00e9gulateur \u00e0 double entr\u00e9e pour assurer une pression secondaire stable et un gaz propre et sec.<\/div>\n<p>&nbsp;<\/p>\n<h3>Les avantages<\/h3>\n<div class='prodocut_content'>1. chambre d&rsquo;essai ind\u00e9pendante, toute rupture de bouteille ou fuite de solution n&rsquo;affectera pas les autres stations.<br \/>\n2. Corps de vanne de test ind\u00e9pendant, peut contr\u00f4ler le commutateur d&rsquo;entr\u00e9e d&rsquo;air de n&rsquo;importe quelle station, peut s\u00e9lectionner le nombre de stations de mesure.<br \/>\n3. grand \u00e9cran, facilitant l&rsquo;observation de la situation de test de plusieurs stations.<br \/>\n4. raccord rapide de type C, installation et remplacement rapides, facile \u00e0 serrer.<br \/>\n5) Fonction de remplissage automatique de la lessive, remplissage r\u00e9gulier, r\u00e9duction de la fr\u00e9quence de contact des mains avec la lessive.<br \/>\n6) Fen\u00eatre de protection, vous pouvez observer en toute s\u00e9curit\u00e9 la situation \u00e0 l&rsquo;int\u00e9rieur de la machine en temps r\u00e9el.<br \/>\n7) D\u00e9charge de liquide motoris\u00e9e, d\u00e9charge de liquide \u00e0 haute efficacit\u00e9, moins de r\u00e9sidus, recyclage pratique.<br \/>\n8. connecteur d&rsquo;\u00e9talonnage externe, peut facilement \u00e9talonner la source de gaz totale.<br \/>\n9. d\u00e9tection de l&rsquo;\u00e9tat de la porte, ouverture de la porte pendant le test pour \u00e9vacuer rapidement l&rsquo;air.<br \/>\n10. d\u00e9tection des fuites d&rsquo;air pendant le pr\u00e9-gonflage, \u00e9vitant toute erreur d&rsquo;appr\u00e9ciation des r\u00e9sultats due \u00e0 des bouchons non scell\u00e9s.<br \/>\n11. grand \u00e9cran PLC, facilitant l&rsquo;observation de la situation des tests de plusieurs stations. Communication par port s\u00e9rie RS232, protocole de communication et fonction d&rsquo;analyse des donn\u00e9es.<\/div>\n","protected":false},"excerpt":{"rendered":"<h3><\/h3>\n","protected":false},"featured_media":602,"comment_status":"closed","ping_status":"closed","template":"","meta":[],"product_brand":[],"product_cat":[33,21,85],"product_tag":[],"class_list":{"0":"post-589","1":"product","2":"type-product","3":"status-publish","4":"has-post-thumbnail","6":"product_cat-bouteilles-pet-boissons-bouteilles-pet-embryons-de-bouteilles-bouchons-en-plastique","7":"product_cat-laboratoire","8":"product_cat-stresser","10":"first","11":"instock","12":"shipping-taxable","13":"product-type-simple"},"aioseo_notices":[],"_links":{"self":[{"href":"https:\/\/www.canneed.com\/fr\/wp-json\/wp\/v2\/product\/589","targetHints":{"allow":["GET"]}}],"collection":[{"href":"https:\/\/www.canneed.com\/fr\/wp-json\/wp\/v2\/product"}],"about":[{"href":"https:\/\/www.canneed.com\/fr\/wp-json\/wp\/v2\/types\/product"}],"replies":[{"embeddable":true,"href":"https:\/\/www.canneed.com\/fr\/wp-json\/wp\/v2\/comments?post=589"}],"wp:featuredmedia":[{"embeddable":true,"href":"https:\/\/www.canneed.com\/fr\/wp-json\/wp\/v2\/media\/602"}],"wp:attachment":[{"href":"https:\/\/www.canneed.com\/fr\/wp-json\/wp\/v2\/media?parent=589"}],"wp:term":[{"taxonomy":"product_brand","embeddable":true,"href":"https:\/\/www.canneed.com\/fr\/wp-json\/wp\/v2\/product_brand?post=589"},{"taxonomy":"product_cat","embeddable":true,"href":"https:\/\/www.canneed.com\/fr\/wp-json\/wp\/v2\/product_cat?post=589"},{"taxonomy":"product_tag","embeddable":true,"href":"https:\/\/www.canneed.com\/fr\/wp-json\/wp\/v2\/product_tag?post=589"}],"curies":[{"name":"wp","href":"https:\/\/api.w.org\/{rel}","templated":true}]}}