{"id":588,"date":"2025-05-13T15:59:14","date_gmt":"2025-05-13T07:59:14","guid":{"rendered":"http:\/\/www.canneed.com\/fr\/?post_type=product&#038;p=588"},"modified":"2025-05-13T15:59:18","modified_gmt":"2025-05-13T07:59:18","slug":"canneed-sct-200","status":"publish","type":"product","link":"https:\/\/www.canneed.com\/fr\/product\/canneed-sct-200\/","title":{"rendered":"CanNeed-SCT-200"},"content":{"rendered":"<p>&nbsp;<\/p>\n<h3>Application<\/h3>\n<div class='prodocut_content'>&nbsp;Le testeur num\u00e9rique de contraintes PET CanNeed-SCT-200 de CanNeed Jiayi Instruments est un instrument sp\u00e9cialis\u00e9 pour tester la r\u00e9sistance aux contraintes des fonds de bouteilles carbonat\u00e9es en PET. Il simule les r\u00e9sidus de lessive sur la ligne de transport apr\u00e8s le nettoyage de la ligne de production afin de tester l&rsquo;effet de la lessive sur les fonds de bouteilles en PET. Con\u00e7u avec 26 stations, chaque station a un test de pression correspondant pour observer la rupture des fonds de bouteilles PET dans une p\u00e9riode de temps d\u00e9finie.<br \/>\nM\u00e9thode de mesure : test de pression constante, simulation de la pression \u00e0 l&rsquo;int\u00e9rieur de la bouteille contenant du gaz, utilisation d&rsquo;air comprim\u00e9 pour stabiliser la pression \u00e0 l&rsquo;int\u00e9rieur du PET \u00e0 la pression d\u00e9finie, immersion du fond de la bouteille dans la lessive, observation de l&rsquo;effet nocif de la lessive sur le fond de la bouteille.<br \/>\nM\u00e9thode de mesure : mesurer la valeur de la pression de l&rsquo;air, juger s&rsquo;il y a rupture ou non en fonction de la chute de la pression de l&rsquo;air, retirer l&rsquo;\u00e9chantillon apr\u00e8s le test et observer \u00e0 l&rsquo;\u0153il nu le degr\u00e9 de d\u00e9t\u00e9rioration de l&rsquo;\u00e9chantillon.<\/div>\n<p>&nbsp;<\/p>\n<h3>Les avantages<\/h3>\n<div class='prodocut_content'>1.26 stations, retrait manuel apr\u00e8s test. La vitesse peut \u00eatre r\u00e9gl\u00e9e en fonction de la demande.<br \/>\n2) Avec un connecteur d&rsquo;\u00e9talonnage sp\u00e9cial et une table d&rsquo;\u00e9talonnage, il peut \u00eatre connect\u00e9 \u00e0 n&rsquo;importe quelle station pour l&rsquo;\u00e9talonnage.<br \/>\n3) \u00c9quip\u00e9 de capteurs de haute pr\u00e9cision, le capteur de chaque station est ind\u00e9pendant, vous pouvez s\u00e9lectionner n&rsquo;importe quelle station \u00e0 tester.<br \/>\n4. chambre d&rsquo;essai de lessive ind\u00e9pendante, toute rupture de bouteille apr\u00e8s la fuite de la solution n&rsquo;affectera pas les autres stations. Ceci est diff\u00e9rent du test traditionnel pour la lessive communale, l&rsquo;une des fuites affectera la concentration de la solution de test, ce qui entra\u00eenera un test inexact.<br \/>\n5. connecteur rapide de type C, installation et remplacement rapides. \u00c9vitez de serrer le capuchon lorsque le tube \u00e0 gaz tourne de nombreux tours, ce qui faciliterait les fuites.<br \/>\n6) Avec le connecteur de marquage, vous pouvez rapidement trouver l&rsquo;\u00e9chantillon de test anormal.<br \/>\n7) Chambre de test ind\u00e9pendante, la solution qui s&rsquo;\u00e9chappe apr\u00e8s la rupture d&rsquo;une bouteille n&rsquo;affecte pas les autres stations.<br \/>\n8) Corps de vanne de test ind\u00e9pendant, peut contr\u00f4ler le commutateur d&rsquo;entr\u00e9e d&rsquo;air de n&rsquo;importe quelle station, peut s\u00e9lectionner le nombre de stations de mesure.<br \/>\n9) Grand \u00e9cran, facilitant l&rsquo;observation de la situation de test de plusieurs stations, prise en charge du stockage de donn\u00e9es multiples, communication s\u00e9rie RS232.<\/div>\n","protected":false},"excerpt":{"rendered":"<h3>Testeur de fissures sous contrainte pour bouteilles PET<\/h3>\n","protected":false},"featured_media":598,"comment_status":"closed","ping_status":"closed","template":"","meta":[],"product_brand":[],"product_cat":[33,21,85],"product_tag":[],"class_list":{"0":"post-588","1":"product","2":"type-product","3":"status-publish","4":"has-post-thumbnail","6":"product_cat-bouteilles-pet-boissons-bouteilles-pet-embryons-de-bouteilles-bouchons-en-plastique","7":"product_cat-laboratoire","8":"product_cat-stresser","10":"first","11":"instock","12":"shipping-taxable","13":"product-type-simple"},"aioseo_notices":[],"_links":{"self":[{"href":"https:\/\/www.canneed.com\/fr\/wp-json\/wp\/v2\/product\/588","targetHints":{"allow":["GET"]}}],"collection":[{"href":"https:\/\/www.canneed.com\/fr\/wp-json\/wp\/v2\/product"}],"about":[{"href":"https:\/\/www.canneed.com\/fr\/wp-json\/wp\/v2\/types\/product"}],"replies":[{"embeddable":true,"href":"https:\/\/www.canneed.com\/fr\/wp-json\/wp\/v2\/comments?post=588"}],"wp:featuredmedia":[{"embeddable":true,"href":"https:\/\/www.canneed.com\/fr\/wp-json\/wp\/v2\/media\/598"}],"wp:attachment":[{"href":"https:\/\/www.canneed.com\/fr\/wp-json\/wp\/v2\/media?parent=588"}],"wp:term":[{"taxonomy":"product_brand","embeddable":true,"href":"https:\/\/www.canneed.com\/fr\/wp-json\/wp\/v2\/product_brand?post=588"},{"taxonomy":"product_cat","embeddable":true,"href":"https:\/\/www.canneed.com\/fr\/wp-json\/wp\/v2\/product_cat?post=588"},{"taxonomy":"product_tag","embeddable":true,"href":"https:\/\/www.canneed.com\/fr\/wp-json\/wp\/v2\/product_tag?post=588"}],"curies":[{"name":"wp","href":"https:\/\/api.w.org\/{rel}","templated":true}]}}