{"id":585,"date":"2025-05-13T15:59:13","date_gmt":"2025-05-13T07:59:13","guid":{"rendered":"http:\/\/www.canneed.com\/fr\/?post_type=product&#038;p=585"},"modified":"2025-05-13T15:59:14","modified_gmt":"2025-05-13T07:59:14","slug":"canneed-cmt-400","status":"publish","type":"product","link":"https:\/\/www.canneed.com\/fr\/product\/canneed-cmt-400\/","title":{"rendered":"CanNeed-CMT-400"},"content":{"rendered":"<p>&nbsp;<\/p>\n<h3>Application<\/h3>\n<div class='prodocut_content'>Le CanNeed-CMT-400 est un testeur de mobilit\u00e9 et de lubricit\u00e9 pour les bo\u00eetes de conserve. Il permet de mesurer le coefficient de friction de glissement du corps et du fond de la bo\u00eete. Il peut \u00e9galement mesurer le coefficient de frottement des \u00e9bauches.&nbsp;<\/div>\n<p>&nbsp;<\/p>\n<h3>Les avantages<\/h3>\n<div class='prodocut_content'>1) Conception ind\u00e9pendante de l&rsquo;entrep\u00f4t \u00e9lectrique et m\u00e9canique pour faciliter l&rsquo;inspection et la maintenance.<br \/>\n2) Le bo\u00eetier de commande est fabriqu\u00e9 en acier inoxydable 316, avec un grand \u00e9cran d&rsquo;affichage des op\u00e9rations, une grande police de caract\u00e8res et un bouton m\u00e9tallique, solide et durable.<br \/>\n3) Capture automatique des valeurs minimales, maximales, moyennes et en temps r\u00e9el.<br \/>\n4) Le dispositif d&rsquo;essai peut \u00eatre remplac\u00e9 rapidement.<br \/>\n5) Les mesures sont effectu\u00e9es \u00e0 l&rsquo;aide d&rsquo;un moteur pas \u00e0 pas, la vitesse de test est stable et fiable.<br \/>\n6) Le dispositif d&rsquo;essai est \u00e9quip\u00e9 d&rsquo;un dispositif d&rsquo;observation horizontal pour ajuster l&rsquo;horizon, ce qui rend les mesures plus pr\u00e9cises.<\/div>\n","protected":false},"excerpt":{"rendered":"<h3>Testeur de mobilit\u00e9 \/ lubricit\u00e9 pour bo\u00eetes de conserve (num\u00e9rique)<\/h3>\n","protected":false},"featured_media":591,"comment_status":"closed","ping_status":"closed","template":"","meta":[],"product_brand":[],"product_cat":[17,22,23,31,29,21],"product_tag":[],"class_list":{"0":"post-585","1":"product","2":"type-product","3":"status-publish","4":"has-post-thumbnail","6":"product_cat-biere-en-conserve-boisson-en-conserve-en-conserve","7":"product_cat-canette-aerosol-en-trois-parties-revetement","8":"product_cat-canette-bouteille-en-aluminium-en-deux-parties","9":"product_cat-capuchon-metallique-capuchon-couronne-capuchon-a-languette-capuchon-a-vis-capuchon-a-ouverture-a-griffe","10":"product_cat-film-de-peinture-peinture-revetement","11":"product_cat-laboratoire","13":"first","14":"instock","15":"shipping-taxable","16":"product-type-simple"},"aioseo_notices":[],"_links":{"self":[{"href":"https:\/\/www.canneed.com\/fr\/wp-json\/wp\/v2\/product\/585","targetHints":{"allow":["GET"]}}],"collection":[{"href":"https:\/\/www.canneed.com\/fr\/wp-json\/wp\/v2\/product"}],"about":[{"href":"https:\/\/www.canneed.com\/fr\/wp-json\/wp\/v2\/types\/product"}],"replies":[{"embeddable":true,"href":"https:\/\/www.canneed.com\/fr\/wp-json\/wp\/v2\/comments?post=585"}],"wp:featuredmedia":[{"embeddable":true,"href":"https:\/\/www.canneed.com\/fr\/wp-json\/wp\/v2\/media\/591"}],"wp:attachment":[{"href":"https:\/\/www.canneed.com\/fr\/wp-json\/wp\/v2\/media?parent=585"}],"wp:term":[{"taxonomy":"product_brand","embeddable":true,"href":"https:\/\/www.canneed.com\/fr\/wp-json\/wp\/v2\/product_brand?post=585"},{"taxonomy":"product_cat","embeddable":true,"href":"https:\/\/www.canneed.com\/fr\/wp-json\/wp\/v2\/product_cat?post=585"},{"taxonomy":"product_tag","embeddable":true,"href":"https:\/\/www.canneed.com\/fr\/wp-json\/wp\/v2\/product_tag?post=585"}],"curies":[{"name":"wp","href":"https:\/\/api.w.org\/{rel}","templated":true}]}}