{"id":534,"date":"2025-05-13T15:58:55","date_gmt":"2025-05-13T07:58:55","guid":{"rendered":"http:\/\/www.canneed.com\/fr\/?post_type=product&#038;p=534"},"modified":"2025-05-13T15:59:12","modified_gmt":"2025-05-13T07:59:12","slug":"canneed-cbt-500","status":"publish","type":"product","link":"https:\/\/www.canneed.com\/fr\/product\/canneed-cbt-500\/","title":{"rendered":"CanNeed-CBT-500"},"content":{"rendered":"<p>&nbsp;<\/p>\n<h3>Application<\/h3>\n<div class='prodocut_content'>CanNeed-CBT-500 Buckle Tester for Can Bottom d\u00e9termine la pression exacte \u00e0 laquelle le fond de la bo\u00eete commence \u00e0 se d\u00e9former ou le d\u00f4me s&rsquo;inverse. Il s&rsquo;agit d&rsquo;un appareil \u00e0 double station, capable de tester \u00e0 la fois les bo\u00eetes coup\u00e9es et les bo\u00eetes \u00e0 collet sans avoir \u00e0 remplacer les pinces. Il convient aux bo\u00eetes ayant des bouchons, des diam\u00e8tres de corps et des hauteurs diff\u00e9rents.&nbsp;<\/div>\n<p>&nbsp;<\/p>\n<h3>Les avantages<\/h3>\n<div class='prodocut_content'>1) Double station et convient aux bo\u00eetes avec diff\u00e9rents bouchons, diam\u00e8tres de corps et hauteurs. Il est possible de changer rapidement les bo\u00eetes, sans avoir \u00e0 changer de pi\u00e8ces ;<br \/>\n2) Le corps de la bo\u00eete est scell\u00e9 par une colonne en caoutchouc. Il est possible de tester \u00e0 la fois les bo\u00eetes coup\u00e9es et les bo\u00eetes encastr\u00e9es sans remplacer le collier de serrage ;&nbsp;<br \/>\n3) Il est tr\u00e8s facile de placer et de retirer les \u00e9chantillons sans avoir \u00e0 les presser ou \u00e0 les tirer ;<br \/>\n4)Avec la fonction de mesure de la croissance du d\u00f4me, le mode de test de maintien de la pression en 10 \u00e9tapes peut \u00eatre r\u00e9gl\u00e9 pour surveiller la croissance du d\u00f4me ;<br \/>\n5) La vitesse de pression est r\u00e9glable et la courbe de pression peut \u00eatre d\u00e9finie ;<br \/>\n6) Excellente r\u00e9solution et r\u00e9p\u00e9tabilit\u00e9 (R&#038;R) ;<br \/>\n7) Syst\u00e8me de contr\u00f4le PLC \u00e0 \u00e9cran tactile, les donn\u00e9es sont collect\u00e9es automatiquement ;<br \/>\n8) Le r\u00e9sultat de la mesure peut \u00eatre transf\u00e9r\u00e9 automatiquement par RS232, les donn\u00e9es peuvent \u00eatre envoy\u00e9es au SPC ;<br \/>\n9) Configur\u00e9 avec une valeur d&rsquo;amplification pneumatique \u00e0 l&rsquo;int\u00e9rieur, capable d&rsquo;augmenter l&rsquo;alimentation en air de 1 \u00e0 2 fois ;<br \/>\n10) Interface d&rsquo;\u00e9talonnage, facile \u00e0 \u00e9talonner ;<br \/>\n11) Calcul automatique de la valeur de mesure maximale et minimale et de la moyenne apr\u00e8s plusieurs tests et possibilit\u00e9 d&rsquo;examiner un seul r\u00e9sultat ;<br \/>\n12) Protection m\u00e9canique contre les surcharges ;<br \/>\n13) Structure m\u00e9canique compl\u00e8te, \u00e9quip\u00e9e d&rsquo;une serrure de porte de s\u00e9curit\u00e9, la porte de protection ne peut pas \u00eatre ouverte pendant le test, afin d&rsquo;\u00e9viter les blessures caus\u00e9es par des erreurs op\u00e9rationnelles ;<br \/>\n14) Simplicit\u00e9 d&rsquo;utilisation et d&rsquo;entretien.<\/div>\n","protected":false},"excerpt":{"rendered":"<h3>Testeur de boucles pour fond de bo\u00eete (avec fonction de mesure de la croissance du d\u00f4me)<\/h3>\n","protected":false},"featured_media":582,"comment_status":"closed","ping_status":"closed","template":"","meta":[],"product_brand":[],"product_cat":[17,23,21,57],"product_tag":[],"class_list":{"0":"post-534","1":"product","2":"type-product","3":"status-publish","4":"has-post-thumbnail","6":"product_cat-biere-en-conserve-boisson-en-conserve-en-conserve","7":"product_cat-canette-bouteille-en-aluminium-en-deux-parties","8":"product_cat-laboratoire","9":"product_cat-pression-resistance-a-la-pression","11":"first","12":"instock","13":"shipping-taxable","14":"product-type-simple"},"aioseo_notices":[],"_links":{"self":[{"href":"https:\/\/www.canneed.com\/fr\/wp-json\/wp\/v2\/product\/534","targetHints":{"allow":["GET"]}}],"collection":[{"href":"https:\/\/www.canneed.com\/fr\/wp-json\/wp\/v2\/product"}],"about":[{"href":"https:\/\/www.canneed.com\/fr\/wp-json\/wp\/v2\/types\/product"}],"replies":[{"embeddable":true,"href":"https:\/\/www.canneed.com\/fr\/wp-json\/wp\/v2\/comments?post=534"}],"wp:featuredmedia":[{"embeddable":true,"href":"https:\/\/www.canneed.com\/fr\/wp-json\/wp\/v2\/media\/582"}],"wp:attachment":[{"href":"https:\/\/www.canneed.com\/fr\/wp-json\/wp\/v2\/media?parent=534"}],"wp:term":[{"taxonomy":"product_brand","embeddable":true,"href":"https:\/\/www.canneed.com\/fr\/wp-json\/wp\/v2\/product_brand?post=534"},{"taxonomy":"product_cat","embeddable":true,"href":"https:\/\/www.canneed.com\/fr\/wp-json\/wp\/v2\/product_cat?post=534"},{"taxonomy":"product_tag","embeddable":true,"href":"https:\/\/www.canneed.com\/fr\/wp-json\/wp\/v2\/product_tag?post=534"}],"curies":[{"name":"wp","href":"https:\/\/api.w.org\/{rel}","templated":true}]}}