{"id":531,"date":"2025-05-13T15:58:55","date_gmt":"2025-05-13T07:58:55","guid":{"rendered":"http:\/\/www.canneed.com\/fr\/?post_type=product&#038;p=531"},"modified":"2025-05-13T15:59:11","modified_gmt":"2025-05-13T07:59:11","slug":"canneed-acbt-1100","status":"publish","type":"product","link":"https:\/\/www.canneed.com\/fr\/product\/canneed-acbt-1100\/","title":{"rendered":"CanNeed-ACBT-1100"},"content":{"rendered":"<p>&nbsp;<\/p>\n<h3>Application<\/h3>\n<div class='prodocut_content'>CanNeed-ACBT-1100 est un testeur de fond de bo\u00eete de conserve enti\u00e8rement automatique fonctionnant sans surveillance. Il permet de tester la pression maximale avant que le fond de la bo\u00eete ne commence \u00e0 se d\u00e9former, et dispose d&rsquo;une fonction de croissance du d\u00f4me. CanNeed-ACBT-1100 est un instrument standard pour l&rsquo;industrie de la fabrication de bo\u00eetes de conserve afin d&rsquo;obtenir une d\u00e9tection automatique continue et efficace.<\/p>\n<p>Le CanNeed-ACBT-1100 est \u00e9quip\u00e9 d&rsquo;un dispositif d&rsquo;\u00e9chantillonnage automatique qui achemine automatiquement la bo\u00eete vers la zone de test. Une main m\u00e9canique pivotante pousse la bo\u00eete vers la station d&rsquo;essai, qui mesure et trie automatiquement les produits non qualifi\u00e9s. Il est \u00e9galement \u00e9quip\u00e9 d&rsquo;un canal de r\u00e9tention des \u00e9chantillons de produits non qualifi\u00e9s, afin de faciliter l&rsquo;analyse des produits non qualifi\u00e9s.<\/p>\n<p>Il n&rsquo;est pas n\u00e9cessaire de changer les pinces, ce qui permet d&rsquo;utiliser \u00e0 la fois des bo\u00eetes vides \u00e0 goulot et des bo\u00eetes \u00e0 paroi droite. Il suffit de changer les pinces, ce qui permet de tester simultan\u00e9ment des bo\u00eetes de diff\u00e9rents diam\u00e8tres. Les r\u00e9sultats des tests peuvent \u00eatre enregistr\u00e9s dans une base de donn\u00e9es et transf\u00e9r\u00e9s automatiquement au syst\u00e8me SPC.<\/div>\n<p>&nbsp;<\/p>\n<h3>Les avantages<\/h3>\n<div class='prodocut_content'>1) Mesure automatique : la pression de flambage du fond de la bo\u00eete, avec la fonction de croissance du d\u00f4me.<br \/>\n2) La mesure automatique dans tous les processus permet de gagner du temps et d&rsquo;\u00e9conomiser le co\u00fbt des ressources humaines, en \u00e9vitant les erreurs personnelles.<br \/>\n3) Dispositif d&rsquo;\u00e9chantillonnage multicanal, permettant de mesurer plusieurs bo\u00eetes en m\u00eame temps.<br \/>\n4) Pas besoin de changer les pinces, applicable aux bo\u00eetes vides \u00e0 collet et aux bo\u00eetes \u00e0 paroi droite en m\u00eame temps.<br \/>\n5) Station unique, il suffit de changer les pinces pour tester diff\u00e9rents diam\u00e8tres de bo\u00eetes en m\u00eame temps.<br \/>\n6) Trois modes de mesure : Mode boucle, mode croissance du d\u00f4me, mode longueur.<br \/>\n7) Tri automatique des produits non qualifi\u00e9s, avec canal de r\u00e9tention des \u00e9chantillons de produits non qualifi\u00e9s, pour faciliter l&rsquo;analyse des produits non qualifi\u00e9s par les utilisateurs.<br \/>\n8) Adopte un capteur avanc\u00e9 et pr\u00e9cis de classe mondiale avec une pr\u00e9cision et une r\u00e9p\u00e9tabilit\u00e9 exceptionnelles.<br \/>\n9) Les utilisateurs peuvent s\u00e9lectionner diff\u00e9rentes unit\u00e9s de mesure (Psi, bar, Kpa) par le biais du logiciel.<br \/>\n10) Affichage en temps r\u00e9el des valeurs mesur\u00e9es et de la courbe.<br \/>\n11) Mesures efficaces, rapides et pr\u00e9cises, am\u00e9liorant l&rsquo;efficacit\u00e9 de l&rsquo;inspection.<br \/>\n12) S\u00fbr, durable, facile \u00e0 utiliser et \u00e0 entretenir.<br \/>\n13) Assemblage avec des composants de classe mondiale.<br \/>\n14) Assemblage avec une cam\u00e9ra HD pour un service apr\u00e8s-vente pratique via une connexion \u00e0 distance.<br \/>\n15) Conception ind\u00e9pendante de l&rsquo;entrep\u00f4t \u00e9lectrique et m\u00e9canique pour faciliter l&rsquo;inspection et la maintenance.<br \/>\n16) Les r\u00e9sultats des tests peuvent \u00eatre envoy\u00e9s au SPC.<br \/>\n17) \u00c9quip\u00e9 d&rsquo;un logiciel de gestion de base de donn\u00e9es puissant, pratique pour l&rsquo;interrogation des donn\u00e9es et les statistiques.<br \/>\n18) Il est possible d&rsquo;examiner les donn\u00e9es d&rsquo;un \u00e9chantillon individuel apr\u00e8s avoir test\u00e9 plusieurs \u00e9chantillons. Peut calculer automatiquement les valeurs de mesure maximale et minimale ainsi que la moyenne.<br \/>\n19) Les donn\u00e9es peuvent \u00eatre sauvegard\u00e9es au format Excel.<br \/>\n20) Format de rapport d\u00e9fini par l&rsquo;utilisateur, adapt\u00e9 aux styles et formats des entreprises.<\/div>\n","protected":false},"excerpt":{"rendered":"<h3>Testeur automatique de boucles de fond de bo\u00eete de conserve<\/h3>\n","protected":false},"featured_media":578,"comment_status":"closed","ping_status":"closed","template":"","meta":[],"product_brand":[],"product_cat":[23,27,57],"product_tag":[],"class_list":{"0":"post-531","1":"product","2":"type-product","3":"status-publish","4":"has-post-thumbnail","6":"product_cat-canette-bouteille-en-aluminium-en-deux-parties","7":"product_cat-ligne-de-conditionnement-en-ligne","8":"product_cat-pression-resistance-a-la-pression","10":"first","11":"instock","12":"shipping-taxable","13":"product-type-simple"},"aioseo_notices":[],"_links":{"self":[{"href":"https:\/\/www.canneed.com\/fr\/wp-json\/wp\/v2\/product\/531","targetHints":{"allow":["GET"]}}],"collection":[{"href":"https:\/\/www.canneed.com\/fr\/wp-json\/wp\/v2\/product"}],"about":[{"href":"https:\/\/www.canneed.com\/fr\/wp-json\/wp\/v2\/types\/product"}],"replies":[{"embeddable":true,"href":"https:\/\/www.canneed.com\/fr\/wp-json\/wp\/v2\/comments?post=531"}],"wp:featuredmedia":[{"embeddable":true,"href":"https:\/\/www.canneed.com\/fr\/wp-json\/wp\/v2\/media\/578"}],"wp:attachment":[{"href":"https:\/\/www.canneed.com\/fr\/wp-json\/wp\/v2\/media?parent=531"}],"wp:term":[{"taxonomy":"product_brand","embeddable":true,"href":"https:\/\/www.canneed.com\/fr\/wp-json\/wp\/v2\/product_brand?post=531"},{"taxonomy":"product_cat","embeddable":true,"href":"https:\/\/www.canneed.com\/fr\/wp-json\/wp\/v2\/product_cat?post=531"},{"taxonomy":"product_tag","embeddable":true,"href":"https:\/\/www.canneed.com\/fr\/wp-json\/wp\/v2\/product_tag?post=531"}],"curies":[{"name":"wp","href":"https:\/\/api.w.org\/{rel}","templated":true}]}}