{"id":530,"date":"2025-05-13T15:58:55","date_gmt":"2025-05-13T07:58:55","guid":{"rendered":"http:\/\/www.canneed.com\/fr\/?post_type=product&#038;p=530"},"modified":"2025-05-13T15:59:10","modified_gmt":"2025-05-13T07:59:10","slug":"canneed-abms-2000","status":"publish","type":"product","link":"https:\/\/www.canneed.com\/fr\/product\/canneed-abms-2000\/","title":{"rendered":"CanNeed-ABMS-2000"},"content":{"rendered":"<p>&nbsp;<\/p>\n<h3>Application<\/h3>\n<div class='prodocut_content'>Le syst\u00e8me de mesure automatique CanNeed-ABMS-1000 est utilis\u00e9 pour mesurer la largeur de la collerette, la hauteur de la bo\u00eete et le diam\u00e8tre interne de l&#8217;embouchure d&rsquo;une bo\u00eete de conserve 2 pi\u00e8ces sans surveillance. Il s&rsquo;agit d&rsquo;un instrument standard pour l&rsquo;industrie de la fabrication de bo\u00eetes de conserve qui permet d&rsquo;effectuer une inspection constante, efficace et automatique des bo\u00eetes.<br \/>\nLes \u00e9chantillons sont tourn\u00e9s automatiquement au d\u00e9but de la mesure. Les 3 capteurs \u00e0 commande pneumatique mesurent l&rsquo;\u00e9chantillon automatiquement. Jusqu&rsquo;\u00e0 50 points de mesure peuvent \u00eatre d\u00e9finis dans un cercle. Les r\u00e9sultats des mesures peuvent \u00eatre stock\u00e9s automatiquement par notre base de donn\u00e9es logicielle et transf\u00e9r\u00e9s automatiquement vers des syst\u00e8mes SPC. L&rsquo;instrument a \u00e9t\u00e9 calibr\u00e9 \u00e0 l&rsquo;aide d&rsquo;une jauge standard. Il peut \u00eatre utilis\u00e9 pour diff\u00e9rents types de bo\u00eetes et diff\u00e9rentes hauteurs.<\/div>\n<p>&nbsp;<\/p>\n<h3>Les avantages<\/h3>\n<div class='prodocut_content'>\u25cf Mesure automatique en plusieurs points de la largeur de la bride, de la hauteur de la bo\u00eete et du diam\u00e8tre interne de l&#8217;embouchure de la bo\u00eete.<br \/>\n\u25cf Mesure automatique dans tous les processus \u00e9conomisant le temps et le co\u00fbt des RH, \u00e9vitant les erreurs personnelles.<br \/>\n\u25cf Dispositif d&rsquo;\u00e9chantillonnage multicanal, peut mesurer diverses bo\u00eetes en m\u00eame temps.<br \/>\n\u25cf Adopte un syst\u00e8me visuel pour identifier le mode de num\u00e9ro du fond de la bo\u00eete.<br \/>\n\u25cf Deux stations pour mesurer deux types de canettes en une seule fois, pas besoin de changer les pinces.<br \/>\n\u25cf Points de mesure d\u00e9finis par l&rsquo;utilisateur, jusqu&rsquo;\u00e0 50 points de mesure peuvent \u00eatre d\u00e9finis dans 1 cercle.<br \/>\n\u25cf Fonction d&rsquo;\u00e9talonnage rapide disponible.<br \/>\n\u25cf Adopte un capteur avanc\u00e9 et pr\u00e9cis de classe mondiale avec une pr\u00e9cision et une r\u00e9p\u00e9tabilit\u00e9 exceptionnelles.<br \/>\n\u25cf Mesure efficace, rapide et pr\u00e9cise, am\u00e9liorant l&rsquo;efficacit\u00e9 de l&rsquo;inspection.<br \/>\n\u25cf S\u00e9curis\u00e9, durable, facile \u00e0 utiliser et \u00e0 entretenir.<br \/>\n\u25cf Assemblage avec une t\u00eate de mesure en alliage tr\u00e8s dur qui est un durable.<br \/>\n\u25cf Assemblage avec des composants de classe mondiale.<br \/>\n\u25cf Assembler avec une cam\u00e9ra HD pour un service apr\u00e8s-vente pratique via une connexion \u00e0 distance.<br \/>\n\u25cf Le r\u00e9sultat du test peut \u00eatre envoy\u00e9 au syst\u00e8me SPC.<br \/>\n\u25cf Logiciel de gestion de base de donn\u00e9es pour faciliter l&rsquo;interrogation des donn\u00e9es et les statistiques.<br \/>\n\u25cf Peut examiner le r\u00e9sultat d&rsquo;une mesure unique apr\u00e8s le test pour diverses bo\u00eetes de conserve, calculer automatiquement la moyenne, le maximum et le minimum.<br \/>\n\u25cf Les donn\u00e9es peuvent \u00eatre stock\u00e9es sous forme de fichier Excel.<br \/>\n\u25cf Divers rapports statistiques.<br \/>\n\u25cf Format de rapport d\u00e9fini par l&rsquo;utilisateur, adapt\u00e9 au style et au format des entreprises.<\/div>\n","protected":false},"excerpt":{"rendered":"<h3>Syst\u00e8me de mesure automatique de l&rsquo;arri\u00e8re-plan<\/h3>\n","protected":false},"featured_media":575,"comment_status":"closed","ping_status":"closed","template":"","meta":[],"product_brand":[],"product_cat":[23,30,27],"product_tag":[],"class_list":{"0":"post-530","1":"product","2":"type-product","3":"status-publish","4":"has-post-thumbnail","6":"product_cat-canette-bouteille-en-aluminium-en-deux-parties","7":"product_cat-dimensions","8":"product_cat-ligne-de-conditionnement-en-ligne","10":"first","11":"instock","12":"shipping-taxable","13":"product-type-simple"},"aioseo_notices":[],"_links":{"self":[{"href":"https:\/\/www.canneed.com\/fr\/wp-json\/wp\/v2\/product\/530","targetHints":{"allow":["GET"]}}],"collection":[{"href":"https:\/\/www.canneed.com\/fr\/wp-json\/wp\/v2\/product"}],"about":[{"href":"https:\/\/www.canneed.com\/fr\/wp-json\/wp\/v2\/types\/product"}],"replies":[{"embeddable":true,"href":"https:\/\/www.canneed.com\/fr\/wp-json\/wp\/v2\/comments?post=530"}],"wp:featuredmedia":[{"embeddable":true,"href":"https:\/\/www.canneed.com\/fr\/wp-json\/wp\/v2\/media\/575"}],"wp:attachment":[{"href":"https:\/\/www.canneed.com\/fr\/wp-json\/wp\/v2\/media?parent=530"}],"wp:term":[{"taxonomy":"product_brand","embeddable":true,"href":"https:\/\/www.canneed.com\/fr\/wp-json\/wp\/v2\/product_brand?post=530"},{"taxonomy":"product_cat","embeddable":true,"href":"https:\/\/www.canneed.com\/fr\/wp-json\/wp\/v2\/product_cat?post=530"},{"taxonomy":"product_tag","embeddable":true,"href":"https:\/\/www.canneed.com\/fr\/wp-json\/wp\/v2\/product_tag?post=530"}],"curies":[{"name":"wp","href":"https:\/\/api.w.org\/{rel}","templated":true}]}}