{"id":529,"date":"2025-05-13T15:58:55","date_gmt":"2025-05-13T07:58:55","guid":{"rendered":"http:\/\/www.canneed.com\/fr\/?post_type=product&#038;p=529"},"modified":"2025-05-13T15:59:09","modified_gmt":"2025-05-13T07:59:09","slug":"canneed-aaxl-1100","status":"publish","type":"product","link":"https:\/\/www.canneed.com\/fr\/product\/canneed-aaxl-1100\/","title":{"rendered":"CanNeed-AAXL-1100"},"content":{"rendered":"<p>&nbsp;<\/p>\n<h3>Application<\/h3>\n<div class='prodocut_content'>CanNeed-AAXL-1100 est un syst\u00e8me enti\u00e8rement automatique de mesure de la charge axiale des bo\u00eetes de conserve qui fonctionne sans surveillance. Il peut mesurer la charge axiale d&rsquo;une bo\u00eete de conserve en deux parties. Il s&rsquo;agit d&rsquo;un instrument standard pour l&rsquo;industrie de la fabrication de bo\u00eetes de conserve, qui permet de r\u00e9aliser une inspection constante, efficace et automatique des bo\u00eetes de conserve.<\/p>\n<p>M\u00e9thode de mesure : L&rsquo;instrument adopte le format d&rsquo;une station simple, la ligne de convoyage se trouve \u00e0 l&rsquo;ext\u00e9rieur du ch\u00e2ssis, et le robot combin\u00e9 est utilis\u00e9 pour saisir l&rsquo;\u00e9chantillon et le faire passer sur la ligne de convoyage. Lorsque l&rsquo;\u00e9chantillon test\u00e9 est plac\u00e9 sur le bloc de la plate-forme d&rsquo;essai, le m\u00e9canisme d&rsquo;avance et de recul envoie le bloc de la plate-forme d&rsquo;essai dans la partie test\u00e9e. Une fois l&rsquo;\u00e9chantillon en place, le capteur est enfonc\u00e9 et la plaque sup\u00e9rieure sous pression entre en contact avec l&rsquo;\u00e9chantillon et continue d&rsquo;appuyer, d\u00e9passant ainsi la limite de pression axiale de l&rsquo;\u00e9chantillon. D\u00e8s que l&rsquo;\u00e9chantillon est d\u00e9form\u00e9, la pression maximale de l&rsquo;\u00e9chantillon s&rsquo;affiche sur l&rsquo;\u00e9cran d&rsquo;affichage.<\/div>\n<p>&nbsp;<\/p>\n<h3>Les avantages<\/h3>\n<div class='prodocut_content'>l La conception unique et les plateaux exceptionnellement parall\u00e8les garantissent que la bo\u00eete \u00e0 \u00e9chantillons est soumise \u00e0 une v\u00e9ritable charge axiale pendant la mesure.<br \/>\nl Mesure automatique de la charge axiale de la bo\u00eete 2-P.<br \/>\nl La mesure automatique dans tous les processus permet de gagner du temps et d&rsquo;\u00e9conomiser le co\u00fbt des ressources humaines, en \u00e9vitant les erreurs personnelles.<br \/>\nl M\u00e9thode d&rsquo;\u00e9chantillonnage : \u00e9chantillonnage automatique par ligne de convoyage ;<br \/>\nl S\u00fbr, durable, facile \u00e0 utiliser et \u00e0 entretenir.<br \/>\nl Adopte un capteur avanc\u00e9 et pr\u00e9cis de classe mondiale avec une pr\u00e9cision et une r\u00e9p\u00e9tabilit\u00e9 exceptionnelles ;<br \/>\nl Assemblage avec des composants de classe mondiale<br \/>\nl Affichage et enregistrement automatiques de la force axiale maximale lorsque l&rsquo;\u00e9chantillon est \u00e9cras\u00e9 ;<br \/>\nl Commande par \u00e9cran tactile PLC ;<br \/>\nl Contr\u00f4le pr\u00e9cis du servomoteur avec une vitesse de pressage stable.<br \/>\nl \u00c9quip\u00e9 d&rsquo;un puissant logiciel de gestion de base de donn\u00e9es pour faciliter l&rsquo;interrogation des donn\u00e9es et l&rsquo;\u00e9tablissement de statistiques.<br \/>\nl Unit\u00e9s optionnelles que l&rsquo;utilisateur peut d\u00e9finir par logiciel. (N, Kg, Lb), s\u00e9lection de plusieurs langues nationales.<\/div>\n","protected":false},"excerpt":{"rendered":"<h3>Testeur de charge axiale enti\u00e8rement automatique<\/h3>\n","protected":false},"featured_media":574,"comment_status":"closed","ping_status":"closed","template":"","meta":[],"product_brand":[],"product_cat":[23,58,27],"product_tag":[],"class_list":{"0":"post-529","1":"product","2":"type-product","3":"status-publish","4":"has-post-thumbnail","6":"product_cat-canette-bouteille-en-aluminium-en-deux-parties","7":"product_cat-force-de-traction-appui-sous-pression-charge-verticale-resistance-aux-chocs","8":"product_cat-ligne-de-conditionnement-en-ligne","10":"first","11":"instock","12":"shipping-taxable","13":"product-type-simple"},"aioseo_notices":[],"_links":{"self":[{"href":"https:\/\/www.canneed.com\/fr\/wp-json\/wp\/v2\/product\/529","targetHints":{"allow":["GET"]}}],"collection":[{"href":"https:\/\/www.canneed.com\/fr\/wp-json\/wp\/v2\/product"}],"about":[{"href":"https:\/\/www.canneed.com\/fr\/wp-json\/wp\/v2\/types\/product"}],"replies":[{"embeddable":true,"href":"https:\/\/www.canneed.com\/fr\/wp-json\/wp\/v2\/comments?post=529"}],"wp:featuredmedia":[{"embeddable":true,"href":"https:\/\/www.canneed.com\/fr\/wp-json\/wp\/v2\/media\/574"}],"wp:attachment":[{"href":"https:\/\/www.canneed.com\/fr\/wp-json\/wp\/v2\/media?parent=529"}],"wp:term":[{"taxonomy":"product_brand","embeddable":true,"href":"https:\/\/www.canneed.com\/fr\/wp-json\/wp\/v2\/product_brand?post=529"},{"taxonomy":"product_cat","embeddable":true,"href":"https:\/\/www.canneed.com\/fr\/wp-json\/wp\/v2\/product_cat?post=529"},{"taxonomy":"product_tag","embeddable":true,"href":"https:\/\/www.canneed.com\/fr\/wp-json\/wp\/v2\/product_tag?post=529"}],"curies":[{"name":"wp","href":"https:\/\/api.w.org\/{rel}","templated":true}]}}