{"id":527,"date":"2025-05-13T15:58:54","date_gmt":"2025-05-13T07:58:54","guid":{"rendered":"http:\/\/www.canneed.com\/fr\/?post_type=product&#038;p=527"},"modified":"2025-05-13T15:59:08","modified_gmt":"2025-05-13T07:59:08","slug":"canneed-apg-1000p","status":"publish","type":"product","link":"https:\/\/www.canneed.com\/fr\/product\/canneed-apg-1000p\/","title":{"rendered":"CanNeed-APG-1000P"},"content":{"rendered":"<p>&nbsp;<\/p>\n<h3>Application<\/h3>\n<div class='prodocut_content'>La jauge de profil automatique CanNeed-APG-1000 est un \u00e9quipement de mesure automatique sans contact en un seul clic. Sa fonction principale est de mesurer enti\u00e8rement les bouteilles en PET, les bouteilles en verre et d&rsquo;autres dimensions et \u00e9paisseurs externes, de mesurer enti\u00e8rement les dimensions externes des conteneurs transparents et non transparents.<\/p>\n<p>Les mesures sont les suivantes<br \/>\n1) Hauteur totale<br \/>\n2) Hauteur de la section<br \/>\n3) Diam\u00e8tre : diam\u00e8tre maximal et minimal du cercle de la bouteille<br \/>\n4) \u00c9paisseur : valeur maximale, minimale et moyenne du cercle de la bouteille.&nbsp;<\/div>\n<p>&nbsp;<\/p>\n<h3>Les avantages<\/h3>\n<div class='prodocut_content'>1) Connecter un ordinateur de bureau externe \u00e0 l&rsquo;aide d&rsquo;un logiciel professionnel, facile et pratique.<br \/>\n2) Les donn\u00e9es actuelles sont affich\u00e9es en temps r\u00e9el.<br \/>\n3) Mesure sans contact.<br \/>\n4) Programme, toutes les donn\u00e9es sont mesur\u00e9es \u00e0 l&rsquo;aide d&rsquo;une seule touche, ce qui r\u00e9duit les op\u00e9rations manuelles et la diff\u00e9rence de mesure par rapport \u00e0 la s\u00e9lection artificielle ;<br \/>\n5) Les donn\u00e9es sont stock\u00e9es en permanence, peuvent \u00eatre interrog\u00e9es librement et peuvent \u00eatre export\u00e9es et imprim\u00e9es au format .xls.<\/div>\n","protected":false},"excerpt":{"rendered":"<h3>Jauge de profil automatique<\/h3>\n","protected":false},"featured_media":572,"comment_status":"closed","ping_status":"closed","template":"","meta":[],"product_brand":[],"product_cat":[26,33,32,30,55,21],"product_tag":[],"class_list":{"0":"post-527","1":"product","2":"type-product","3":"status-publish","4":"has-post-thumbnail","6":"product_cat-bouteilles-en-verre-bouteilles-de-biere-vin-whisky","7":"product_cat-bouteilles-pet-boissons-bouteilles-pet-embryons-de-bouteilles-bouchons-en-plastique","8":"product_cat-cosmetiques-medicaments-aliments-en-sac","9":"product_cat-dimensions","10":"product_cat-epaisseur","11":"product_cat-laboratoire","13":"first","14":"instock","15":"featured","16":"shipping-taxable","17":"product-type-simple"},"aioseo_notices":[],"_links":{"self":[{"href":"https:\/\/www.canneed.com\/fr\/wp-json\/wp\/v2\/product\/527","targetHints":{"allow":["GET"]}}],"collection":[{"href":"https:\/\/www.canneed.com\/fr\/wp-json\/wp\/v2\/product"}],"about":[{"href":"https:\/\/www.canneed.com\/fr\/wp-json\/wp\/v2\/types\/product"}],"replies":[{"embeddable":true,"href":"https:\/\/www.canneed.com\/fr\/wp-json\/wp\/v2\/comments?post=527"}],"wp:featuredmedia":[{"embeddable":true,"href":"https:\/\/www.canneed.com\/fr\/wp-json\/wp\/v2\/media\/572"}],"wp:attachment":[{"href":"https:\/\/www.canneed.com\/fr\/wp-json\/wp\/v2\/media?parent=527"}],"wp:term":[{"taxonomy":"product_brand","embeddable":true,"href":"https:\/\/www.canneed.com\/fr\/wp-json\/wp\/v2\/product_brand?post=527"},{"taxonomy":"product_cat","embeddable":true,"href":"https:\/\/www.canneed.com\/fr\/wp-json\/wp\/v2\/product_cat?post=527"},{"taxonomy":"product_tag","embeddable":true,"href":"https:\/\/www.canneed.com\/fr\/wp-json\/wp\/v2\/product_tag?post=527"}],"curies":[{"name":"wp","href":"https:\/\/api.w.org\/{rel}","templated":true}]}}