{"id":526,"date":"2025-05-13T15:58:54","date_gmt":"2025-05-13T07:58:54","guid":{"rendered":"http:\/\/www.canneed.com\/fr\/?post_type=product&#038;p=526"},"modified":"2025-05-13T15:59:08","modified_gmt":"2025-05-13T07:59:08","slug":"canneed-sst-600","status":"publish","type":"product","link":"https:\/\/www.canneed.com\/fr\/product\/canneed-sst-600\/","title":{"rendered":"CanNeed-SST-600"},"content":{"rendered":"<p>&nbsp;<\/p>\n<h3>Application<\/h3>\n<div class='prodocut_content'>Le testeur de scellage de bouchons CanNeed-SST-600 est un instrument sp\u00e9cial permettant de v\u00e9rifier le scellage des bouchons des produits apr\u00e8s l&#8217;emballage des bouteilles en PET, d&#8217;emp\u00eacher les fuites d&rsquo;air et de contr\u00f4ler efficacement la qualit\u00e9 des bouchons d&#8217;emballage. Il est adapt\u00e9 aux normes nationales et industrielles [GB\/T 17876-2010 Packaging Containers Plastic Anti-theft Bottle Caps].<\/p>\n<p>Indices de qualification du scellement des bouchons\uff1a<br \/>\nBouteille PET non gazeuse : 0,2 Mpa (par exemple, eau min\u00e9rale, boissons au th\u00e9)<br \/>\nBouteille PET a\u00e9r\u00e9e : 1,0 Mpa (par ex. cola)<\/p>\n<p>Le testeur d&rsquo;\u00e9tanch\u00e9it\u00e9 de bouchage CanNeed-SST-600 est largement utilis\u00e9 dans l&rsquo;industrie des boissons pour tester l&rsquo;\u00e9tanch\u00e9it\u00e9 du bouchon d&rsquo;un produit et pour contr\u00f4ler efficacement l&rsquo;\u00e9tanch\u00e9it\u00e9 du produit afin d&rsquo;\u00e9viter les fuites d&rsquo;air. En pla\u00e7ant un \u00e9chantillon dans l&rsquo;eau et en gonflant et pressurisant l&rsquo;\u00e9chantillon, il d\u00e9tecte toute fuite de gaz au niveau du bouchon afin de d\u00e9terminer son \u00e9tanch\u00e9it\u00e9.<\/p>\n<p>Le testeur de joints de bouchage CanNeed-SST-600 est un appareil \u00e0 deux compartiments, avec un r\u00e9servoir d&rsquo;essai transparent sur le dessus et un bo\u00eetier de commande en acier inoxydable sur le dessous. Il comporte de nombreuses caract\u00e9ristiques de s\u00e9curit\u00e9, notamment une soupape de s\u00e9curit\u00e9, des trous d&rsquo;a\u00e9ration sur le couvercle pour une \u00e9vacuation rapide du gaz, un verrouillage de s\u00e9curit\u00e9 du couvercle, un r\u00e9ducteur de pression, et bien plus encore.<\/div>\n<p>&nbsp;<\/p>\n<h3>Les avantages<\/h3>\n<div class='prodocut_content'>(1) Mesure de la pression positive, 6 t\u00eates de test, d\u00e9tection simultan\u00e9e de 6 \u00e9chantillons, haute efficacit\u00e9.<\/p>\n<p>2\uff09 Il utilise de l&rsquo;air comprim\u00e9 ou du dioxyde de carbone pour gonfler et pressuriser, avec diverses mesures de protection de la s\u00e9curit\u00e9.<\/p>\n<p>3) L&rsquo;utilisation de vannes de contr\u00f4le, de connecteurs et de raccords import\u00e9s de renomm\u00e9e mondiale, la qualit\u00e9 peut \u00eatre compar\u00e9e \u00e0 n&rsquo;importe quel produit similaire dans le monde, l&rsquo;utilisation d&rsquo;un traitement d&rsquo;oxydation de l&rsquo;aluminium, de l&rsquo;acier inoxydable et de mat\u00e9riaux plastiques robustes et durables.<\/p>\n<p>4) haute sensibilit\u00e9, lecture pr\u00e9cise, plage de pression de test : 0-16bar (1,6Mpa), type de manom\u00e8tre, cadran \u00e0 double \u00e9chelle : 0,05Mpa, 10Psi, classe de pr\u00e9cision 2,5, purement m\u00e9canique, sans alimentation \u00e9lectrique, taille de l&rsquo;instrument : 520 (L) X460 (L) X600 (H), poids : 30KG<\/p>\n<p>Compar\u00e9 \u00e0 l&rsquo;ancien testeur d&rsquo;\u00e9tanch\u00e9it\u00e9 de bouchon CanNeed-SST-300, il est plus pratique et plus efficace \u00e0 utiliser.<\/div>\n","protected":false},"excerpt":{"rendered":"<h3>Testeur de joints de bouchage (6 t\u00eates)<\/h3>\n","protected":false},"featured_media":571,"comment_status":"closed","ping_status":"closed","template":"","meta":[],"product_brand":[],"product_cat":[33,65,21],"product_tag":[],"class_list":{"0":"post-526","1":"product","2":"type-product","3":"status-publish","4":"has-post-thumbnail","6":"product_cat-bouteilles-pet-boissons-bouteilles-pet-embryons-de-bouteilles-bouchons-en-plastique","7":"product_cat-etancheite-fuite","8":"product_cat-laboratoire","10":"first","11":"instock","12":"shipping-taxable","13":"product-type-simple"},"aioseo_notices":[],"_links":{"self":[{"href":"https:\/\/www.canneed.com\/fr\/wp-json\/wp\/v2\/product\/526","targetHints":{"allow":["GET"]}}],"collection":[{"href":"https:\/\/www.canneed.com\/fr\/wp-json\/wp\/v2\/product"}],"about":[{"href":"https:\/\/www.canneed.com\/fr\/wp-json\/wp\/v2\/types\/product"}],"replies":[{"embeddable":true,"href":"https:\/\/www.canneed.com\/fr\/wp-json\/wp\/v2\/comments?post=526"}],"wp:featuredmedia":[{"embeddable":true,"href":"https:\/\/www.canneed.com\/fr\/wp-json\/wp\/v2\/media\/571"}],"wp:attachment":[{"href":"https:\/\/www.canneed.com\/fr\/wp-json\/wp\/v2\/media?parent=526"}],"wp:term":[{"taxonomy":"product_brand","embeddable":true,"href":"https:\/\/www.canneed.com\/fr\/wp-json\/wp\/v2\/product_brand?post=526"},{"taxonomy":"product_cat","embeddable":true,"href":"https:\/\/www.canneed.com\/fr\/wp-json\/wp\/v2\/product_cat?post=526"},{"taxonomy":"product_tag","embeddable":true,"href":"https:\/\/www.canneed.com\/fr\/wp-json\/wp\/v2\/product_tag?post=526"}],"curies":[{"name":"wp","href":"https:\/\/api.w.org\/{rel}","templated":true}]}}