{"id":525,"date":"2025-05-13T15:58:54","date_gmt":"2025-05-13T07:58:54","guid":{"rendered":"http:\/\/www.canneed.com\/fr\/?post_type=product&#038;p=525"},"modified":"2025-05-13T15:59:08","modified_gmt":"2025-05-13T07:59:08","slug":"canneed-ader-c6000-2","status":"publish","type":"product","link":"https:\/\/www.canneed.com\/fr\/product\/canneed-ader-c6000-2\/","title":{"rendered":"CanNeed-ADER-C6000"},"content":{"rendered":"<p>&nbsp;<\/p>\n<h3>Application<\/h3>\n<div class='prodocut_content'>CanNeed-ADER-C6000 est un appareil num\u00e9rique de mesure de l&rsquo;\u00e9mail enti\u00e8rement automatique, fonctionnant sans surveillance. Il est utilis\u00e9 pour mesurer la couverture, la compacit\u00e9 et la valeur du courant \u00e9lectrique de la couche d&rsquo;\u00e9mail \u00e0 l&rsquo;int\u00e9rieur des bo\u00eetes de boisson. Le contenu \u00e9rodera le mat\u00e9riau m\u00e9tallique et affectera la qualit\u00e9 et le stockage des produits si la couche d&rsquo;\u00e9mail \u00e0 l&rsquo;int\u00e9rieur des canettes n&rsquo;est pas int\u00e9gr\u00e9e.&nbsp;<br \/>\nLa machine a adopt\u00e9 une technologie d&rsquo;inspection enti\u00e8rement automatique, plus efficace et r\u00e9duisant davantage les erreurs humaines. Elle constitue la norme pour l&rsquo;\u00e9valuation de la qualit\u00e9 des bo\u00eetes de conserve dans l&rsquo;industrie de la fabrication de bo\u00eetes.<\/div>\n<p>&nbsp;<\/p>\n<h3>Les avantages<\/h3>\n<div class='prodocut_content'>1) \u00c9quip\u00e9 d&rsquo;un dispositif d&rsquo;\u00e9chantillonnage automatique multicanaux, il peut tester une vari\u00e9t\u00e9 d&rsquo;\u00e9chantillons de bo\u00eetes de conserve en m\u00eame temps.<br \/>\n&nbsp;2) Syst\u00e8me brevet\u00e9 de contr\u00f4le du niveau de liquide, infusion automatique d&rsquo;\u00e9lectrolyte et reconnaissance pr\u00e9cise du niveau de liquide.<br \/>\n&nbsp;3) Mesure automatique dans tous les processus, ce qui permet d&rsquo;\u00e9conomiser du temps et de l&rsquo;argent, et d&rsquo;\u00e9viter les erreurs personnelles.<br \/>\n&nbsp;4) Autocontr\u00f4le complet pour s&rsquo;assurer que les r\u00e9sultats de chaque test sont fiables, le temps d&rsquo;\u00e9talonnage peut \u00eatre personnalis\u00e9.<br \/>\n&nbsp;5) Surveillance automatique, alarme automatique si la valeur test\u00e9e d\u00e9passe une plage d\u00e9finie.<br \/>\n&nbsp;6) Tri automatique des \u00e9chantillons non qualifi\u00e9s, \u00e9quip\u00e9 d&rsquo;une zone de r\u00e9tention pour les \u00e9chantillons non qualifi\u00e9s, il est pratique pour les utilisateurs d&rsquo;analyser les produits d\u00e9fectueux.<br \/>\n&nbsp;7) Double station de mesure, mesure d&rsquo;environ 8 bo\u00eetes d&rsquo;\u00e9chantillons par minute.<br \/>\n&nbsp;8) Assemblage avec des composants de classe mondiale, s\u00fbrs, durables, avec une pr\u00e9cision et une r\u00e9p\u00e9tabilit\u00e9 exceptionnelles.<br \/>\n&nbsp;9) Fonctionnement et entretien simples.<br \/>\n&nbsp;10) L&rsquo;appareil est \u00e9quip\u00e9 d&rsquo;une cam\u00e9ra HD pour un service apr\u00e8s-vente pratique via une connexion \u00e0 distance.<br \/>\n&nbsp;11) Le r\u00e9sultat du test peut \u00eatre envoy\u00e9 au syst\u00e8me SPC.<br \/>\n&nbsp;12) Logiciel de gestion de base de donn\u00e9es pour faciliter l&rsquo;interrogation des donn\u00e9es et les statistiques.<br \/>\n&nbsp;13) Possibilit\u00e9 d&rsquo;examiner le r\u00e9sultat d&rsquo;une mesure unique apr\u00e8s le test pour diverses bo\u00eetes, calcul automatique de la moyenne,<br \/>\n&nbsp;14) les valeurs maximales et minimales.<br \/>\n&nbsp;15) Les donn\u00e9es peuvent \u00eatre stock\u00e9es au format Excel.<br \/>\n&nbsp;16) Format de rapport d\u00e9fini par l&rsquo;utilisateur, adapt\u00e9 au style et au format des entreprises.<\/div>\n","protected":false},"excerpt":{"rendered":"<h3>Mesureur d&rsquo;\u00e9mail num\u00e9rique automatique pour bo\u00eetes de conserve<\/h3>\n","protected":false},"featured_media":570,"comment_status":"closed","ping_status":"closed","template":"","meta":[],"product_brand":[],"product_cat":[17,22,23,29,27],"product_tag":[],"class_list":{"0":"post-525","1":"product","2":"type-product","3":"status-publish","4":"has-post-thumbnail","6":"product_cat-biere-en-conserve-boisson-en-conserve-en-conserve","7":"product_cat-canette-aerosol-en-trois-parties-revetement","8":"product_cat-canette-bouteille-en-aluminium-en-deux-parties","9":"product_cat-film-de-peinture-peinture-revetement","10":"product_cat-ligne-de-conditionnement-en-ligne","12":"first","13":"instock","14":"shipping-taxable","15":"product-type-simple"},"aioseo_notices":[],"_links":{"self":[{"href":"https:\/\/www.canneed.com\/fr\/wp-json\/wp\/v2\/product\/525","targetHints":{"allow":["GET"]}}],"collection":[{"href":"https:\/\/www.canneed.com\/fr\/wp-json\/wp\/v2\/product"}],"about":[{"href":"https:\/\/www.canneed.com\/fr\/wp-json\/wp\/v2\/types\/product"}],"replies":[{"embeddable":true,"href":"https:\/\/www.canneed.com\/fr\/wp-json\/wp\/v2\/comments?post=525"}],"wp:featuredmedia":[{"embeddable":true,"href":"https:\/\/www.canneed.com\/fr\/wp-json\/wp\/v2\/media\/570"}],"wp:attachment":[{"href":"https:\/\/www.canneed.com\/fr\/wp-json\/wp\/v2\/media?parent=525"}],"wp:term":[{"taxonomy":"product_brand","embeddable":true,"href":"https:\/\/www.canneed.com\/fr\/wp-json\/wp\/v2\/product_brand?post=525"},{"taxonomy":"product_cat","embeddable":true,"href":"https:\/\/www.canneed.com\/fr\/wp-json\/wp\/v2\/product_cat?post=525"},{"taxonomy":"product_tag","embeddable":true,"href":"https:\/\/www.canneed.com\/fr\/wp-json\/wp\/v2\/product_tag?post=525"}],"curies":[{"name":"wp","href":"https:\/\/api.w.org\/{rel}","templated":true}]}}