{"id":523,"date":"2025-05-13T15:58:54","date_gmt":"2025-05-13T07:58:54","guid":{"rendered":"http:\/\/www.canneed.com\/fr\/?post_type=product&#038;p=523"},"modified":"2025-05-13T15:59:07","modified_gmt":"2025-05-13T07:59:07","slug":"canneed-pbt-100","status":"publish","type":"product","link":"https:\/\/www.canneed.com\/fr\/product\/canneed-pbt-100\/","title":{"rendered":"CanNeed-PBT-100"},"content":{"rendered":"<p>&nbsp;<\/p>\n<h3>Application<\/h3>\n<div class='prodocut_content'>Le testeur de r\u00e9sistance \u00e0 la rupture du carton CanNeed-PBT-100 est utilis\u00e9 pour tester et analyser la r\u00e9sistance \u00e0 la rupture du carton, des cartons et d&rsquo;autres mat\u00e9riaux. Il convient \u00e0 tous les cartons (y compris le carton ondul\u00e9 et le carton dur) dont la r\u00e9sistance \u00e0 la rupture est comprise entre 350Kpa et 5500kpa. Il est conforme \u00e0 la norme nationale GBT1539-2007 D\u00e9termination de la r\u00e9sistance \u00e0 la rupture du carton.<\/p>\n<p>Processus de mesure :<br \/>\nPlacer le sp\u00e9cimen sur le film adh\u00e9sif circulaire, qui est fermement serr\u00e9 par le disque de serrage et \u00e9vite que le film ne se gonfle. Pompez le liquide \u00e0 une vitesse constante et soulevez le film jusqu&rsquo;\u00e0 ce que l&rsquo;\u00e9chantillon se rompe. La pression maximale appliqu\u00e9e correspond \u00e0 la r\u00e9sistance \u00e0 la rupture de l&rsquo;\u00e9chantillon.<\/div>\n<p>&nbsp;<\/p>\n<h3>Les avantages<\/h3>\n<div class='prodocut_content'>1. utilisation facile, haute pr\u00e9cision des donn\u00e9es de test, performance stable et fiable ;<\/p>\n<p>2. Micro-imprimante, les r\u00e9sultats des tests peuvent \u00eatre imprim\u00e9s ;<\/p>\n<p>3. interface de communication RS232, peut envoyer un num\u00e9ro SPC ;<\/p>\n<p>4. Colonne de ravitaillement ind\u00e9pendante, peut rapidement faire le plein d&rsquo;huile et d&rsquo;air d&rsquo;\u00e9chappement ;<\/p>\n<p>5. pression du cylindre de grand diam\u00e8tre, pour emp\u00eacher le mouvement de l&rsquo;\u00e9chantillon caus\u00e9 par des r\u00e9sultats importants ;<\/p>\n<p>6. pressurisation motoris\u00e9e, avec une courbe de pressurisation stable et lin\u00e9aire ;<\/p>\n<p>7. le moteur et le cylindre sont entra\u00een\u00e9s par des engrenages, ce qui rend les r\u00e9sultats de l&rsquo;essai plus stables.<\/div>\n","protected":false},"excerpt":{"rendered":"<h3>Testeur de r\u00e9sistance \u00e0 la rupture du carton<\/h3>\n","protected":false},"featured_media":567,"comment_status":"closed","ping_status":"closed","template":"","meta":[],"product_brand":[],"product_cat":[86,21,57],"product_tag":[],"class_list":{"0":"post-523","1":"product","2":"type-product","3":"status-publish","4":"has-post-thumbnail","6":"product_cat-carton-papier-detiquette-film-plastique","7":"product_cat-laboratoire","8":"product_cat-pression-resistance-a-la-pression","10":"first","11":"instock","12":"featured","13":"shipping-taxable","14":"product-type-simple"},"aioseo_notices":[],"_links":{"self":[{"href":"https:\/\/www.canneed.com\/fr\/wp-json\/wp\/v2\/product\/523","targetHints":{"allow":["GET"]}}],"collection":[{"href":"https:\/\/www.canneed.com\/fr\/wp-json\/wp\/v2\/product"}],"about":[{"href":"https:\/\/www.canneed.com\/fr\/wp-json\/wp\/v2\/types\/product"}],"replies":[{"embeddable":true,"href":"https:\/\/www.canneed.com\/fr\/wp-json\/wp\/v2\/comments?post=523"}],"wp:featuredmedia":[{"embeddable":true,"href":"https:\/\/www.canneed.com\/fr\/wp-json\/wp\/v2\/media\/567"}],"wp:attachment":[{"href":"https:\/\/www.canneed.com\/fr\/wp-json\/wp\/v2\/media?parent=523"}],"wp:term":[{"taxonomy":"product_brand","embeddable":true,"href":"https:\/\/www.canneed.com\/fr\/wp-json\/wp\/v2\/product_brand?post=523"},{"taxonomy":"product_cat","embeddable":true,"href":"https:\/\/www.canneed.com\/fr\/wp-json\/wp\/v2\/product_cat?post=523"},{"taxonomy":"product_tag","embeddable":true,"href":"https:\/\/www.canneed.com\/fr\/wp-json\/wp\/v2\/product_tag?post=523"}],"curies":[{"name":"wp","href":"https:\/\/api.w.org\/{rel}","templated":true}]}}