{"id":522,"date":"2025-05-13T15:58:54","date_gmt":"2025-05-13T07:58:54","guid":{"rendered":"http:\/\/www.canneed.com\/fr\/?post_type=product&#038;p=522"},"modified":"2025-05-13T15:59:07","modified_gmt":"2025-05-13T07:59:07","slug":"canneed-actg-2000","status":"publish","type":"product","link":"https:\/\/www.canneed.com\/fr\/product\/canneed-actg-2000\/","title":{"rendered":"CanNeed-ACTG-2000"},"content":{"rendered":"<p>&nbsp;<\/p>\n<h3>Application<\/h3>\n<div class='prodocut_content'>CanNeed-ACTG-2000 est une jauge d&rsquo;\u00e9paisseur de rev\u00eatement optique enti\u00e8rement automatique avec mode sans surveillance, qui adopte une technologie de mesure optique sans contact pour mesurer l&rsquo;\u00e9paisseur et le poids du film sec. Il s&rsquo;agit d&rsquo;un \u00e9quipement standard dans l&rsquo;industrie de la fabrication de bo\u00eetes de conserve pour r\u00e9aliser une inspection automatique continue et efficace des \u00e9chantillons de bo\u00eetes.<br \/>\nCompatible avec les bo\u00eetes \u00e0 paroi droite et les bo\u00eetes finies. Aucune pi\u00e8ce de rechange n&rsquo;est n\u00e9cessaire pour les diff\u00e9rentes tailles de bo\u00eetes en termes de hauteur et de diam\u00e8tre.<\/div>\n<p>&nbsp;<\/p>\n<h3>Les avantages<\/h3>\n<div class='prodocut_content'>1,Mesure automatique dans tous les processus, ce qui permet d&rsquo;\u00e9conomiser du temps et de l&rsquo;argent, et d&rsquo;\u00e9viter les erreurs personnelles.<br \/>\n2,Dispositif d&rsquo;\u00e9chantillonnage multicanal, peut mesurer plusieurs bo\u00eetes en m\u00eame temps.<br \/>\n3,Application \u00e0 l&rsquo;\u00e9chantillonnage de bo\u00eetes de diam\u00e8tres et de hauteurs diff\u00e9rents. Le changement de bo\u00eete est rapide et aucune pi\u00e8ce n&rsquo;est n\u00e9cessaire pour changer de taille de bo\u00eete.<br \/>\n4,Auto-\u00e9talonnage, possibilit\u00e9 de personnaliser le temps d&rsquo;\u00e9talonnage et le nombre de points d&rsquo;\u00e9talonnage.<br \/>\n5. Adopte une technologie de mesure optique sans contact, permettant de mesurer l&rsquo;int\u00e9rieur et l&rsquo;ext\u00e9rieur du corps et du goulot de la bo\u00eete, ainsi que la position de l&rsquo;arche inf\u00e9rieure du point d\u00e9sign\u00e9 de l&rsquo;\u00e9paisseur et du poids du film.<br \/>\n6,Adopte un capteur avanc\u00e9 et pr\u00e9cis de classe mondiale avec une pr\u00e9cision et une r\u00e9p\u00e9tabilit\u00e9 exceptionnelles.<br \/>\n7,Mesure efficace, rapide et pr\u00e9cise, am\u00e9liorant l&rsquo;efficacit\u00e9 de l&rsquo;inspection.<br \/>\n8. S\u00fbr, durable, facile \u00e0 utiliser et \u00e0 entretenir.<br \/>\n9. Assemblage avec une cam\u00e9ra HD pour un service apr\u00e8s-vente pratique via une connexion \u00e0 distance.<br \/>\n10. Les r\u00e9sultats des tests peuvent \u00eatre envoy\u00e9s au syst\u00e8me SPC.<br \/>\n11. Logiciel de gestion de base de donn\u00e9es pour faciliter l&rsquo;interrogation des donn\u00e9es et l&rsquo;\u00e9tablissement de statistiques.<br \/>\n12. Il est possible d&rsquo;examiner le r\u00e9sultat d&rsquo;une mesure unique apr\u00e8s le test pour diff\u00e9rentes bo\u00eetes, de calculer automatiquement la moyenne, le maximum et le minimum.<br \/>\n13,Les donn\u00e9es peuvent \u00eatre stock\u00e9es sous forme de fichier Excel.<br \/>\n14,Divers rapports statistiques.<br \/>\n15,Format de rapport d\u00e9fini par l&rsquo;utilisateur, adapt\u00e9 au style et au format des entreprises.<\/div>\n","protected":false},"excerpt":{"rendered":"<h3>Mesure optique automatique de l&rsquo;\u00e9paisseur du rev\u00eatement (sans contact)<\/h3>\n","protected":false},"featured_media":566,"comment_status":"closed","ping_status":"closed","template":"","meta":[],"product_brand":[],"product_cat":[23,29,27],"product_tag":[],"class_list":{"0":"post-522","1":"product","2":"type-product","3":"status-publish","4":"has-post-thumbnail","6":"product_cat-canette-bouteille-en-aluminium-en-deux-parties","7":"product_cat-film-de-peinture-peinture-revetement","8":"product_cat-ligne-de-conditionnement-en-ligne","10":"first","11":"instock","12":"shipping-taxable","13":"product-type-simple"},"aioseo_notices":[],"_links":{"self":[{"href":"https:\/\/www.canneed.com\/fr\/wp-json\/wp\/v2\/product\/522","targetHints":{"allow":["GET"]}}],"collection":[{"href":"https:\/\/www.canneed.com\/fr\/wp-json\/wp\/v2\/product"}],"about":[{"href":"https:\/\/www.canneed.com\/fr\/wp-json\/wp\/v2\/types\/product"}],"replies":[{"embeddable":true,"href":"https:\/\/www.canneed.com\/fr\/wp-json\/wp\/v2\/comments?post=522"}],"wp:featuredmedia":[{"embeddable":true,"href":"https:\/\/www.canneed.com\/fr\/wp-json\/wp\/v2\/media\/566"}],"wp:attachment":[{"href":"https:\/\/www.canneed.com\/fr\/wp-json\/wp\/v2\/media?parent=522"}],"wp:term":[{"taxonomy":"product_brand","embeddable":true,"href":"https:\/\/www.canneed.com\/fr\/wp-json\/wp\/v2\/product_brand?post=522"},{"taxonomy":"product_cat","embeddable":true,"href":"https:\/\/www.canneed.com\/fr\/wp-json\/wp\/v2\/product_cat?post=522"},{"taxonomy":"product_tag","embeddable":true,"href":"https:\/\/www.canneed.com\/fr\/wp-json\/wp\/v2\/product_tag?post=522"}],"curies":[{"name":"wp","href":"https:\/\/api.w.org\/{rel}","templated":true}]}}