{"id":520,"date":"2025-05-13T15:58:54","date_gmt":"2025-05-13T07:58:54","guid":{"rendered":"http:\/\/www.canneed.com\/fr\/?post_type=product&#038;p=520"},"modified":"2025-05-13T15:59:06","modified_gmt":"2025-05-13T07:59:06","slug":"canneed-tsr-100-12","status":"publish","type":"product","link":"https:\/\/www.canneed.com\/fr\/product\/canneed-tsr-100-12\/","title":{"rendered":"CanNeed-TSR-100-12"},"content":{"rendered":"<p>&nbsp;<\/p>\n<h3>Application<\/h3>\n<div class='prodocut_content'>Le testeur de choc thermique pour bouteilles de verre CanNeed-TSR-100 convient \u00e0 tous les types de bouteilles de bi\u00e8re, bouteilles de vin, bouteilles de boissons, bouteilles d&rsquo;infusion, bouteilles d&rsquo;antibiotiques et autres types de bouteilles de verre pour effectuer un test de choc thermique. Le CanNeed TSR-100 est un instrument d&rsquo;essai requis par divers centres d&rsquo;inspection de la qualit\u00e9, brasseries et fabricants de bouteilles en verre.<br \/>\nIntroduction<br \/>\nLa r\u00e9sistance aux chocs thermiques des bouteilles en verre fait r\u00e9f\u00e9rence \u00e0 la capacit\u00e9 des bouteilles en verre \u00e0 r\u00e9sister \u00e0 un certain choc de temp\u00e9rature dans un court laps de temps. Il s&rsquo;agit d&rsquo;un indice global de qualit\u00e9 intrins\u00e8que ; des facteurs tels que les mati\u00e8res premi\u00e8res, l&rsquo;atmosph\u00e8re de fusion, le recuit et les moules de fabrication des bouteilles en verre ont tous un impact sur cet indice. Il est important pour les entreprises qui fabriquent et utilisent des r\u00e9cipients en verre, en particulier pour les soci\u00e9t\u00e9s d&rsquo;alcool, de boissons et de produits pharmaceutiques qui utilisent des r\u00e9cipients en verre n\u00e9cessitant une st\u00e9rilisation \u00e0 l&rsquo;int\u00e9rieur.<br \/>\nLe testeur de r\u00e9sistance aux chocs thermiques des bouteilles en verre CanNeed-TSR-100 est bas\u00e9 sur la m\u00e9thode d&rsquo;essai de r\u00e9sistance aux chocs thermiques et de persistance des chocs thermiques des conteneurs en verre GB\/T 4547-2007 et sur la m\u00e9thode de d\u00e9termination des chocs thermiques et de la r\u00e9sistance aux chocs thermiques YBB00182003, con\u00e7ue et fabriqu\u00e9e pour garantir des performances s\u00fbres et fiables.<\/p>\n<p>Principe de l&rsquo;essai :<br \/>\nR\u00e9gler la temp\u00e9rature du r\u00e9servoir \u00e0 haute temp\u00e9rature et du r\u00e9servoir \u00e0 basse temp\u00e9rature de l&rsquo;appareil d&rsquo;essai de choc thermique de mani\u00e8re \u00e0 atteindre la diff\u00e9rence de temp\u00e9rature pr\u00e9d\u00e9finie ; placer un certain nombre d&rsquo;\u00e9chantillons dans le r\u00e9servoir \u00e0 haute temp\u00e9rature pour atteindre la diff\u00e9rence de temp\u00e9rature \u00e9lev\u00e9e, puis les placer rapidement dans le r\u00e9servoir \u00e0 basse temp\u00e9rature, afin de v\u00e9rifier le taux de rupture de l&rsquo;\u00e9chantillon.<\/div>\n<p>&nbsp;<\/p>\n<h3>Les avantages<\/h3>\n<div class='prodocut_content'>1\u3001Ch\u00e2ssis en acier inoxydable, structure \u00e9tanche, durable.<br \/>\n2\u3001Test enti\u00e8rement automatique, r\u00e9approvisionnement automatique en eau. Selon les besoins de l&rsquo;utilisateur, r\u00e9gler la diff\u00e9rence de temp\u00e9rature de l&rsquo;eau, le temps d&rsquo;immersion dans l&rsquo;eau chaude, le temps d&rsquo;immersion dans l&rsquo;eau froide et d&rsquo;autres fonctions (la temp\u00e9rature maximale du r\u00e9servoir d&rsquo;eau chaude est de 95 \u00b0 C).<br \/>\n3. Test de fonctionnement normal de l&rsquo;instrument, alarme sonore et lumineuse pour assurer la s\u00e9curit\u00e9 du personnel.<br \/>\n4, pompe \u00e0 eau de circulation r\u00e9servoir d&rsquo;eau d&rsquo;entr\u00e9e pour augmenter le filtre pour \u00e9viter d&rsquo;\u00eatre bloqu\u00e9 par des objets \u00e9trangers.<br \/>\n5\u3001Quick-plug type sample fixing method, height adjustable to adapt to a variety of bottle type comes with sample drainage board, easy to quickly observe the test results, improve efficiency.<br \/>\n6\u3001Adopter un capteur de temp\u00e9rature de haute pr\u00e9cision, prendre en charge la fonction d&rsquo;\u00e9talonnage de la temp\u00e9rature.<br \/>\n7. Contr\u00f4leur PLC, affichage en temps r\u00e9el de la temp\u00e9rature actuelle, fonction de d\u00e9marrage \u00e0 une touche.<br \/>\n8\u3001Utilisation d&rsquo;un moteur \u00e0 haute puissance et d&rsquo;un m\u00e9canisme de levage \u00e0 r\u00e9ducteur autobloquant, avec une grande capacit\u00e9 de charge et une structure s\u00fbre, le m\u00e9canisme de panoramique adopte un guide lin\u00e9aire + un moteur pas \u00e0 pas pour r\u00e9aliser une conversion rapide et en douceur du r\u00e9servoir d&rsquo;eau.<br \/>\n9, L&rsquo;utilisation d&rsquo;Omron PLC et le syst\u00e8me de contr\u00f4le de la temp\u00e9rature, avec une grande marque d&rsquo;\u00e9cran tactile de Ta\u00efwan, l&rsquo;affichage intuitif et clair, facile \u00e0 utiliser, performance stable.<br \/>\n10\u3001Requ\u00eate de donn\u00e9es historiques, peut enregistrer le temps de changer les param\u00e8tres et les donn\u00e9es sp\u00e9cifiques.<\/div>\n","protected":false},"excerpt":{"rendered":"<h3>Testeur de r\u00e9sistance aux chocs thermiques pour bouteilles en verre<\/h3>\n","protected":false},"featured_media":564,"comment_status":"closed","ping_status":"closed","template":"","meta":[],"product_brand":[],"product_cat":[26,21,34],"product_tag":[],"class_list":{"0":"post-520","1":"product","2":"type-product","3":"status-publish","4":"has-post-thumbnail","6":"product_cat-bouteilles-en-verre-bouteilles-de-biere-vin-whisky","7":"product_cat-laboratoire","8":"product_cat-temperature-pu-f0","10":"first","11":"instock","12":"shipping-taxable","13":"product-type-simple"},"aioseo_notices":[],"_links":{"self":[{"href":"https:\/\/www.canneed.com\/fr\/wp-json\/wp\/v2\/product\/520","targetHints":{"allow":["GET"]}}],"collection":[{"href":"https:\/\/www.canneed.com\/fr\/wp-json\/wp\/v2\/product"}],"about":[{"href":"https:\/\/www.canneed.com\/fr\/wp-json\/wp\/v2\/types\/product"}],"replies":[{"embeddable":true,"href":"https:\/\/www.canneed.com\/fr\/wp-json\/wp\/v2\/comments?post=520"}],"wp:featuredmedia":[{"embeddable":true,"href":"https:\/\/www.canneed.com\/fr\/wp-json\/wp\/v2\/media\/564"}],"wp:attachment":[{"href":"https:\/\/www.canneed.com\/fr\/wp-json\/wp\/v2\/media?parent=520"}],"wp:term":[{"taxonomy":"product_brand","embeddable":true,"href":"https:\/\/www.canneed.com\/fr\/wp-json\/wp\/v2\/product_brand?post=520"},{"taxonomy":"product_cat","embeddable":true,"href":"https:\/\/www.canneed.com\/fr\/wp-json\/wp\/v2\/product_cat?post=520"},{"taxonomy":"product_tag","embeddable":true,"href":"https:\/\/www.canneed.com\/fr\/wp-json\/wp\/v2\/product_tag?post=520"}],"curies":[{"name":"wp","href":"https:\/\/api.w.org\/{rel}","templated":true}]}}