{"id":519,"date":"2025-05-13T15:58:54","date_gmt":"2025-05-13T07:58:54","guid":{"rendered":"http:\/\/www.canneed.com\/fr\/?post_type=product&#038;p=519"},"modified":"2025-05-13T15:59:05","modified_gmt":"2025-05-13T07:59:05","slug":"canneed-abpt-1000","status":"publish","type":"product","link":"https:\/\/www.canneed.com\/fr\/product\/canneed-abpt-1000\/","title":{"rendered":"CanNeed-ABPT-1000"},"content":{"rendered":"<p>&nbsp;<\/p>\n<h3>Application<\/h3>\n<div class='prodocut_content'>&nbsp;Le \u00ab CanNeed-ABPT-1000 Automatic Glass Bottle Pressure Tester \u00bb de CanNeed permet de tester la r\u00e9sistance \u00e0 la pression des bouteilles en verre. Il peut effectuer des tests de passabilit\u00e9 et d&rsquo;\u00e9clatement.<\/p>\n<p>Description de l&rsquo;instrument :<br \/>\nLe testeur de pression automatique pour bouteilles en verre CanNeed-ABPT-1000 est dot\u00e9 d&rsquo;une vitesse de mesure rapide et d&rsquo;une efficacit\u00e9 \u00e9lev\u00e9e, d&rsquo;une commande PLC, d&rsquo;une interface de fonctionnement \u00e0 \u00e9cran tactile, d&rsquo;un \u00e9chantillonnage automatique, d&rsquo;un remplissage automatique de l&rsquo;eau, d&rsquo;un serrage automatique des \u00e9chantillons, d&rsquo;un test automatique, d&rsquo;un contr\u00f4le servo du processus de pressurisation, d&rsquo;un affichage en temps r\u00e9el des donn\u00e9es, d&rsquo;un enregistrement automatique des r\u00e9sultats du test.<br \/>\nEn outre, il dispose de trois modes de mesure : \u00ab M\u00e9thode d&rsquo;essai de pressurisation lin\u00e9aire \u00bb, \u00ab M\u00e9thode d&rsquo;essai de maintien de la pression \u00bb et \u00ab Mode P60 \u00bb, de sorte que l&rsquo;utilisateur peut choisir la m\u00e9thode d&rsquo;essai en fonction de ses besoins r\u00e9els. Il s&rsquo;agit d&rsquo;un instrument standard dans l&rsquo;industrie de la fabrication de bouteilles, qui est conforme \u00e0 la norme ASTM C147-86, GB\/T 4546-2008, ISO\/CD7458, et qui est certifi\u00e9 CE.<\/div>\n<p>&nbsp;<\/p>\n<h3>Les avantages<\/h3>\n<div class='prodocut_content'>1. mesure automatique, bonnes performances d&rsquo;\u00e9tanch\u00e9it\u00e9<br \/>\nProcessus d&rsquo;essai automatique, pas besoin de personnel, t\u00eate d&rsquo;injection d&rsquo;eau \u00e0 compensation automatique (brevet d&rsquo;invention national), avec \u00e9tanch\u00e9it\u00e9 \u00e0 l&rsquo;huile, peut \u00eatre appliqu\u00e9 \u00e0 une vari\u00e9t\u00e9 de tailles de bouteilles, peut \u00e9galement \u00eatre personnalis\u00e9 selon la demande du client, bonne performance d&rsquo;\u00e9tanch\u00e9it\u00e9.&nbsp;<\/p>\n<p>2. haute pr\u00e9cision, facilit\u00e9 d&rsquo;utilisation<br \/>\nSyst\u00e8me de commande \u00e0 \u00e9cran tactile PLC, syst\u00e8me de servocommande Panasonic pour contr\u00f4ler la pressurisation, la structure du dispositif de pressurisation est stable, l&rsquo;efficacit\u00e9 de la transmission est faible, le bruit est faible, la r\u00e9p\u00e9tabilit\u00e9 de la pression est bonne, la pr\u00e9cision est \u00e9lev\u00e9e.<\/p>\n<p>3) Disposition raisonnable, pr\u00e9vention des fuites<br \/>\nL&rsquo;instrument adopte un ch\u00e2ssis en acier inoxydable 304 qui r\u00e9siste bien \u00e0 la rouille ; la structure interne de l&rsquo;instrument est compacte avec une s\u00e9paration multiple des unit\u00e9s ind\u00e9pendantes, une disposition raisonnable, de bonnes performances en mati\u00e8re d&rsquo;\u00e9tanch\u00e9it\u00e9 et d&rsquo;imperm\u00e9abilit\u00e9 de chaque unit\u00e9, et une facilit\u00e9 de r\u00e9vision en m\u00eame temps.&nbsp;<\/p>\n<p>4) Traitement de l&rsquo;eau propre, bonne stabilit\u00e9<br \/>\nLa source d&rsquo;eau de l&rsquo;instrument est dot\u00e9e de deux traitements de l&rsquo;eau (filtre en coton PP, filtre \u00e0 cations), ce qui permet de pr\u00e9venir efficacement l&rsquo;obstruction de la voie d&rsquo;eau de l&rsquo;instrument par des mati\u00e8res \u00e9trang\u00e8res, d&#8217;emp\u00eacher la production de tartre, de garantir la pr\u00e9cision des r\u00e9sultats des tests et la stabilit\u00e9 du fonctionnement de l&rsquo;instrument.<\/p>\n<p>5. une protection de s\u00e9curit\u00e9 suffisante<br \/>\nL&rsquo;instrument est dot\u00e9 de dispositifs de protection multiples, tels qu&rsquo;une double porte de protection, une porte de protection dot\u00e9e d&rsquo;un m\u00e9canisme de protection, un capteur photo\u00e9lectrique de porte, etc.<\/p>\n<p>6) Multi-unit\u00e9s, multi-langues, multi-modes.<br \/>\nPlusieurs unit\u00e9s de mesure (MPA, PSI, BAR), plusieurs langues nationales, plusieurs modes de test (pression de maintien, pressurisation lin\u00e9aire, P60).&nbsp;<\/p>\n<p>7. \u00e9talonnage automatique, facilit\u00e9 d&rsquo;utilisation<br \/>\nInstrument dot\u00e9 d&rsquo;une fonction d&rsquo;\u00e9talonnage, facile \u00e0 \u00e9talonner, \u00e9quip\u00e9 d&rsquo;une tr\u00e9mie de collecte des d\u00e9chets, facile \u00e0 collecter, traitement centralis\u00e9.<\/p>\n<p>8. possibilit\u00e9 d&rsquo;enregistrement et de sortie des donn\u00e9es<br \/>\nFonction de sortie des donn\u00e9es RS232C, enregistrement automatique des donn\u00e9es de mesure, possibilit\u00e9 d&rsquo;enregistrer jusqu&rsquo;\u00e0 1 000 donn\u00e9es.<\/div>\n","protected":false},"excerpt":{"rendered":"<h3>Testeur de pression interne automatique pour bouteilles en verre<\/h3>\n","protected":false},"featured_media":563,"comment_status":"closed","ping_status":"closed","template":"","meta":[],"product_brand":[],"product_cat":[26,27,57],"product_tag":[],"class_list":{"0":"post-519","1":"product","2":"type-product","3":"status-publish","4":"has-post-thumbnail","6":"product_cat-bouteilles-en-verre-bouteilles-de-biere-vin-whisky","7":"product_cat-ligne-de-conditionnement-en-ligne","8":"product_cat-pression-resistance-a-la-pression","10":"first","11":"instock","12":"shipping-taxable","13":"product-type-simple"},"aioseo_notices":[],"_links":{"self":[{"href":"https:\/\/www.canneed.com\/fr\/wp-json\/wp\/v2\/product\/519","targetHints":{"allow":["GET"]}}],"collection":[{"href":"https:\/\/www.canneed.com\/fr\/wp-json\/wp\/v2\/product"}],"about":[{"href":"https:\/\/www.canneed.com\/fr\/wp-json\/wp\/v2\/types\/product"}],"replies":[{"embeddable":true,"href":"https:\/\/www.canneed.com\/fr\/wp-json\/wp\/v2\/comments?post=519"}],"wp:featuredmedia":[{"embeddable":true,"href":"https:\/\/www.canneed.com\/fr\/wp-json\/wp\/v2\/media\/563"}],"wp:attachment":[{"href":"https:\/\/www.canneed.com\/fr\/wp-json\/wp\/v2\/media?parent=519"}],"wp:term":[{"taxonomy":"product_brand","embeddable":true,"href":"https:\/\/www.canneed.com\/fr\/wp-json\/wp\/v2\/product_brand?post=519"},{"taxonomy":"product_cat","embeddable":true,"href":"https:\/\/www.canneed.com\/fr\/wp-json\/wp\/v2\/product_cat?post=519"},{"taxonomy":"product_tag","embeddable":true,"href":"https:\/\/www.canneed.com\/fr\/wp-json\/wp\/v2\/product_tag?post=519"}],"curies":[{"name":"wp","href":"https:\/\/api.w.org\/{rel}","templated":true}]}}