{"id":518,"date":"2025-05-13T15:58:54","date_gmt":"2025-05-13T07:58:54","guid":{"rendered":"http:\/\/www.canneed.com\/fr\/?post_type=product&#038;p=518"},"modified":"2025-05-13T15:59:05","modified_gmt":"2025-05-13T07:59:05","slug":"canneed-plt-100","status":"publish","type":"product","link":"https:\/\/www.canneed.com\/fr\/product\/canneed-plt-100\/","title":{"rendered":"CanNeed-PLT-100"},"content":{"rendered":"<p>&nbsp;<\/p>\n<h3>Application<\/h3>\n<div class='prodocut_content'>Pour certaines raisons, les r\u00e9cipients en verre peuvent subir des contraintes au cours de leur fabrication et de leur traitement, ce qui peut entra\u00eener un ph\u00e9nom\u00e8ne ind\u00e9sirable d&rsquo;\u00e9clatement des r\u00e9cipients en verre lors de la st\u00e9rilisation \u00e0 haute temp\u00e9rature, du remplissage et d&rsquo;autres processus de traitement des produits finis, affectant ainsi la production et le contr\u00f4le des produits finis. Les tests de r\u00e9sistance des bouteilles et conteneurs en verre \u00e9valuent la capacit\u00e9 des conteneurs en verre \u00e0 supporter des changements de temp\u00e9rature drastiques sans rupture.<br \/>\nLe testeur de contraintes pour bouteilles en verre CanNeed-PLT-100 de CanNeed est l&rsquo;instrument id\u00e9al pour tester les contraintes sur les r\u00e9cipients en verre. Il convient parfaitement aux fabricants de r\u00e9cipients en verre et de bi\u00e8re\/boisson, et joue un r\u00f4le important dans l&rsquo;analyse et l&rsquo;am\u00e9lioration du processus de production des r\u00e9cipients en verre, le test et l&rsquo;inspection des bouteilles en verre, et l&rsquo;inspection des mat\u00e9riaux entrants.<\/div>\n<p>&nbsp;<\/p>\n<h3>Les avantages<\/h3>\n<div class='prodocut_content'>1) Possibilit\u00e9 d&rsquo;effectuer des mesures qualitatives et quantitatives<br \/>\n2) Facilit\u00e9 d&rsquo;utilisation et de fonctionnement, pr\u00e9cision des mesures ;<br \/>\n3) Bonne compatibilit\u00e9, peut tester une large gamme de dimensions ;<br \/>\n4) Affichage num\u00e9rique des r\u00e9sultats des tests ;<br \/>\n5) Certificat d&rsquo;\u00e9talonnage en usine.<\/div>\n","protected":false},"excerpt":{"rendered":"<h3>Testeur de stress pour bouteilles en verre<\/h3>\n","protected":false},"featured_media":560,"comment_status":"closed","ping_status":"closed","template":"","meta":[],"product_brand":[],"product_cat":[26,21,85],"product_tag":[],"class_list":{"0":"post-518","1":"product","2":"type-product","3":"status-publish","4":"has-post-thumbnail","6":"product_cat-bouteilles-en-verre-bouteilles-de-biere-vin-whisky","7":"product_cat-laboratoire","8":"product_cat-stresser","10":"first","11":"instock","12":"shipping-taxable","13":"product-type-simple"},"aioseo_notices":[],"_links":{"self":[{"href":"https:\/\/www.canneed.com\/fr\/wp-json\/wp\/v2\/product\/518","targetHints":{"allow":["GET"]}}],"collection":[{"href":"https:\/\/www.canneed.com\/fr\/wp-json\/wp\/v2\/product"}],"about":[{"href":"https:\/\/www.canneed.com\/fr\/wp-json\/wp\/v2\/types\/product"}],"replies":[{"embeddable":true,"href":"https:\/\/www.canneed.com\/fr\/wp-json\/wp\/v2\/comments?post=518"}],"wp:featuredmedia":[{"embeddable":true,"href":"https:\/\/www.canneed.com\/fr\/wp-json\/wp\/v2\/media\/560"}],"wp:attachment":[{"href":"https:\/\/www.canneed.com\/fr\/wp-json\/wp\/v2\/media?parent=518"}],"wp:term":[{"taxonomy":"product_brand","embeddable":true,"href":"https:\/\/www.canneed.com\/fr\/wp-json\/wp\/v2\/product_brand?post=518"},{"taxonomy":"product_cat","embeddable":true,"href":"https:\/\/www.canneed.com\/fr\/wp-json\/wp\/v2\/product_cat?post=518"},{"taxonomy":"product_tag","embeddable":true,"href":"https:\/\/www.canneed.com\/fr\/wp-json\/wp\/v2\/product_tag?post=518"}],"curies":[{"name":"wp","href":"https:\/\/api.w.org\/{rel}","templated":true}]}}