{"id":517,"date":"2025-05-13T15:58:54","date_gmt":"2025-05-13T07:58:54","guid":{"rendered":"http:\/\/www.canneed.com\/fr\/?post_type=product&#038;p=517"},"modified":"2025-05-13T15:59:04","modified_gmt":"2025-05-13T07:59:04","slug":"canneed-sst-300s","status":"publish","type":"product","link":"https:\/\/www.canneed.com\/fr\/product\/canneed-sst-300s\/","title":{"rendered":"CanNeed-SST-300S"},"content":{"rendered":"<p>&nbsp;<\/p>\n<h3>Application<\/h3>\n<div class='prodocut_content'>Indicateur de qualification du sceau de bouchage : 0,2 Mpa (par exemple, eau min\u00e9rale, th\u00e9)<\/p>\n<p>Bouteille PET sans gaz : 0,2 Mpa (par exemple eau min\u00e9rale, th\u00e9)<\/p>\n<p>Bouteille PET a\u00e9r\u00e9e : 1,0 Mpa (par exemple, cola)<\/p>\n<p>Bouteille en verre avec capsule couronne : 1,0 Mpa (par exemple, bi\u00e8re)<\/p>\n<p>Bouteilles en verre non gaz\u00e9es &#8211; bouchons en plastique et produits \u00e0 bouchon \u00e0 vis en aluminium : 0,2 Mpa (par exemple, sauce soja et vin blanc)<\/p>\n<p>Bo\u00eetes de conserve ou boissons en conserve : 0,2 Mpa (par exemple, Wanglaoji)<\/div>\n<p>&nbsp;<\/p>\n<h3>Les avantages<\/h3>\n<div class='prodocut_content'>1\uff09Three stations testing, improved efficiency, can be used to measure both puncture method and cutting method, convenient and quick.<\/p>\n<p>2\uff09T\u00eate de perforation directe, \u00e9chantillon fixe, facile \u00e0 utiliser, pour \u00e9viter les \u00e9checs de mesure dus \u00e0 une mauvaise \u00e9tanch\u00e9it\u00e9 de la t\u00eate de perforation.<\/p>\n<p>3\uff09Multiples mesures de protection de la s\u00e9curit\u00e9.<\/p>\n<p>4\uff09Importation de vannes de contr\u00f4le, de connecteurs et de raccords de marque mondialement connue, la qualit\u00e9 peut \u00eatre compar\u00e9e \u00e0 celle de n&rsquo;importe quel produit similaire dans le monde.<\/p>\n<p>5\uff09 Haute sensibilit\u00e9 et lecture pr\u00e9cise.<\/p>\n<p>6) Utilisation d&rsquo;air comprim\u00e9 ou de dioxyde de carbone pour le gonflage et la pressurisation.<\/p>\n<p>7) Fabriqu\u00e9 en aluminium trait\u00e9 par oxydation, r\u00e9servoir en acier inoxydable antid\u00e9flagrant avec protection de l&rsquo;\u00e9cran et mat\u00e9riaux plastiques, robuste et durable.<\/div>\n","protected":false},"excerpt":{"rendered":"<h3>Testeur de joints de bouchage (Type de jauge 3 t\u00eates)<\/h3>\n","protected":false},"featured_media":559,"comment_status":"closed","ping_status":"closed","template":"","meta":[],"product_brand":[],"product_cat":[33,32,65,21],"product_tag":[],"class_list":{"0":"post-517","1":"product","2":"type-product","3":"status-publish","4":"has-post-thumbnail","6":"product_cat-bouteilles-pet-boissons-bouteilles-pet-embryons-de-bouteilles-bouchons-en-plastique","7":"product_cat-cosmetiques-medicaments-aliments-en-sac","8":"product_cat-etancheite-fuite","9":"product_cat-laboratoire","11":"first","12":"instock","13":"shipping-taxable","14":"product-type-simple"},"aioseo_notices":[],"_links":{"self":[{"href":"https:\/\/www.canneed.com\/fr\/wp-json\/wp\/v2\/product\/517","targetHints":{"allow":["GET"]}}],"collection":[{"href":"https:\/\/www.canneed.com\/fr\/wp-json\/wp\/v2\/product"}],"about":[{"href":"https:\/\/www.canneed.com\/fr\/wp-json\/wp\/v2\/types\/product"}],"replies":[{"embeddable":true,"href":"https:\/\/www.canneed.com\/fr\/wp-json\/wp\/v2\/comments?post=517"}],"wp:featuredmedia":[{"embeddable":true,"href":"https:\/\/www.canneed.com\/fr\/wp-json\/wp\/v2\/media\/559"}],"wp:attachment":[{"href":"https:\/\/www.canneed.com\/fr\/wp-json\/wp\/v2\/media?parent=517"}],"wp:term":[{"taxonomy":"product_brand","embeddable":true,"href":"https:\/\/www.canneed.com\/fr\/wp-json\/wp\/v2\/product_brand?post=517"},{"taxonomy":"product_cat","embeddable":true,"href":"https:\/\/www.canneed.com\/fr\/wp-json\/wp\/v2\/product_cat?post=517"},{"taxonomy":"product_tag","embeddable":true,"href":"https:\/\/www.canneed.com\/fr\/wp-json\/wp\/v2\/product_tag?post=517"}],"curies":[{"name":"wp","href":"https:\/\/api.w.org\/{rel}","templated":true}]}}