{"id":516,"date":"2025-05-13T15:58:54","date_gmt":"2025-05-13T07:58:54","guid":{"rendered":"http:\/\/www.canneed.com\/fr\/?post_type=product&#038;p=516"},"modified":"2025-05-13T15:59:03","modified_gmt":"2025-05-13T07:59:03","slug":"canneed-dsst-300p","status":"publish","type":"product","link":"https:\/\/www.canneed.com\/fr\/product\/canneed-dsst-300p\/","title":{"rendered":"CanNeed-DSST-300P"},"content":{"rendered":"<p>&nbsp;<\/p>\n<h3>Application<\/h3>\n<div class='prodocut_content'>Indicateur de qualification du sceau de bouchage : 0,2 Mpa (par exemple, eau min\u00e9rale, th\u00e9)<\/p>\n<p>Bouteille PET sans gaz : 0,2 Mpa (par exemple eau min\u00e9rale, th\u00e9)<\/p>\n<p>Bouteille PET a\u00e9r\u00e9e : 1,0 Mpa (par exemple, cola)<\/p>\n<p>Bouteille en verre avec capsule couronne : 1,0 Mpa (par exemple, bi\u00e8re)<\/p>\n<p>Bouteilles en verre non gaz\u00e9es &#8211; bouchons en plastique et produits \u00e0 bouchon \u00e0 vis en aluminium : 0,2 Mpa (par exemple, sauce soja et vin blanc)<\/p>\n<p>Bo\u00eetes de conserve ou boissons en conserve : 0,2 Mpa (par exemple, Wanglaoji)<\/div>\n<p>&nbsp;<\/p>\n<h3>Les avantages<\/h3>\n<div class='prodocut_content'>1\uff09Three station test, improve efficiency, can be used to measure by piercing method as well as cutting method, convenient and quick.<\/p>\n<p>2) Contr\u00f4le PLC + \u00e9cran tactile, affichage num\u00e9rique et enregistrement des r\u00e9sultats de mesure.<\/p>\n<p>3) Sortie de donn\u00e9es RS232 C, les donn\u00e9es peuvent \u00eatre automatiquement transmises au syst\u00e8me SPC.<\/p>\n<p>4) T\u00eate de ponction directe, fixation de l&rsquo;\u00e9chantillon, op\u00e9ration pratique, \u00e9vite les \u00e9checs de mesure caus\u00e9s par une mauvaise \u00e9tanch\u00e9it\u00e9 de la t\u00eate de ponction.<\/p>\n<p>5) Augmentation programm\u00e9e de la pression, la limite sup\u00e9rieure de d\u00e9tection est r\u00e9glable &#8211; le temps pour atteindre la pression maximale est r\u00e9glable.<\/p>\n<p>6) Temps de maintien r\u00e9glable \u00e0 la pression pr\u00e9r\u00e9gl\u00e9e (SP-1) avant d&rsquo;atteindre la pression maximale (SP-2).<\/p>\n<p>7) Deux valves de contr\u00f4le de vitesse pour ajuster la vitesse de mont\u00e9e des deux pressions respectivement.<\/p>\n<p>8\uff09Multiples mesures de protection de la s\u00e9curit\u00e9.<\/p>\n<p>(9) L&rsquo;utilisation de vannes de contr\u00f4le, de connecteurs et de raccords import\u00e9s de marques mondialement connues permet de comparer la qualit\u00e9 de l&rsquo;appareil \u00e0 celle de n&rsquo;importe quel produit similaire dans le monde.<\/p>\n<p>10) Haute sensibilit\u00e9 et lecture pr\u00e9cise.<\/p>\n<p>11) Utilisation d&rsquo;air comprim\u00e9 ou de dioxyde de carbone pour le gonflage et la pressurisation.<\/p>\n<p>12) Fabriqu\u00e9 en aluminium oxyd\u00e9, r\u00e9servoir en acier inoxydable antid\u00e9flagrant avec protection par \u00e9cran et mat\u00e9riaux plastiques, solide et durable.<\/p>\n<p>(13) Appareils \u00e9lectriques et eau, gaz compl\u00e8tement s\u00e9par\u00e9s, protection efficace de la s\u00e9curit\u00e9 \u00e9lectrique.<\/div>\n","protected":false},"excerpt":{"rendered":"<h3>Testeur de scellabilit\u00e9 des bouchons (affichage num\u00e9rique 3 t\u00eates)<\/h3>\n","protected":false},"featured_media":558,"comment_status":"closed","ping_status":"closed","template":"","meta":[],"product_brand":[],"product_cat":[33,32,65,21],"product_tag":[],"class_list":{"0":"post-516","1":"product","2":"type-product","3":"status-publish","4":"has-post-thumbnail","6":"product_cat-bouteilles-pet-boissons-bouteilles-pet-embryons-de-bouteilles-bouchons-en-plastique","7":"product_cat-cosmetiques-medicaments-aliments-en-sac","8":"product_cat-etancheite-fuite","9":"product_cat-laboratoire","11":"first","12":"instock","13":"featured","14":"shipping-taxable","15":"product-type-simple"},"aioseo_notices":[],"_links":{"self":[{"href":"https:\/\/www.canneed.com\/fr\/wp-json\/wp\/v2\/product\/516","targetHints":{"allow":["GET"]}}],"collection":[{"href":"https:\/\/www.canneed.com\/fr\/wp-json\/wp\/v2\/product"}],"about":[{"href":"https:\/\/www.canneed.com\/fr\/wp-json\/wp\/v2\/types\/product"}],"replies":[{"embeddable":true,"href":"https:\/\/www.canneed.com\/fr\/wp-json\/wp\/v2\/comments?post=516"}],"wp:featuredmedia":[{"embeddable":true,"href":"https:\/\/www.canneed.com\/fr\/wp-json\/wp\/v2\/media\/558"}],"wp:attachment":[{"href":"https:\/\/www.canneed.com\/fr\/wp-json\/wp\/v2\/media?parent=516"}],"wp:term":[{"taxonomy":"product_brand","embeddable":true,"href":"https:\/\/www.canneed.com\/fr\/wp-json\/wp\/v2\/product_brand?post=516"},{"taxonomy":"product_cat","embeddable":true,"href":"https:\/\/www.canneed.com\/fr\/wp-json\/wp\/v2\/product_cat?post=516"},{"taxonomy":"product_tag","embeddable":true,"href":"https:\/\/www.canneed.com\/fr\/wp-json\/wp\/v2\/product_tag?post=516"}],"curies":[{"name":"wp","href":"https:\/\/api.w.org\/{rel}","templated":true}]}}