{"id":513,"date":"2025-05-13T15:58:53","date_gmt":"2025-05-13T07:58:53","guid":{"rendered":"http:\/\/www.canneed.com\/fr\/?post_type=product&#038;p=513"},"modified":"2025-05-13T15:59:02","modified_gmt":"2025-05-13T07:59:02","slug":"x-chip-200","status":"publish","type":"product","link":"https:\/\/www.canneed.com\/fr\/product\/x-chip-200\/","title":{"rendered":"X-Chip-200"},"content":{"rendered":"<p>&nbsp;<\/p>\n<h3>Application<\/h3>\n<div class='prodocut_content'>La machine de comptage X-Chip-200 SMT est utilis\u00e9e dans l&rsquo;entrep\u00f4t SMT pour l&rsquo;inventaire des mat\u00e9riaux retourn\u00e9s et l&rsquo;analyse statistique des donn\u00e9es correspondantes.<\/div>\n<p>&nbsp;<\/p>\n<h3>Les avantages<\/h3>\n<div class='prodocut_content'>1\u3001Am\u00e9liorer la vitesse de comptage des mat\u00e9riaux<\/p>\n<p>2\u3001R\u00e9duire la main-d&rsquo;\u0153uvre n\u00e9cessaire au comptage des mat\u00e9riaux<\/p>\n<p>3\u3001Am\u00e9liorer la pr\u00e9cision du comptage des mat\u00e9riaux<\/p>\n<p>4\u3001Automatic docking ERP system (syst\u00e8me ERP d&rsquo;accostage automatique)<\/div>\n","protected":false},"excerpt":{"rendered":"<h3>Machine de rep\u00e9rage SMT<\/h3>\n","protected":false},"featured_media":555,"comment_status":"closed","ping_status":"closed","template":"","meta":[],"product_brand":[],"product_cat":[75,27,76],"product_tag":[],"class_list":{"0":"post-513","1":"product","2":"type-product","3":"status-publish","4":"has-post-thumbnail","6":"product_cat-cms-electronique-mini-led","7":"product_cat-ligne-de-conditionnement-en-ligne","8":"product_cat-radiographie","10":"first","11":"instock","12":"shipping-taxable","13":"product-type-simple"},"aioseo_notices":[],"_links":{"self":[{"href":"https:\/\/www.canneed.com\/fr\/wp-json\/wp\/v2\/product\/513","targetHints":{"allow":["GET"]}}],"collection":[{"href":"https:\/\/www.canneed.com\/fr\/wp-json\/wp\/v2\/product"}],"about":[{"href":"https:\/\/www.canneed.com\/fr\/wp-json\/wp\/v2\/types\/product"}],"replies":[{"embeddable":true,"href":"https:\/\/www.canneed.com\/fr\/wp-json\/wp\/v2\/comments?post=513"}],"wp:featuredmedia":[{"embeddable":true,"href":"https:\/\/www.canneed.com\/fr\/wp-json\/wp\/v2\/media\/555"}],"wp:attachment":[{"href":"https:\/\/www.canneed.com\/fr\/wp-json\/wp\/v2\/media?parent=513"}],"wp:term":[{"taxonomy":"product_brand","embeddable":true,"href":"https:\/\/www.canneed.com\/fr\/wp-json\/wp\/v2\/product_brand?post=513"},{"taxonomy":"product_cat","embeddable":true,"href":"https:\/\/www.canneed.com\/fr\/wp-json\/wp\/v2\/product_cat?post=513"},{"taxonomy":"product_tag","embeddable":true,"href":"https:\/\/www.canneed.com\/fr\/wp-json\/wp\/v2\/product_tag?post=513"}],"curies":[{"name":"wp","href":"https:\/\/api.w.org\/{rel}","templated":true}]}}