{"id":511,"date":"2025-05-13T15:58:53","date_gmt":"2025-05-13T07:58:53","guid":{"rendered":"http:\/\/www.canneed.com\/fr\/?post_type=product&#038;p=511"},"modified":"2025-05-13T15:59:00","modified_gmt":"2025-05-13T07:59:00","slug":"mtauto-3828","status":"publish","type":"product","link":"https:\/\/www.canneed.com\/fr\/product\/mtauto-3828\/","title":{"rendered":"MTAuto-3828"},"content":{"rendered":"<p>&nbsp;<\/p>\n<h3>Application<\/h3>\n<div class='prodocut_content'>Le testeur de transmittance de verre automobile MTAuto-3828 est un \u00e9quipement de test de transmittance de plaques de verre de grande taille \u00e0 d\u00e9calage automatique pouvant mesurer plusieurs trous IR. L&rsquo;utilisateur peut ajuster la fixation, adapt\u00e9e \u00e0 diff\u00e9rentes tailles de panneaux de verre, tels que les voitures, les instruments automobiles, la navigation, les tablettes PC et ainsi de suite. R\u00e9alise le changement automatique, la mesure automatique, pratique et rapide, am\u00e9liore l&rsquo;efficacit\u00e9 du travail.<\/p>\n<p>La source de lumi\u00e8re passe par le module de chemin lumineux et l&rsquo;objectif, la lumi\u00e8re est focalis\u00e9e sur un point de 0,2 mm, le point passe par les trous IR du produit ou l&rsquo;ic\u00f4ne dans le collecteur spectral, le collecteur spectral est transmis au spectrom\u00e8tre pour analyser la lumi\u00e8re, et est con\u00e7u pour avoir une cam\u00e9ra pour observer la d\u00e9tection du point s&rsquo;il atteint la zone de d\u00e9tection, afin de garantir la pr\u00e9cision des donn\u00e9es.<\/div>\n<p>&nbsp;<\/p>\n<h3>Les avantages<\/h3>\n<div class='prodocut_content'>1\u3001Automatic shifting, automatic measurement, avoid human error, convenient and efficient.<br \/>\n2\u3001L&rsquo;adsorption sous vide de la plate-forme du produit permet un positionnement pr\u00e9cis.<br \/>\n3\u3001Grande gamme de plates-formes de mouvement, grande capacit\u00e9 d&rsquo;adaptation.<br \/>\n4\u3001Les utilisateurs peuvent d\u00e9finir leurs propres exigences de d\u00e9tection pour chaque position : longueur d&rsquo;onde caract\u00e9ristique, limites sup\u00e9rieures et inf\u00e9rieures de la technologie achromatique \u00e0 large bande.<br \/>\n5, technologie \u00e0 grande ouverture num\u00e9rique, l&rsquo;utilisation d&rsquo;une grande ouverture num\u00e9rique : 0,22 conception de l&rsquo;acc\u00e8s de couplage de fibre optique et la collecte, ce qui am\u00e9liore consid\u00e9rablement la sensibilit\u00e9 de l&rsquo;instrument.<br \/>\n6. Technologie d&rsquo;acquisition par sph\u00e8re int\u00e9grante utilisant la d\u00e9tection par sph\u00e8re int\u00e9grante, une solution compl\u00e8te au probl\u00e8me de l&rsquo;aberration chromatique hors foyer g\u00e9n\u00e9r\u00e9e par l&rsquo;acquisition par objectif ordinaire (c&rsquo;est-\u00e0-dire que les courtes longueurs d&rsquo;onde et les grandes longueurs d&rsquo;onde ne sont pas dans le m\u00eame point focal, la meilleure position de d\u00e9tection ne peut pas \u00eatre atteinte en m\u00eame temps). Notre technologie \u00e0 haute \u00e9nergie peut r\u00e9soudre compl\u00e8tement ce probl\u00e8me, le temps de d\u00e9tection peut \u00eatre de 100 \u00e0 200 ms.<br \/>\n7, le fond de la technologie d&rsquo;\u00e9clairage invers\u00e9 utilisant le fond de l&rsquo;\u00e9clairage et int\u00e9grant la structure de commutation de collecte de sph\u00e8re, pratique pour les utilisateurs d&rsquo;observer si le spot est pr\u00e9cis\u00e9ment frapp\u00e9 la position de la cible, l&rsquo;effet d&rsquo;observation est tr\u00e8s excellent.<br \/>\n8\u3001La technologie de conception structurelle sp\u00e9ciale sans se soucier de l&rsquo;interf\u00e9rence de la lumi\u00e8re externe, dans les conditions confocales de la lumi\u00e8re externe ne peut pas entrer dans le chemin optique du syst\u00e8me.<br \/>\n9, les donn\u00e9es sont sauvegard\u00e9es en permanence dans la base de donn\u00e9es, les donn\u00e9es peuvent \u00eatre export\u00e9es vers excel.<\/div>\n","protected":false},"excerpt":{"rendered":"<h3>Testeur de transmittance des vitres de voiture<\/h3>\n","protected":false},"featured_media":550,"comment_status":"closed","ping_status":"closed","template":"","meta":[],"product_brand":[],"product_cat":[67,21,84],"product_tag":[],"class_list":{"0":"post-511","1":"product","2":"type-product","3":"status-publish","4":"has-post-thumbnail","6":"product_cat-couverture-en-verre-de-telephone-portable","7":"product_cat-laboratoire","8":"product_cat-spectrometre-transmittance","10":"first","11":"instock","12":"shipping-taxable","13":"product-type-simple"},"aioseo_notices":[],"_links":{"self":[{"href":"https:\/\/www.canneed.com\/fr\/wp-json\/wp\/v2\/product\/511","targetHints":{"allow":["GET"]}}],"collection":[{"href":"https:\/\/www.canneed.com\/fr\/wp-json\/wp\/v2\/product"}],"about":[{"href":"https:\/\/www.canneed.com\/fr\/wp-json\/wp\/v2\/types\/product"}],"replies":[{"embeddable":true,"href":"https:\/\/www.canneed.com\/fr\/wp-json\/wp\/v2\/comments?post=511"}],"wp:featuredmedia":[{"embeddable":true,"href":"https:\/\/www.canneed.com\/fr\/wp-json\/wp\/v2\/media\/550"}],"wp:attachment":[{"href":"https:\/\/www.canneed.com\/fr\/wp-json\/wp\/v2\/media?parent=511"}],"wp:term":[{"taxonomy":"product_brand","embeddable":true,"href":"https:\/\/www.canneed.com\/fr\/wp-json\/wp\/v2\/product_brand?post=511"},{"taxonomy":"product_cat","embeddable":true,"href":"https:\/\/www.canneed.com\/fr\/wp-json\/wp\/v2\/product_cat?post=511"},{"taxonomy":"product_tag","embeddable":true,"href":"https:\/\/www.canneed.com\/fr\/wp-json\/wp\/v2\/product_tag?post=511"}],"curies":[{"name":"wp","href":"https:\/\/api.w.org\/{rel}","templated":true}]}}