{"id":508,"date":"2025-05-13T15:58:53","date_gmt":"2025-05-13T07:58:53","guid":{"rendered":"http:\/\/www.canneed.com\/fr\/?post_type=product&#038;p=508"},"modified":"2025-05-13T15:58:58","modified_gmt":"2025-05-13T07:58:58","slug":"canneed-amg-300","status":"publish","type":"product","link":"https:\/\/www.canneed.com\/fr\/product\/canneed-amg-300\/","title":{"rendered":"CanNeed-AMG-300"},"content":{"rendered":"<p>&nbsp;<\/p>\n<h3>Application<\/h3>\n<div class='prodocut_content'>La jauge de mesure d&rsquo;a\u00e9rosol CanNeed AMG-300 est une jauge pratique pour les bo\u00eetes d&rsquo;a\u00e9rosol, elle peut mesurer 6 caract\u00e9ristiques dans une seule jauge compacte. Elle mesure les caract\u00e9ristiques suivantes :<br \/>\n1) Hauteur du bidon sur toute la surface (E)<br \/>\n2) Hauteur de la bombe sur les joints (D)<br \/>\n3) Hauteur de la bo\u00eete entre les joints (F)<br \/>\n4) Diam\u00e8tre ext\u00e9rieur de la bo\u00eete (K),<br \/>\n5) Diam\u00e8tre ext\u00e9rieur du joint sup\u00e9rieur<br \/>\n6) Diam\u00e8tre ext\u00e9rieur du joint inf\u00e9rieur<br \/>\nLe CanNeed AMG-300 permet d&rsquo;\u00e9conomiser un temps pr\u00e9cieux et de l&rsquo;espace sur la table. Il combine cinq jauges essentielles pour les bo\u00eetes d&rsquo;a\u00e9rosol en une seule jauge de mesure pratique.<\/div>\n<p>&nbsp;<\/p>\n<h3>Les avantages<\/h3>\n<div class='prodocut_content'>1) N\u00e9cessite peu de formation et est extr\u00eamement facile \u00e0 utiliser ;<br \/>\n2) Produire des mesures avec une r\u00e9p\u00e9tabilit\u00e9 et une reproductibilit\u00e9 extr\u00eamement \u00e9lev\u00e9es ;<br \/>\n3) La conception mains libres remplace les jauges manuelles individuelles et \u00e9limine les variations de mesure dues \u00e0 l&rsquo;interf\u00e9rence de l&rsquo;op\u00e9rateur.<\/div>\n","protected":false},"excerpt":{"rendered":"<h3>Jauge de mesure des a\u00e9rosols<\/h3>\n","protected":false},"featured_media":541,"comment_status":"closed","ping_status":"closed","template":"","meta":[],"product_brand":[],"product_cat":[22,30,21],"product_tag":[],"class_list":{"0":"post-508","1":"product","2":"type-product","3":"status-publish","4":"has-post-thumbnail","6":"product_cat-canette-aerosol-en-trois-parties-revetement","7":"product_cat-dimensions","8":"product_cat-laboratoire","10":"first","11":"instock","12":"shipping-taxable","13":"product-type-simple"},"aioseo_notices":[],"_links":{"self":[{"href":"https:\/\/www.canneed.com\/fr\/wp-json\/wp\/v2\/product\/508","targetHints":{"allow":["GET"]}}],"collection":[{"href":"https:\/\/www.canneed.com\/fr\/wp-json\/wp\/v2\/product"}],"about":[{"href":"https:\/\/www.canneed.com\/fr\/wp-json\/wp\/v2\/types\/product"}],"replies":[{"embeddable":true,"href":"https:\/\/www.canneed.com\/fr\/wp-json\/wp\/v2\/comments?post=508"}],"wp:featuredmedia":[{"embeddable":true,"href":"https:\/\/www.canneed.com\/fr\/wp-json\/wp\/v2\/media\/541"}],"wp:attachment":[{"href":"https:\/\/www.canneed.com\/fr\/wp-json\/wp\/v2\/media?parent=508"}],"wp:term":[{"taxonomy":"product_brand","embeddable":true,"href":"https:\/\/www.canneed.com\/fr\/wp-json\/wp\/v2\/product_brand?post=508"},{"taxonomy":"product_cat","embeddable":true,"href":"https:\/\/www.canneed.com\/fr\/wp-json\/wp\/v2\/product_cat?post=508"},{"taxonomy":"product_tag","embeddable":true,"href":"https:\/\/www.canneed.com\/fr\/wp-json\/wp\/v2\/product_tag?post=508"}],"curies":[{"name":"wp","href":"https:\/\/api.w.org\/{rel}","templated":true}]}}