{"id":507,"date":"2025-05-13T15:58:53","date_gmt":"2025-05-13T07:58:53","guid":{"rendered":"http:\/\/www.canneed.com\/fr\/?post_type=product&#038;p=507"},"modified":"2025-05-13T15:58:58","modified_gmt":"2025-05-13T07:58:58","slug":"canneed-clt-300","status":"publish","type":"product","link":"https:\/\/www.canneed.com\/fr\/product\/canneed-clt-300\/","title":{"rendered":"CanNeed-CLT-300"},"content":{"rendered":"<p>&nbsp;<\/p>\n<h3>Application<\/h3>\n<div class='prodocut_content'>Le \u00ab CanNeed-CLT-600 Leak Tester for can \u00bb est utilis\u00e9 pour v\u00e9rifier l&rsquo;\u00e9tanch\u00e9it\u00e9 des bo\u00eetes de conserve 3 pi\u00e8ces dans un bain d&rsquo;eau. Il peut tester six bo\u00eetes par essai.<\/p>\n<p>M\u00e9thode de test : Placer les bo\u00eetes de conserve sur le plateau, les bo\u00eetes seront fix\u00e9es par le disque magn\u00e9tique, serrer les bo\u00eetes pour sceller le dessus, puis immerger les bo\u00eetes dans l&rsquo;eau et appliquer une pression sur les bo\u00eetes.&nbsp;<\/p>\n<p>Observer le corps de la bo\u00eete pour voir s&rsquo;il y a des bulles qui sortent, si des bulles sortent constamment du corps de la bo\u00eete, cela signifie que les bo\u00eetes d&rsquo;\u00e9chantillonnage fuient.&nbsp;<\/p>\n<p>Pendant le test, l&rsquo;op\u00e9rateur peut retourner les \u00e9chantillons pour observer facilement le dessus et le dessous de la bo\u00eete, le corps de la bo\u00eete et la ligne de soudure.&nbsp;<\/p>\n<p>La proc\u00e9dure de test est effectu\u00e9e de mani\u00e8re semi-automatique et le testeur est adapt\u00e9 \u00e0 diff\u00e9rentes tailles de bo\u00eetes rondes 3 pi\u00e8ces.<\/div>\n<p>&nbsp;<\/p>\n<h3>Les avantages<\/h3>\n<div class='prodocut_content'>\n<ol>\n<li>\n\t\tSerrage ind\u00e9pendant du diam\u00e8tre de la bo\u00eete\n\t<\/li>\n<li>\n\t\tFonctionnement simple\n\t<\/li>\n<li>\n\t\tCoutures lat\u00e9rales et d&rsquo;extr\u00e9mit\u00e9 visibles\n\t<\/li>\n<\/ol>\n<\/div>\n","protected":false},"excerpt":{"rendered":"<h3>Testeur de fuites pour bo\u00eetes de conserve<\/h3>\n","protected":false},"featured_media":538,"comment_status":"closed","ping_status":"closed","template":"","meta":[],"product_brand":[],"product_cat":[22,65,21],"product_tag":[],"class_list":{"0":"post-507","1":"product","2":"type-product","3":"status-publish","4":"has-post-thumbnail","6":"product_cat-canette-aerosol-en-trois-parties-revetement","7":"product_cat-etancheite-fuite","8":"product_cat-laboratoire","10":"first","11":"instock","12":"shipping-taxable","13":"product-type-simple"},"aioseo_notices":[],"_links":{"self":[{"href":"https:\/\/www.canneed.com\/fr\/wp-json\/wp\/v2\/product\/507","targetHints":{"allow":["GET"]}}],"collection":[{"href":"https:\/\/www.canneed.com\/fr\/wp-json\/wp\/v2\/product"}],"about":[{"href":"https:\/\/www.canneed.com\/fr\/wp-json\/wp\/v2\/types\/product"}],"replies":[{"embeddable":true,"href":"https:\/\/www.canneed.com\/fr\/wp-json\/wp\/v2\/comments?post=507"}],"wp:featuredmedia":[{"embeddable":true,"href":"https:\/\/www.canneed.com\/fr\/wp-json\/wp\/v2\/media\/538"}],"wp:attachment":[{"href":"https:\/\/www.canneed.com\/fr\/wp-json\/wp\/v2\/media?parent=507"}],"wp:term":[{"taxonomy":"product_brand","embeddable":true,"href":"https:\/\/www.canneed.com\/fr\/wp-json\/wp\/v2\/product_brand?post=507"},{"taxonomy":"product_cat","embeddable":true,"href":"https:\/\/www.canneed.com\/fr\/wp-json\/wp\/v2\/product_cat?post=507"},{"taxonomy":"product_tag","embeddable":true,"href":"https:\/\/www.canneed.com\/fr\/wp-json\/wp\/v2\/product_tag?post=507"}],"curies":[{"name":"wp","href":"https:\/\/api.w.org\/{rel}","templated":true}]}}