{"id":506,"date":"2025-05-13T15:58:53","date_gmt":"2025-05-13T07:58:53","guid":{"rendered":"http:\/\/www.canneed.com\/fr\/?post_type=product&#038;p=506"},"modified":"2025-05-13T15:58:57","modified_gmt":"2025-05-13T07:58:57","slug":"canneed-rdg-100","status":"publish","type":"product","link":"https:\/\/www.canneed.com\/fr\/product\/canneed-rdg-100\/","title":{"rendered":"CanNeed-RDG-100"},"content":{"rendered":"<p>&nbsp;<\/p>\n<h3>Application<\/h3>\n<div class='prodocut_content'>La jauge de d\u00f4me de r\u00e9forme CanNeed-RDG-100 est utilis\u00e9e pour mesurer le diam\u00e8tre interne (G) du d\u00f4me de r\u00e9forme.<br \/>\nTels que 200, 202, 206, 209. Mesure du diam\u00e8tre int\u00e9rieur du d\u00f4me<br \/>\n\u00c9quip\u00e9 d&rsquo;un indicateur num\u00e9rique Mitutoyo d&rsquo;une r\u00e9solution de 0,01 mm.<br \/>\nSi l&rsquo;adaptateur et le c\u00e2ble sont achet\u00e9s, la jauge peut \u00eatre connect\u00e9e \u00e0 un ordinateur ou \u00e0 un syst\u00e8me SPC pour la collecte de donn\u00e9es.<br \/>\nInstructions de commande :<br \/>\nVeuillez indiquer le diam\u00e8tre du d\u00f4me avant de passer la commande.<br \/>\nRDG-100-M, la base de la jauge \u00e0 d\u00f4me Reform, n&rsquo;inclut pas la t\u00eate de mesure et la bague d&rsquo;\u00e9talonnage, les utilisateurs doivent choisir les sp\u00e9cifications correspondantes de la t\u00eate de mesure et de la bague d&rsquo;\u00e9talonnage.<\/div>\n","protected":false},"excerpt":{"rendered":"<h3>Instrument de mesure du diam\u00e8tre int\u00e9gral du fond de la cuve<\/h3>\n","protected":false},"featured_media":536,"comment_status":"closed","ping_status":"closed","template":"","meta":[],"product_brand":[],"product_cat":[23,30,21],"product_tag":[],"class_list":{"0":"post-506","1":"product","2":"type-product","3":"status-publish","4":"has-post-thumbnail","6":"product_cat-canette-bouteille-en-aluminium-en-deux-parties","7":"product_cat-dimensions","8":"product_cat-laboratoire","10":"first","11":"instock","12":"shipping-taxable","13":"product-type-simple"},"aioseo_notices":[],"_links":{"self":[{"href":"https:\/\/www.canneed.com\/fr\/wp-json\/wp\/v2\/product\/506","targetHints":{"allow":["GET"]}}],"collection":[{"href":"https:\/\/www.canneed.com\/fr\/wp-json\/wp\/v2\/product"}],"about":[{"href":"https:\/\/www.canneed.com\/fr\/wp-json\/wp\/v2\/types\/product"}],"replies":[{"embeddable":true,"href":"https:\/\/www.canneed.com\/fr\/wp-json\/wp\/v2\/comments?post=506"}],"wp:featuredmedia":[{"embeddable":true,"href":"https:\/\/www.canneed.com\/fr\/wp-json\/wp\/v2\/media\/536"}],"wp:attachment":[{"href":"https:\/\/www.canneed.com\/fr\/wp-json\/wp\/v2\/media?parent=506"}],"wp:term":[{"taxonomy":"product_brand","embeddable":true,"href":"https:\/\/www.canneed.com\/fr\/wp-json\/wp\/v2\/product_brand?post=506"},{"taxonomy":"product_cat","embeddable":true,"href":"https:\/\/www.canneed.com\/fr\/wp-json\/wp\/v2\/product_cat?post=506"},{"taxonomy":"product_tag","embeddable":true,"href":"https:\/\/www.canneed.com\/fr\/wp-json\/wp\/v2\/product_tag?post=506"}],"curies":[{"name":"wp","href":"https:\/\/api.w.org\/{rel}","templated":true}]}}