{"id":453,"date":"2025-05-13T15:58:40","date_gmt":"2025-05-13T07:58:40","guid":{"rendered":"http:\/\/www.canneed.com\/fr\/?post_type=product&#038;p=453"},"modified":"2025-05-13T15:58:50","modified_gmt":"2025-05-13T07:58:50","slug":"canneed-fms-2000","status":"publish","type":"product","link":"https:\/\/www.canneed.com\/fr\/product\/canneed-fms-2000\/","title":{"rendered":"CanNeed-FMS-2000"},"content":{"rendered":"<p>&nbsp;<\/p>\n<h3>Application<\/h3>\n<div class='prodocut_content'>Le syst\u00e8me de mesure automatique de la partie frontale CanNeed-FMS-2000 est utilis\u00e9 pour mesurer la profondeur du fond, la hauteur de la bo\u00eete et l&rsquo;\u00e9paisseur de la paroi sup\u00e9rieure et de la paroi centrale des bo\u00eetes de conserve de deux pi\u00e8ces. Il a \u00e9t\u00e9 con\u00e7u sur la base d&rsquo;une exp\u00e9rience pratique et appliqu\u00e9 \u00e0 l&rsquo;inspection finale. Il peut \u00eatre utilis\u00e9 pour tester diff\u00e9rentes tailles de bo\u00eetes, et il n&rsquo;est pas n\u00e9cessaire de remplacer les pinces.<br \/>\nIl adopte une jauge d&rsquo;\u00e9talonnage standard, un microm\u00e8tre import\u00e9 et un \u00e9cran tactile de contr\u00f4le et d&rsquo;affichage PLC.<\/div>\n<p>&nbsp;<\/p>\n<h3>Les avantages<\/h3>\n<div class='prodocut_content'>&#8211; La mesure automatique permet de gagner du temps et d&rsquo;\u00e9viter les erreurs humaines.<br \/>\n&#8211; Peut mesurer des \u00e9chantillons de diam\u00e8tres et de hauteurs diff\u00e9rents. Remplacement rapide des bo\u00eetes et pas besoin de changer les pinces.<br \/>\n&#8211; Points de transition de l&rsquo;\u00e9paisseur de la paroi<br \/>\n&#8211; La mesure verticale est adopt\u00e9e pour \u00e9viter l&rsquo;erreur de la hauteur de la bo\u00eete et de la profondeur de l&rsquo;arche de fond caus\u00e9e par la mesure invers\u00e9e du r\u00e9servoir.<br \/>\n&#8211; Les capteurs de haute pr\u00e9cision et les plus avanc\u00e9s sont utilis\u00e9s, avec une pr\u00e9cision et une r\u00e9p\u00e9tabilit\u00e9 excellentes (R&#038;R).<br \/>\n&#8211; Mesure efficace, rapide et pr\u00e9cise pour am\u00e9liorer l&rsquo;efficacit\u00e9 de la d\u00e9tection.<br \/>\n&#8211; Solide, durable, facile \u00e0 utiliser et \u00e0 entretenir.<br \/>\n&#8211; T\u00eate de mesure en alliage dur, durable<br \/>\n&#8211; Adopte des composants de classe mondiale<br \/>\n&#8211; Sauvegarde automatique des donn\u00e9es et sortie des r\u00e9sultats des tests vers un ordinateur ou un syst\u00e8me SPC via RS232<br \/>\n&#8211; Porte de protection avec verrouillage de s\u00e9curit\u00e9 pour \u00e9viter les blessures aux mains pendant le processus d&rsquo;essai ou l&rsquo;entretien quotidien.<\/div>\n","protected":false},"excerpt":{"rendered":"<h3>Syst\u00e8me de mesure frontale automatique<\/h3>\n","protected":false},"featured_media":495,"comment_status":"closed","ping_status":"closed","template":"","meta":[],"product_brand":[],"product_cat":[23,30,21],"product_tag":[],"class_list":{"0":"post-453","1":"product","2":"type-product","3":"status-publish","4":"has-post-thumbnail","6":"product_cat-canette-bouteille-en-aluminium-en-deux-parties","7":"product_cat-dimensions","8":"product_cat-laboratoire","10":"first","11":"instock","12":"shipping-taxable","13":"product-type-simple"},"aioseo_notices":[],"_links":{"self":[{"href":"https:\/\/www.canneed.com\/fr\/wp-json\/wp\/v2\/product\/453","targetHints":{"allow":["GET"]}}],"collection":[{"href":"https:\/\/www.canneed.com\/fr\/wp-json\/wp\/v2\/product"}],"about":[{"href":"https:\/\/www.canneed.com\/fr\/wp-json\/wp\/v2\/types\/product"}],"replies":[{"embeddable":true,"href":"https:\/\/www.canneed.com\/fr\/wp-json\/wp\/v2\/comments?post=453"}],"wp:featuredmedia":[{"embeddable":true,"href":"https:\/\/www.canneed.com\/fr\/wp-json\/wp\/v2\/media\/495"}],"wp:attachment":[{"href":"https:\/\/www.canneed.com\/fr\/wp-json\/wp\/v2\/media?parent=453"}],"wp:term":[{"taxonomy":"product_brand","embeddable":true,"href":"https:\/\/www.canneed.com\/fr\/wp-json\/wp\/v2\/product_brand?post=453"},{"taxonomy":"product_cat","embeddable":true,"href":"https:\/\/www.canneed.com\/fr\/wp-json\/wp\/v2\/product_cat?post=453"},{"taxonomy":"product_tag","embeddable":true,"href":"https:\/\/www.canneed.com\/fr\/wp-json\/wp\/v2\/product_tag?post=453"}],"curies":[{"name":"wp","href":"https:\/\/api.w.org\/{rel}","templated":true}]}}