{"id":452,"date":"2025-05-13T15:58:40","date_gmt":"2025-05-13T07:58:40","guid":{"rendered":"http:\/\/www.canneed.com\/fr\/?post_type=product&#038;p=452"},"modified":"2025-05-13T15:58:50","modified_gmt":"2025-05-13T07:58:50","slug":"canneed-zm-1800-d","status":"publish","type":"product","link":"https:\/\/www.canneed.com\/fr\/product\/canneed-zm-1800-d\/","title":{"rendered":"CanNeed-ZM-1800-D"},"content":{"rendered":"<p>&nbsp;<\/p>\n<h3>Application<\/h3>\n<div class='prodocut_content'>La jauge num\u00e9rique CanNeed-ZM-1800-D est con\u00e7ue pour mesurer la longueur, la largeur, la perpendicularit\u00e9 (angle) et la diagonale des feuilles vierges.<\/div>\n<p>&nbsp;<\/p>\n<h3>Les avantages<\/h3>\n<div class='prodocut_content'>* Adopte une grille magn\u00e9tique pr\u00e9cise de marque allemande et est configur\u00e9e avec un indicateur num\u00e9rique.<br \/>\n* Bonne r\u00e9p\u00e9tabilit\u00e9 du r\u00e9sultat de la mesure.<br \/>\n* Affichage continu de la lecture.<br \/>\n* Sortie de donn\u00e9es RS232, capable de transmettre des donn\u00e9es \u00e0 un PC ou \u00e0 un syst\u00e8me SPC.<\/div>\n","protected":false},"excerpt":{"rendered":"<h3>Jauge num\u00e9rique \u00e0 blanc<\/h3>\n","protected":false},"featured_media":494,"comment_status":"closed","ping_status":"closed","template":"","meta":[],"product_brand":[],"product_cat":[22,30,21],"product_tag":[],"class_list":{"0":"post-452","1":"product","2":"type-product","3":"status-publish","4":"has-post-thumbnail","6":"product_cat-canette-aerosol-en-trois-parties-revetement","7":"product_cat-dimensions","8":"product_cat-laboratoire","10":"first","11":"instock","12":"shipping-taxable","13":"product-type-simple"},"aioseo_notices":[],"_links":{"self":[{"href":"https:\/\/www.canneed.com\/fr\/wp-json\/wp\/v2\/product\/452","targetHints":{"allow":["GET"]}}],"collection":[{"href":"https:\/\/www.canneed.com\/fr\/wp-json\/wp\/v2\/product"}],"about":[{"href":"https:\/\/www.canneed.com\/fr\/wp-json\/wp\/v2\/types\/product"}],"replies":[{"embeddable":true,"href":"https:\/\/www.canneed.com\/fr\/wp-json\/wp\/v2\/comments?post=452"}],"wp:featuredmedia":[{"embeddable":true,"href":"https:\/\/www.canneed.com\/fr\/wp-json\/wp\/v2\/media\/494"}],"wp:attachment":[{"href":"https:\/\/www.canneed.com\/fr\/wp-json\/wp\/v2\/media?parent=452"}],"wp:term":[{"taxonomy":"product_brand","embeddable":true,"href":"https:\/\/www.canneed.com\/fr\/wp-json\/wp\/v2\/product_brand?post=452"},{"taxonomy":"product_cat","embeddable":true,"href":"https:\/\/www.canneed.com\/fr\/wp-json\/wp\/v2\/product_cat?post=452"},{"taxonomy":"product_tag","embeddable":true,"href":"https:\/\/www.canneed.com\/fr\/wp-json\/wp\/v2\/product_tag?post=452"}],"curies":[{"name":"wp","href":"https:\/\/api.w.org\/{rel}","templated":true}]}}