{"id":451,"date":"2025-05-13T15:58:40","date_gmt":"2025-05-13T07:58:40","guid":{"rendered":"http:\/\/www.canneed.com\/fr\/?post_type=product&#038;p=451"},"modified":"2025-05-13T15:58:49","modified_gmt":"2025-05-13T07:58:49","slug":"seam-x-on-line-t","status":"publish","type":"product","link":"https:\/\/www.canneed.com\/fr\/product\/seam-x-on-line-t\/","title":{"rendered":"Seam-X-On-Line-T"},"content":{"rendered":"<p>&nbsp;<\/p>\n<h3>Application<\/h3>\n<div class='prodocut_content'>Le scanner automatique de serti Seam-X&reg;-On-Line adopte une m\u00e9thode de mesure non destructive pour mesurer les dimensions du serti. Il peut \u00eatre install\u00e9 en passant par la ligne de production, en pr\u00e9levant des \u00e9chantillons et en les mesurant.<br \/>\n\u00c9l\u00e9ments de mesure : Longueur de la couture, crochet de corps, crochet d&rsquo;extr\u00e9mit\u00e9, chevauchement, % de chevauchement, \u00e9cart de couture, % d&rsquo;aboutage du crochet de corps et % d&rsquo;aboutage du crochet d&rsquo;extr\u00e9mit\u00e9.<br \/>\nIl est possible de mesurer des bo\u00eetes de conserve de diff\u00e9rents mat\u00e9riaux. La combinaison du corps et de l&rsquo;extr\u00e9mit\u00e9 de la bo\u00eete peut \u00eatre la suivante : (1) aluminium et aluminium ; (2) \u00e9tain et \u00e9tain.<br \/>\nSeam-X&reg;-On-Line peut fonctionner avec la jauge d&rsquo;\u00e9paisseur de serti et la jauge de fraisage, pour constituer un syst\u00e8me de mesure complet pour le serti double.<br \/>\nS&rsquo;il est configur\u00e9 avec un syst\u00e8me d&rsquo;\u00e9chantillonnage d&rsquo;identification, il peut faire en sorte que le r\u00e9sultat de chaque bo\u00eete corresponde \u00e0 la t\u00eate de sertisseuse correspondante.<\/div>\n<p>&nbsp;<\/p>\n<h3>Les avantages<\/h3>\n<div class='prodocut_content'>1) Mesure automatique et en ligne, rapide et efficace<br \/>\n2) Fonctionnement sans surveillance, \u00e9conomie de main d&rsquo;\u0153uvre<br \/>\n3) Aucun \u00e9chantillon n&rsquo;est gaspill\u00e9, ce qui permet de r\u00e9duire les co\u00fbts et de prot\u00e9ger l&rsquo;environnement.<br \/>\n4) Plus pr\u00e9cis, \u00e9vite les erreurs de mesure manuelle<br \/>\n5) Haute vitesse et haute fr\u00e9quence d&rsquo;\u00e9chantillonnage, r\u00e9duisant l&rsquo;isolation inf\u00e9rieure<br \/>\n6) Capable de suivre la t\u00eate de couture correspondant \u00e0 l&rsquo;inf\u00e9riorit\u00e9<br \/>\n7) \u00c9jection automatique des inf\u00e9riorit\u00e9s<br \/>\n8) R\u00e9p\u00e9tabilit\u00e9 et reproductibilit\u00e9 exceptionnelles (R&#038;R)<br \/>\n9) Balayage complet \u00e0 360<br \/>\n10) Brevets d&rsquo;invention accord\u00e9s<br \/>\n11) Conforme aux crit\u00e8res de s\u00e9curit\u00e9 de la protection contre les rayonnements X, certifi\u00e9 par une tierce partie (0,08mSV\/an).<br \/>\n12) Fonctionnement s\u00fbr pour \u00e9viter les blessures dues \u00e0 la m\u00e9thode de coupe.<br \/>\n13) Etalonnage facile gr\u00e2ce \u00e0 la pi\u00e8ce d&rsquo;\u00e9talonnage fournie<br \/>\n14) Convient aux bo\u00eetes de conserve de diff\u00e9rentes tailles et sp\u00e9cifications<br \/>\n15) Jugement automatique de la r\u00e9ussite ou de l&rsquo;\u00e9chec<br \/>\n16) Fonction d&rsquo;identification de la soudure pour les bo\u00eetes en 3 parties (en option)<br \/>\n17) Les donn\u00e9es de mesure peuvent \u00eatre stock\u00e9es automatiquement dans le SPC<\/div>\n","protected":false},"excerpt":{"rendered":"<h3>Scanner de serti enti\u00e8rement automatique (\u00e9chantillonnage non destructif et automatique)<\/h3>\n","protected":false},"featured_media":490,"comment_status":"closed","ping_status":"closed","template":"","meta":[],"product_brand":[],"product_cat":[17,22,27,19],"product_tag":[],"class_list":{"0":"post-451","1":"product","2":"type-product","3":"status-publish","4":"has-post-thumbnail","6":"product_cat-biere-en-conserve-boisson-en-conserve-en-conserve","7":"product_cat-canette-aerosol-en-trois-parties-revetement","8":"product_cat-ligne-de-conditionnement-en-ligne","9":"product_cat-ourlet-double","11":"first","12":"instock","13":"shipping-taxable","14":"product-type-simple"},"aioseo_notices":[],"_links":{"self":[{"href":"https:\/\/www.canneed.com\/fr\/wp-json\/wp\/v2\/product\/451","targetHints":{"allow":["GET"]}}],"collection":[{"href":"https:\/\/www.canneed.com\/fr\/wp-json\/wp\/v2\/product"}],"about":[{"href":"https:\/\/www.canneed.com\/fr\/wp-json\/wp\/v2\/types\/product"}],"replies":[{"embeddable":true,"href":"https:\/\/www.canneed.com\/fr\/wp-json\/wp\/v2\/comments?post=451"}],"wp:featuredmedia":[{"embeddable":true,"href":"https:\/\/www.canneed.com\/fr\/wp-json\/wp\/v2\/media\/490"}],"wp:attachment":[{"href":"https:\/\/www.canneed.com\/fr\/wp-json\/wp\/v2\/media?parent=451"}],"wp:term":[{"taxonomy":"product_brand","embeddable":true,"href":"https:\/\/www.canneed.com\/fr\/wp-json\/wp\/v2\/product_brand?post=451"},{"taxonomy":"product_cat","embeddable":true,"href":"https:\/\/www.canneed.com\/fr\/wp-json\/wp\/v2\/product_cat?post=451"},{"taxonomy":"product_tag","embeddable":true,"href":"https:\/\/www.canneed.com\/fr\/wp-json\/wp\/v2\/product_tag?post=451"}],"curies":[{"name":"wp","href":"https:\/\/api.w.org\/{rel}","templated":true}]}}