{"id":450,"date":"2025-05-13T15:58:40","date_gmt":"2025-05-13T07:58:40","guid":{"rendered":"http:\/\/www.canneed.com\/fr\/?post_type=product&#038;p=450"},"modified":"2025-05-13T15:58:48","modified_gmt":"2025-05-13T07:58:48","slug":"id-sampler-1000","status":"publish","type":"product","link":"https:\/\/www.canneed.com\/fr\/product\/id-sampler-1000\/","title":{"rendered":"ID-sampler-1000"},"content":{"rendered":"<p>&nbsp;<\/p>\n<h3>Application<\/h3>\n<div class='prodocut_content'>Les machines de remplissage de bi\u00e8re tournent \u00e0 grande vitesse et le risque d&rsquo;anomalies au niveau de l&rsquo;ajustement m\u00e9canique coulissant et du kit d&rsquo;\u00e9tanch\u00e9it\u00e9 est \u00e9lev\u00e9. Cependant, avec 100 \u00e0 200 t\u00eates de remplissage, il n&rsquo;est pas facile de d\u00e9tecter une anomalie dans l&rsquo;une des t\u00eates de remplissage.<br \/>\nLe syst\u00e8me d&rsquo;\u00e9chantillonnage de valve ID-sampler-1000 contr\u00f4le avec pr\u00e9cision le num\u00e9ro de la valve de remplissage, \u00e9chantillonne le num\u00e9ro de la valve correspondante pour d\u00e9tecter les conditions de remplissage, fournit facilement des statistiques sur le fonctionnement de chaque valve, pr\u00e9dit les intervalles de maintenance des joints de valve, r\u00e9duit le risque de d\u00e9fauts d&#8217;emballage et permet de contr\u00f4ler le fonctionnement de chaque t\u00eate de remplissage.<\/div>\n<p>&nbsp;<\/p>\n<h3>Les avantages<\/h3>\n<div class='prodocut_content'>\u25cf Calibrage de chaque t\u00eate de soupape par des capteurs de haute pr\u00e9cision, suivant la position de la bi\u00e8re remplie et pr\u00e9levant automatiquement l&rsquo;\u00e9chantillon correspondant au num\u00e9ro de la soupape selon le r\u00e9glage.<\/p>\n<p>\u25cf Fonction de d\u00e9tection d&rsquo;\u00e9clatement de bouteille, qui rejette automatiquement les \u00e9chantillons dont la bouteille a \u00e9clat\u00e9 pendant le remplissage de la canette, et rejette les \u00e9chantillons adjacents pour \u00e9viter que des fragments de verre ne tombent dans les \u00e9chantillons environnants.<\/p>\n<p>\u25cf Fonction de d\u00e9tection de bouchon, qui d\u00e9tecte si les \u00e9chantillons sortant de la boucheuse sont compl\u00e8tement bouch\u00e9s, et rejette les \u00e9chantillons dont le bouchage n&rsquo;est pas r\u00e9ussi.<\/p>\n<p>\u25cf La solution de contr\u00f4le PLC est tr\u00e8s fiable et r\u00e9sistante aux interventions dans les sites industriels.<\/p>\n<p>\u25cf Des capteurs tr\u00e8s sensibles fournissent des positions de points tr\u00e8s pr\u00e9cises. Des algorithmes rigoureux suivent les num\u00e9ros individuels des vannes.<\/p>\n<p>\u25cf L&rsquo;interface homme-machine conviviale rend l&rsquo;op\u00e9ration plus pratique et plus flexible. Les param\u00e8tres d&rsquo;\u00e9chantillonnage peuvent \u00eatre d\u00e9finis 50*16 totalisant 800 num\u00e9ros d&rsquo;\u00e9chantillons, jusqu&rsquo;\u00e0 16 \u00e9chantillons dans un cycle d&rsquo;\u00e9chantillonnage.<\/p>\n<p>\u25cf Les capteurs et autres dispositifs de contr\u00f4le sont faciles \u00e0 installer et flexibles.<\/p>\n<p>\u25cf Les types de fonction peuvent \u00eatre d\u00e9finis en fonction de l&rsquo;usine, et peuvent communiquer avec notre oxyg\u00e9nom\u00e8tre total en ligne CanNeed-ATPO-1000 et notre scanner de bord roul\u00e9 enti\u00e8rement automatique en ligne Seam-X&reg;-On-Line pour contr\u00f4ler directement l&rsquo;\u00e9chantillonnage.<\/p><\/div>\n","protected":false},"excerpt":{"rendered":"<h3>Syst\u00e8me d&rsquo;\u00e9chantillonnage \u00e0 vanne fixe<\/h3>\n","protected":false},"featured_media":487,"comment_status":"closed","ping_status":"closed","template":"","meta":[],"product_brand":[],"product_cat":[17,26,33,27,25],"product_tag":[],"class_list":{"0":"post-450","1":"product","2":"type-product","3":"status-publish","4":"has-post-thumbnail","6":"product_cat-biere-en-conserve-boisson-en-conserve-en-conserve","7":"product_cat-bouteilles-en-verre-bouteilles-de-biere-vin-whisky","8":"product_cat-bouteilles-pet-boissons-bouteilles-pet-embryons-de-bouteilles-bouchons-en-plastique","9":"product_cat-ligne-de-conditionnement-en-ligne","10":"product_cat-oxygene-dissous-oxygene-total","12":"first","13":"instock","14":"shipping-taxable","15":"product-type-simple"},"aioseo_notices":[],"_links":{"self":[{"href":"https:\/\/www.canneed.com\/fr\/wp-json\/wp\/v2\/product\/450","targetHints":{"allow":["GET"]}}],"collection":[{"href":"https:\/\/www.canneed.com\/fr\/wp-json\/wp\/v2\/product"}],"about":[{"href":"https:\/\/www.canneed.com\/fr\/wp-json\/wp\/v2\/types\/product"}],"replies":[{"embeddable":true,"href":"https:\/\/www.canneed.com\/fr\/wp-json\/wp\/v2\/comments?post=450"}],"wp:featuredmedia":[{"embeddable":true,"href":"https:\/\/www.canneed.com\/fr\/wp-json\/wp\/v2\/media\/487"}],"wp:attachment":[{"href":"https:\/\/www.canneed.com\/fr\/wp-json\/wp\/v2\/media?parent=450"}],"wp:term":[{"taxonomy":"product_brand","embeddable":true,"href":"https:\/\/www.canneed.com\/fr\/wp-json\/wp\/v2\/product_brand?post=450"},{"taxonomy":"product_cat","embeddable":true,"href":"https:\/\/www.canneed.com\/fr\/wp-json\/wp\/v2\/product_cat?post=450"},{"taxonomy":"product_tag","embeddable":true,"href":"https:\/\/www.canneed.com\/fr\/wp-json\/wp\/v2\/product_tag?post=450"}],"curies":[{"name":"wp","href":"https:\/\/api.w.org\/{rel}","templated":true}]}}