{"id":449,"date":"2025-05-13T15:58:40","date_gmt":"2025-05-13T07:58:40","guid":{"rendered":"http:\/\/www.canneed.com\/fr\/?post_type=product&#038;p=449"},"modified":"2025-05-13T15:58:47","modified_gmt":"2025-05-13T07:58:47","slug":"canneed-atpo-1000","status":"publish","type":"product","link":"https:\/\/www.canneed.com\/fr\/product\/canneed-atpo-1000\/","title":{"rendered":"CanNeed-ATPO-1000"},"content":{"rendered":"<p>&nbsp;<\/p>\n<h3>Application<\/h3>\n<div class='prodocut_content'>Le syst\u00e8me de d\u00e9tection en ligne de l&rsquo;oxyg\u00e8ne total de la bi\u00e8re CanNeed-ATPO-1000 est install\u00e9 dans la d\u00e9rivation de la ligne de production. Il permet de r\u00e9aliser rapidement la surveillance en temps r\u00e9el de l&rsquo;oxyg\u00e8ne total de l&#8217;emballage de la bi\u00e8re, de sorte que le centre de contr\u00f4le de la qualit\u00e9 puisse saisir en temps r\u00e9el la situation r\u00e9elle de l&rsquo;indice de d\u00e9tection de l&rsquo;oxyg\u00e8ne total de l&#8217;emballage du vin fini. Il dispose d&rsquo;une puissante fonction d&rsquo;analyse des donn\u00e9es ; selon les donn\u00e9es d&rsquo;oxyg\u00e8ne total mesur\u00e9es par la vanne de la machine \u00e0 vin, le syst\u00e8me d&rsquo;analyse statistique des donn\u00e9es peut analyser si la vanne de la machine \u00e0 vin est en bon \u00e9tat ou non, si elle a besoin d&rsquo;\u00eatre entretenue ou non.&nbsp;<\/p>\n<p>&nbsp; &nbsp; &nbsp; &nbsp;\u00c9l\u00e9ments de mesure : oxyg\u00e8ne total (TPO), dioxyde de carbone (CO2), volume de bouteille vide (HSO).<\/p>\n<p>&nbsp; &nbsp; &nbsp; &nbsp;En association avec le syst\u00e8me d&rsquo;\u00e9chantillonnage \u00e0 vanne fixe, les donn\u00e9es mesur\u00e9es peuvent \u00eatre mises en correspondance avec la t\u00eate de remplissage du num\u00e9ro de vanne correspondant, ce qui permet de contr\u00f4ler efficacement l&rsquo;\u00e9tat de fonctionnement de la machine de remplissage.<\/div>\n<p>&nbsp;<\/p>\n<h3>Les avantages<\/h3>\n<div class='prodocut_content'>\u25cf Mesure automatique en ligne, rapide et efficace&nbsp;<br \/>\n\u25cf Sans surveillance, ce qui permet de r\u00e9duire les co\u00fbts de main-d&rsquo;\u0153uvre<br \/>\n\u25cf Mesure plus pr\u00e9cise, \u00e9vitant l&rsquo;erreur humaine dans la mesure.<br \/>\n\u25cf Vitesse de d\u00e9tection rapide, fr\u00e9quence d&rsquo;\u00e9chantillonnage \u00e9lev\u00e9e, r\u00e9duisant les produits d\u00e9fectueux s\u00e9par\u00e9s.<br \/>\n\u25cf Surveillance stable en temps r\u00e9el de la stabilit\u00e9 du remplissage de la ligne de production.<br \/>\n\u25cf Fournit des donn\u00e9es importantes pour \u00e9valuer le fonctionnement des points de contr\u00f4le du processus de production.<br \/>\n\u25cf Les donn\u00e9es de mesure peuvent \u00eatre automatiquement stock\u00e9es dans le SPC.<\/div>\n","protected":false},"excerpt":{"rendered":"<h3>Syst\u00e8me de d\u00e9tection de l&rsquo;oxyg\u00e8ne total dans la bi\u00e8re<\/h3>\n","protected":false},"featured_media":485,"comment_status":"closed","ping_status":"closed","template":"","meta":[],"product_brand":[],"product_cat":[17,24,26,33,27,25],"product_tag":[],"class_list":{"0":"post-449","1":"product","2":"type-product","3":"status-publish","4":"has-post-thumbnail","6":"product_cat-biere-en-conserve-boisson-en-conserve-en-conserve","7":"product_cat-biere-mout-malt-microorganismes","8":"product_cat-bouteilles-en-verre-bouteilles-de-biere-vin-whisky","9":"product_cat-bouteilles-pet-boissons-bouteilles-pet-embryons-de-bouteilles-bouchons-en-plastique","10":"product_cat-ligne-de-conditionnement-en-ligne","11":"product_cat-oxygene-dissous-oxygene-total","13":"first","14":"instock","15":"shipping-taxable","16":"product-type-simple"},"aioseo_notices":[],"_links":{"self":[{"href":"https:\/\/www.canneed.com\/fr\/wp-json\/wp\/v2\/product\/449","targetHints":{"allow":["GET"]}}],"collection":[{"href":"https:\/\/www.canneed.com\/fr\/wp-json\/wp\/v2\/product"}],"about":[{"href":"https:\/\/www.canneed.com\/fr\/wp-json\/wp\/v2\/types\/product"}],"replies":[{"embeddable":true,"href":"https:\/\/www.canneed.com\/fr\/wp-json\/wp\/v2\/comments?post=449"}],"wp:featuredmedia":[{"embeddable":true,"href":"https:\/\/www.canneed.com\/fr\/wp-json\/wp\/v2\/media\/485"}],"wp:attachment":[{"href":"https:\/\/www.canneed.com\/fr\/wp-json\/wp\/v2\/media?parent=449"}],"wp:term":[{"taxonomy":"product_brand","embeddable":true,"href":"https:\/\/www.canneed.com\/fr\/wp-json\/wp\/v2\/product_brand?post=449"},{"taxonomy":"product_cat","embeddable":true,"href":"https:\/\/www.canneed.com\/fr\/wp-json\/wp\/v2\/product_cat?post=449"},{"taxonomy":"product_tag","embeddable":true,"href":"https:\/\/www.canneed.com\/fr\/wp-json\/wp\/v2\/product_tag?post=449"}],"curies":[{"name":"wp","href":"https:\/\/api.w.org\/{rel}","templated":true}]}}