{"id":446,"date":"2025-05-13T15:58:40","date_gmt":"2025-05-13T07:58:40","guid":{"rendered":"http:\/\/www.canneed.com\/fr\/?post_type=product&#038;p=446"},"modified":"2025-05-13T15:58:46","modified_gmt":"2025-05-13T07:58:46","slug":"canneed-acbtaaxl-2000","status":"publish","type":"product","link":"https:\/\/www.canneed.com\/fr\/product\/canneed-acbtaaxl-2000\/","title":{"rendered":"CanNeed-ACBT+AAXL-2000"},"content":{"rendered":"<p>&nbsp;<\/p>\n<h3>Application<\/h3>\n<div class='prodocut_content'>CanNeed-AAXL-2000 est un syst\u00e8me enti\u00e8rement automatique de mesure de la charge axiale des bo\u00eetes de conserve qui fonctionne sans surveillance. Il peut mesurer la charge axiale d&rsquo;une bo\u00eete de conserve en deux parties. Il s&rsquo;agit d&rsquo;un instrument standard pour l&rsquo;industrie de la fabrication de bo\u00eetes de conserve, qui permet de r\u00e9aliser une inspection constante, efficace et automatique des bo\u00eetes de conserve.<br \/>\nCanNeed-ACBT-1000 est un testeur de gauchissement enti\u00e8rement automatique pour le fond de la bo\u00eete, qui fonctionne sans surveillance. Il d\u00e9termine la pression exacte \u00e0 laquelle le fond de la bo\u00eete commence \u00e0 se gauchir ou \u00e0 laquelle le d\u00f4me s&rsquo;inverse gr\u00e2ce \u00e0 la fonction de croissance du d\u00f4me.<\/div>\n<p>&nbsp;<\/p>\n<h3>Les avantages<\/h3>\n<div class='prodocut_content'>\u25cf Mesure automatique en ligne sans surveillance<br \/>\n\u25cf Mesure automatique dans tous les processus, ce qui permet d&rsquo;\u00e9conomiser du temps et de l&rsquo;argent, et d&rsquo;\u00e9viter les erreurs personnelles.<br \/>\n\u25cf Deux stations, peuvent mesurer deux \u00e9chantillons avec un diam\u00e8tre int\u00e9rieur de bouche diff\u00e9rent en m\u00eame temps sans changer de composant.<br \/>\n\u25cf Dispositif d&rsquo;\u00e9chantillonnage multicanaux, permettant de mesurer plusieurs bo\u00eetes de conserve \u00e0 la fois.<br \/>\n\u25cf Logiciel de gestion de base de donn\u00e9es pour faciliter l&rsquo;interrogation des donn\u00e9es et les statistiques.<br \/>\n\u25cf Format de rapport d\u00e9fini par l&rsquo;utilisateur, style et format adapt\u00e9s \u00e0 l&rsquo;entreprise.<\/div>\n","protected":false},"excerpt":{"rendered":"<h3>Testeur automatique de r\u00e9sistance des bo\u00eetes de conserve<\/h3>\n","protected":false},"featured_media":482,"comment_status":"closed","ping_status":"closed","template":"","meta":[],"product_brand":[],"product_cat":[23,58,27],"product_tag":[],"class_list":{"0":"post-446","1":"product","2":"type-product","3":"status-publish","4":"has-post-thumbnail","6":"product_cat-canette-bouteille-en-aluminium-en-deux-parties","7":"product_cat-force-de-traction-appui-sous-pression-charge-verticale-resistance-aux-chocs","8":"product_cat-ligne-de-conditionnement-en-ligne","10":"first","11":"instock","12":"shipping-taxable","13":"product-type-simple"},"aioseo_notices":[],"_links":{"self":[{"href":"https:\/\/www.canneed.com\/fr\/wp-json\/wp\/v2\/product\/446","targetHints":{"allow":["GET"]}}],"collection":[{"href":"https:\/\/www.canneed.com\/fr\/wp-json\/wp\/v2\/product"}],"about":[{"href":"https:\/\/www.canneed.com\/fr\/wp-json\/wp\/v2\/types\/product"}],"replies":[{"embeddable":true,"href":"https:\/\/www.canneed.com\/fr\/wp-json\/wp\/v2\/comments?post=446"}],"wp:featuredmedia":[{"embeddable":true,"href":"https:\/\/www.canneed.com\/fr\/wp-json\/wp\/v2\/media\/482"}],"wp:attachment":[{"href":"https:\/\/www.canneed.com\/fr\/wp-json\/wp\/v2\/media?parent=446"}],"wp:term":[{"taxonomy":"product_brand","embeddable":true,"href":"https:\/\/www.canneed.com\/fr\/wp-json\/wp\/v2\/product_brand?post=446"},{"taxonomy":"product_cat","embeddable":true,"href":"https:\/\/www.canneed.com\/fr\/wp-json\/wp\/v2\/product_cat?post=446"},{"taxonomy":"product_tag","embeddable":true,"href":"https:\/\/www.canneed.com\/fr\/wp-json\/wp\/v2\/product_tag?post=446"}],"curies":[{"name":"wp","href":"https:\/\/api.w.org\/{rel}","templated":true}]}}