{"id":445,"date":"2025-05-13T15:58:40","date_gmt":"2025-05-13T07:58:40","guid":{"rendered":"http:\/\/www.canneed.com\/fr\/?post_type=product&#038;p=445"},"modified":"2025-05-13T15:58:45","modified_gmt":"2025-05-13T07:58:45","slug":"canneed-afmsabms-2010","status":"publish","type":"product","link":"https:\/\/www.canneed.com\/fr\/product\/canneed-afmsabms-2010\/","title":{"rendered":"CanNeed-AFMS+ABMS-2010"},"content":{"rendered":"<p>&nbsp;<\/p>\n<h3>Application<\/h3>\n<div class='prodocut_content'>CanNeed-AFMS-2000 est un syst\u00e8me de mesure frontale enti\u00e8rement automatique fonctionnant sans surveillance. Il peut mesurer l&rsquo;\u00e9paisseur de la paroi des parties sup\u00e9rieure et centrale de la bo\u00eete, la profondeur du fond et la hauteur de la bo\u00eete. Il s&rsquo;agit d&rsquo;un instrument standard pour l&rsquo;industrie de la fabrication de bo\u00eetes de conserve qui permet de r\u00e9aliser une inspection constante, efficace et automatique des bo\u00eetes.&nbsp;<\/p>\n<p>CanNeed-ABMS-2000 Syst\u00e8me de mesure automatique des bo\u00eetes de conserve pour l&rsquo;arri\u00e8re est utilis\u00e9 pour mesurer la largeur de la bride, la hauteur de la bo\u00eete et le diam\u00e8tre interne de l&#8217;embouchure de la bo\u00eete de conserve en deux parties, sans surveillance. Il s&rsquo;agit d&rsquo;un instrument standard pour l&rsquo;industrie de la fabrication de bo\u00eetes de conserve qui permet de r\u00e9aliser une inspection constante, efficace et automatique des bo\u00eetes de conserve.<\/div>\n<p>&nbsp;<\/p>\n<h3>Les avantages<\/h3>\n<div class='prodocut_content'>\u25cf Mesure automatique en ligne sans surveillance<br \/>\n\u25cf Mesure automatique dans tous les processus, ce qui permet d&rsquo;\u00e9conomiser du temps et de l&rsquo;argent, et d&rsquo;\u00e9viter les erreurs personnelles.<br \/>\n\u25cf Jusqu&rsquo;\u00e0 50 points de mesure d\u00e9finis par l&rsquo;utilisateur<br \/>\n\u25cf Dispositif d&rsquo;\u00e9chantillonnage multicanal, peut mesurer diverses bo\u00eetes de conserve en m\u00eame temps.<br \/>\n\u25cf Logiciel de gestion de base de donn\u00e9es pour faciliter l&rsquo;interrogation des donn\u00e9es et les statistiques.<br \/>\n\u25cf Format de rapport d\u00e9fini par l&rsquo;utilisateur, style et format adapt\u00e9s \u00e0 l&rsquo;entreprise.<\/div>\n","protected":false},"excerpt":{"rendered":"<h3>Syst\u00e8mes automatiques de mesure frontale et dorsale<\/h3>\n","protected":false},"featured_media":481,"comment_status":"closed","ping_status":"closed","template":"","meta":[],"product_brand":[],"product_cat":[23,30,27],"product_tag":[],"class_list":{"0":"post-445","1":"product","2":"type-product","3":"status-publish","4":"has-post-thumbnail","6":"product_cat-canette-bouteille-en-aluminium-en-deux-parties","7":"product_cat-dimensions","8":"product_cat-ligne-de-conditionnement-en-ligne","10":"first","11":"instock","12":"shipping-taxable","13":"product-type-simple"},"aioseo_notices":[],"_links":{"self":[{"href":"https:\/\/www.canneed.com\/fr\/wp-json\/wp\/v2\/product\/445","targetHints":{"allow":["GET"]}}],"collection":[{"href":"https:\/\/www.canneed.com\/fr\/wp-json\/wp\/v2\/product"}],"about":[{"href":"https:\/\/www.canneed.com\/fr\/wp-json\/wp\/v2\/types\/product"}],"replies":[{"embeddable":true,"href":"https:\/\/www.canneed.com\/fr\/wp-json\/wp\/v2\/comments?post=445"}],"wp:featuredmedia":[{"embeddable":true,"href":"https:\/\/www.canneed.com\/fr\/wp-json\/wp\/v2\/media\/481"}],"wp:attachment":[{"href":"https:\/\/www.canneed.com\/fr\/wp-json\/wp\/v2\/media?parent=445"}],"wp:term":[{"taxonomy":"product_brand","embeddable":true,"href":"https:\/\/www.canneed.com\/fr\/wp-json\/wp\/v2\/product_brand?post=445"},{"taxonomy":"product_cat","embeddable":true,"href":"https:\/\/www.canneed.com\/fr\/wp-json\/wp\/v2\/product_cat?post=445"},{"taxonomy":"product_tag","embeddable":true,"href":"https:\/\/www.canneed.com\/fr\/wp-json\/wp\/v2\/product_tag?post=445"}],"curies":[{"name":"wp","href":"https:\/\/api.w.org\/{rel}","templated":true}]}}