{"id":444,"date":"2025-05-13T15:58:39","date_gmt":"2025-05-13T07:58:39","guid":{"rendered":"http:\/\/www.canneed.com\/fr\/?post_type=product&#038;p=444"},"modified":"2025-05-13T15:58:45","modified_gmt":"2025-05-13T07:58:45","slug":"canneed-ptm-100","status":"publish","type":"product","link":"https:\/\/www.canneed.com\/fr\/product\/canneed-ptm-100\/","title":{"rendered":"CanNeed-PTM-100"},"content":{"rendered":"<p>&nbsp;<\/p>\n<h3>Application<\/h3>\n<div class='prodocut_content'>Le moniteur de temp\u00e9rature de pasteurisation CanNeed-PTM-100 (moniteur PU) est utilis\u00e9 pour tester la temp\u00e9rature dans la bo\u00eete\/bouteille au cours du processus de pasteurisation. Il peut \u00e9galement tester la temp\u00e9rature de l&rsquo;eau de pulv\u00e9risation. Il calcule la valeur PU et affiche le graphique de temp\u00e9rature sur l&rsquo;ordinateur via le logiciel CanNeed ou imprime le rapport sur l&rsquo;imprimante.<br \/>\nConvient pour : les boissons en conserve, les produits \u00e0 base de bi\u00e8re, les bo\u00eetes de conserve et les bouteilles en verre.<\/div>\n<p>&nbsp;<\/p>\n<h3>Les avantages<\/h3>\n<div class='prodocut_content'>1) R\u00e9ponse rapide sans d\u00e9calage de temp\u00e9rature<br \/>\n2) Conception raisonnable, la hauteur du moniteur PU est inf\u00e9rieure \u00e0 celle du pasteurisateur.<br \/>\n3) Possibilit\u00e9 de tester la bi\u00e8re dans des bouteilles de diff\u00e9rentes tailles ou dans des canettes de diff\u00e9rentes tailles. Le signal \u00e0 deux canaux permet de tester la temp\u00e9rature de la bouteille ou la temp\u00e9rature de l&rsquo;eau.<br \/>\n4) Peut mesurer la valeur PU totale, la valeur PU de mise \u00e0 mort (valeur PU obtenue lorsque la temp\u00e9rature est sup\u00e9rieure \u00e0 60\u2103), la temp\u00e9rature maximale du vin, la temp\u00e9rature maximale de l&rsquo;eau et la dur\u00e9e totale de fonctionnement.<br \/>\n5) Imprimer le graphique de temp\u00e9rature via une imprimante.<br \/>\n6) Le puissant logiciel CND-LogSee permet d&rsquo;examiner, d&rsquo;analyser, de stocker et d&rsquo;imprimer les donn\u00e9es ou le graphique.<br \/>\n7) Peut r\u00e9duire la valeur PU d&rsquo;une p\u00e9riode de temps al\u00e9atoire, ce qui est pratique pour \u00e9valuer les usines de production.<br \/>\n8) Peut personnaliser plusieurs formules de calcul de PU, comme le r\u00e9glage pour calculer le PU au-dessus de 50\u2103 ou 60\u2103.<br \/>\n9) Peut enregistrer et exporter les donn\u00e9es vers des fichiers Excel.<br \/>\n10) Chaque sonde est un moniteur PU ind\u00e9pendant, pour surveiller plusieurs lignes de st\u00e9rilisation avec plusieurs sondes en m\u00eame temps.<br \/>\n11) Convient aux bouteilles\/canettes de diff\u00e9rentes capacit\u00e9s et tailles.<br \/>\n12) Utilise une nouvelle base de protection, ferme et durable.<br \/>\n13) Petite taille, l\u00e9ger et facile \u00e0 transporter.<br \/>\n14) L&rsquo;enregistreur et la sonde de temp\u00e9rature sont con\u00e7us d&rsquo;une seule pi\u00e8ce sans soudure en acier inoxydable, ce qui garantit une excellente \u00e9tanch\u00e9it\u00e9.<\/div>\n","protected":false},"excerpt":{"rendered":"<h3>Moniteur PU Moniteur de temp\u00e9rature de pasteurisation<\/h3>\n","protected":false},"featured_media":478,"comment_status":"closed","ping_status":"closed","template":"","meta":[],"product_brand":[],"product_cat":[17,26,27,34,35],"product_tag":[],"class_list":{"0":"post-444","1":"product","2":"type-product","3":"status-publish","4":"has-post-thumbnail","6":"product_cat-biere-en-conserve-boisson-en-conserve-en-conserve","7":"product_cat-bouteilles-en-verre-bouteilles-de-biere-vin-whisky","8":"product_cat-ligne-de-conditionnement-en-ligne","9":"product_cat-temperature-pu-f0","10":"product_cat-usage-general","12":"first","13":"instock","14":"shipping-taxable","15":"product-type-simple"},"aioseo_notices":[],"_links":{"self":[{"href":"https:\/\/www.canneed.com\/fr\/wp-json\/wp\/v2\/product\/444","targetHints":{"allow":["GET"]}}],"collection":[{"href":"https:\/\/www.canneed.com\/fr\/wp-json\/wp\/v2\/product"}],"about":[{"href":"https:\/\/www.canneed.com\/fr\/wp-json\/wp\/v2\/types\/product"}],"replies":[{"embeddable":true,"href":"https:\/\/www.canneed.com\/fr\/wp-json\/wp\/v2\/comments?post=444"}],"wp:featuredmedia":[{"embeddable":true,"href":"https:\/\/www.canneed.com\/fr\/wp-json\/wp\/v2\/media\/478"}],"wp:attachment":[{"href":"https:\/\/www.canneed.com\/fr\/wp-json\/wp\/v2\/media?parent=444"}],"wp:term":[{"taxonomy":"product_brand","embeddable":true,"href":"https:\/\/www.canneed.com\/fr\/wp-json\/wp\/v2\/product_brand?post=444"},{"taxonomy":"product_cat","embeddable":true,"href":"https:\/\/www.canneed.com\/fr\/wp-json\/wp\/v2\/product_cat?post=444"},{"taxonomy":"product_tag","embeddable":true,"href":"https:\/\/www.canneed.com\/fr\/wp-json\/wp\/v2\/product_tag?post=444"}],"curies":[{"name":"wp","href":"https:\/\/api.w.org\/{rel}","templated":true}]}}