{"id":443,"date":"2025-05-13T15:58:39","date_gmt":"2025-05-13T07:58:39","guid":{"rendered":"http:\/\/www.canneed.com\/fr\/?post_type=product&#038;p=443"},"modified":"2025-05-13T15:58:45","modified_gmt":"2025-05-13T07:58:45","slug":"canneed-as-300d","status":"publish","type":"product","link":"https:\/\/www.canneed.com\/fr\/product\/canneed-as-300d\/","title":{"rendered":"CanNeed-AS-300d"},"content":{"rendered":"<p>&nbsp;<\/p>\n<h3>Application<\/h3>\n<div class='prodocut_content'>Le calculateur de CO2 CanNeed-AS-300d Auto Shaker est utilis\u00e9 pour mesurer la teneur en CO2 d&rsquo;une brasserie ou d&rsquo;une boisson gazeuse. Il convient aux \u00e9chantillons en bo\u00eete ou en bouteille de diff\u00e9rentes tailles. Il s&rsquo;agit d&rsquo;un calculateur de CO2 fiable et id\u00e9al.<\/div>\n<p>&nbsp;<\/p>\n<h3>Les avantages<\/h3>\n<div class='prodocut_content'>\n<ol>\n<li>\n\t\tTransmission de donn\u00e9es sans fil. Les donn\u00e9es sont transf\u00e9r\u00e9es de la t\u00eate de mesure \u00e0 l&rsquo;ordinateur central automatiquement par communication WIFI, ce qui facilite l&rsquo;interrogation des donn\u00e9es et les statistiques.\n\t<\/li>\n<li>\n\t\tAdoption d&rsquo;un agitateur automatique. La vitesse d&rsquo;agitation, l&rsquo;\u00e9tendue et le temps sont r\u00e9glables pour \u00e9viter le surmenage ou la d\u00e9viation de l&rsquo;agitation manuelle, assurant le r\u00e9sultat pr\u00e9cis et une meilleure stabilit\u00e9.\n\t<\/li>\n<li>\n\t\tConception plus s\u00fbre avec bo\u00eetier de protection que la mesure manuelle traditionnelle qui menace la s\u00e9curit\u00e9 de l&rsquo;op\u00e9rateur si la bouteille\/bo\u00eete \u00e9clate lors du per\u00e7age ou de l&rsquo;agitation avec la bouteille\/bo\u00eete expos\u00e9e \u00e0 l&rsquo;ext\u00e9rieur.\n\t<\/li>\n<li>\n\t\tPer\u00e7age facile. L&rsquo;adoption d&rsquo;une boucle mobile pour percer le principe du levier permet d&rsquo;\u00e9conomiser l&rsquo;effort de per\u00e7age et d&rsquo;obtenir une meilleure \u00e9tanch\u00e9it\u00e9.\n\t<\/li>\n<li>\n\t\t\u00c9quip\u00e9 d&rsquo;un \u00e9cran tactile LCD de 8 pouces. L&rsquo;interface spacieuse affiche l&rsquo;heure, la temp\u00e9rature, la pression et la lecture du CO2 en m\u00eame temps.\n\t<\/li>\n<li>\n\t\tDiff\u00e9rents blocs d&rsquo;espace disponibles pour diff\u00e9rentes tailles de bouteilles\/canettes.\n\t<\/li>\n<\/ol>\n<\/div>\n","protected":false},"excerpt":{"rendered":"<h3>Calculateur de CO2 pour l&rsquo;agitateur automatique<\/h3>\n","protected":false},"featured_media":477,"comment_status":"closed","ping_status":"closed","template":"","meta":[],"product_brand":[],"product_cat":[17,26,33,28,21],"product_tag":[],"class_list":{"0":"post-443","1":"product","2":"type-product","3":"status-publish","4":"has-post-thumbnail","6":"product_cat-biere-en-conserve-boisson-en-conserve-en-conserve","7":"product_cat-bouteilles-en-verre-bouteilles-de-biere-vin-whisky","8":"product_cat-bouteilles-pet-boissons-bouteilles-pet-embryons-de-bouteilles-bouchons-en-plastique","9":"product_cat-gaz-carbonique","10":"product_cat-laboratoire","12":"first","13":"instock","14":"shipping-taxable","15":"product-type-simple"},"aioseo_notices":[],"_links":{"self":[{"href":"https:\/\/www.canneed.com\/fr\/wp-json\/wp\/v2\/product\/443","targetHints":{"allow":["GET"]}}],"collection":[{"href":"https:\/\/www.canneed.com\/fr\/wp-json\/wp\/v2\/product"}],"about":[{"href":"https:\/\/www.canneed.com\/fr\/wp-json\/wp\/v2\/types\/product"}],"replies":[{"embeddable":true,"href":"https:\/\/www.canneed.com\/fr\/wp-json\/wp\/v2\/comments?post=443"}],"wp:featuredmedia":[{"embeddable":true,"href":"https:\/\/www.canneed.com\/fr\/wp-json\/wp\/v2\/media\/477"}],"wp:attachment":[{"href":"https:\/\/www.canneed.com\/fr\/wp-json\/wp\/v2\/media?parent=443"}],"wp:term":[{"taxonomy":"product_brand","embeddable":true,"href":"https:\/\/www.canneed.com\/fr\/wp-json\/wp\/v2\/product_brand?post=443"},{"taxonomy":"product_cat","embeddable":true,"href":"https:\/\/www.canneed.com\/fr\/wp-json\/wp\/v2\/product_cat?post=443"},{"taxonomy":"product_tag","embeddable":true,"href":"https:\/\/www.canneed.com\/fr\/wp-json\/wp\/v2\/product_tag?post=443"}],"curies":[{"name":"wp","href":"https:\/\/api.w.org\/{rel}","templated":true}]}}