{"id":441,"date":"2025-05-13T15:58:39","date_gmt":"2025-05-13T07:58:39","guid":{"rendered":"http:\/\/www.canneed.com\/fr\/?post_type=product&#038;p=441"},"modified":"2025-05-13T15:58:44","modified_gmt":"2025-05-13T07:58:44","slug":"canneed-mbt-300","status":"publish","type":"product","link":"https:\/\/www.canneed.com\/fr\/product\/canneed-mbt-300\/","title":{"rendered":"CanNeed-MBT-300"},"content":{"rendered":"<p>&nbsp;<\/p>\n<h3>Application<\/h3>\n<div class='prodocut_content'>Le \u00ab CanNeed-MBT-300 Hall Effect Thickness Gauge (Magnetic Bottle Thickness Gauge) \u00bb est une jauge d&rsquo;\u00e9paisseur portable raffin\u00e9e. Il est utilis\u00e9 pour mesurer l&rsquo;\u00e9paisseur de mat\u00e9riaux non magn\u00e9tiques, tels que le plastique, le verre, les mati\u00e8res synth\u00e9tiques, l&rsquo;aluminium et le titane, etc. La pr\u00e9cision de la mesure n&rsquo;est pas affect\u00e9e par la forme des \u00e9chantillons.<\/p>\n<p>Le CanNeed-MBT-300 est bas\u00e9 sur la th\u00e9orie de l&rsquo;effet Hall. Pour le test, placez la bille d&rsquo;acier d&rsquo;un c\u00f4t\u00e9 de l&rsquo;\u00e9chantillon et la sonde de l&rsquo;autre c\u00f4t\u00e9. Le capteur \u00e0 effet Hall de la sonde mesure la distance entre la pointe de la sonde et la bille d&rsquo;acier. La calculatrice affiche les valeurs r\u00e9elles de l&rsquo;\u00e9paisseur.<\/p>\n<p>Configuration standard :<br \/>\n\u25cf Unit\u00e9 principale<br \/>\n\u25cf Sonde standard<br \/>\n\u25cf Support de sonde<br \/>\n\u25cf C\u00e2ble de sonde<br \/>\n\u25cf Manuel de l&rsquo;utilisateur<br \/>\n\u25cf Alimentation \u00e9lectrique externe et chargeur<br \/>\n\u25cf Billes d&rsquo;acier de diam\u00e8tres1\/16\u2033, 1\/8\u2033, 3\/16\u2033.<br \/>\n\u25cf Cellule d&rsquo;\u00e9talonnage de l&rsquo;\u00e9paisseur de r\u00e9f\u00e9rence : 0,010\u2033\/0,25 mm, 0,04\u2033\/1 mm, 0,160\u2033\/4 mm (Si l&rsquo;\u00e9chantillon de pr\u00e9-test est sup\u00e9rieur \u00e0 0,160\u2033\/4 mm, les accessoires sont en option sur commande).<\/div>\n<p>&nbsp;<\/p>\n<h3>Les avantages<\/h3>\n<div class='prodocut_content'>\u25cf Avec une sonde plus facile \u00e0 porter<br \/>\n\u25cf Plus de tailles de billes magn\u00e9tiques : 5,00mm et 7,00mm<br \/>\n\u25cf Plus grande plage de mesure : jusqu&rsquo;\u00e0 25,4mm,nouveau jeu d&rsquo;\u00e9talonnage \u00e9tendu.<br \/>\n\u25cf \u00c9cran couleur plus grand, lettres plus grandes.<br \/>\n\u25cf Sortie RS-232, peut se connecter au syst\u00e8me SPC.<br \/>\n\u25cf Affichage des relev\u00e9s d&rsquo;\u00e9paisseur en temps r\u00e9el et capture automatique des valeurs Max, Min et moyenne.<br \/>\n\u25cf Mesure rapide, jusqu&rsquo;\u00e0 16 fois par seconde.<br \/>\n\u25cf Pr\u00e9cision : \u00b11%<br \/>\n\u25cf Il stocke 95 000 lectures d&rsquo;\u00e9paisseur en tant qu&rsquo;enregistrement de donn\u00e9es interne.<br \/>\n\u25cf Sauvegarder le fichier d&rsquo;\u00e9talonnage et attribuer le fichier d&rsquo;\u00e9talonnage sauvegard\u00e9.<br \/>\n\u25cf Nouvelle conception de l&rsquo;apparence de la machine<br \/>\n\u25cf Fonction de p\u00e9dale de commande<br \/>\n\u25cf Avec une vue graphique en bandes des donn\u00e9es statistiques<\/div>\n","protected":false},"excerpt":{"rendered":"<h3>Jauges d&rsquo;\u00e9paisseur \u00e0 effet Hall<\/h3>\n","protected":false},"featured_media":475,"comment_status":"closed","ping_status":"closed","template":"","meta":[],"product_brand":[],"product_cat":[26,33,32,55,21],"product_tag":[],"class_list":{"0":"post-441","1":"product","2":"type-product","3":"status-publish","4":"has-post-thumbnail","6":"product_cat-bouteilles-en-verre-bouteilles-de-biere-vin-whisky","7":"product_cat-bouteilles-pet-boissons-bouteilles-pet-embryons-de-bouteilles-bouchons-en-plastique","8":"product_cat-cosmetiques-medicaments-aliments-en-sac","9":"product_cat-epaisseur","10":"product_cat-laboratoire","12":"first","13":"instock","14":"shipping-taxable","15":"product-type-simple"},"aioseo_notices":[],"_links":{"self":[{"href":"https:\/\/www.canneed.com\/fr\/wp-json\/wp\/v2\/product\/441","targetHints":{"allow":["GET"]}}],"collection":[{"href":"https:\/\/www.canneed.com\/fr\/wp-json\/wp\/v2\/product"}],"about":[{"href":"https:\/\/www.canneed.com\/fr\/wp-json\/wp\/v2\/types\/product"}],"replies":[{"embeddable":true,"href":"https:\/\/www.canneed.com\/fr\/wp-json\/wp\/v2\/comments?post=441"}],"wp:featuredmedia":[{"embeddable":true,"href":"https:\/\/www.canneed.com\/fr\/wp-json\/wp\/v2\/media\/475"}],"wp:attachment":[{"href":"https:\/\/www.canneed.com\/fr\/wp-json\/wp\/v2\/media?parent=441"}],"wp:term":[{"taxonomy":"product_brand","embeddable":true,"href":"https:\/\/www.canneed.com\/fr\/wp-json\/wp\/v2\/product_brand?post=441"},{"taxonomy":"product_cat","embeddable":true,"href":"https:\/\/www.canneed.com\/fr\/wp-json\/wp\/v2\/product_cat?post=441"},{"taxonomy":"product_tag","embeddable":true,"href":"https:\/\/www.canneed.com\/fr\/wp-json\/wp\/v2\/product_tag?post=441"}],"curies":[{"name":"wp","href":"https:\/\/api.w.org\/{rel}","templated":true}]}}