{"id":438,"date":"2025-05-13T15:58:39","date_gmt":"2025-05-13T07:58:39","guid":{"rendered":"http:\/\/www.canneed.com\/fr\/?post_type=product&#038;p=438"},"modified":"2025-05-13T15:58:43","modified_gmt":"2025-05-13T07:58:43","slug":"cn-hc-100","status":"publish","type":"product","link":"https:\/\/www.canneed.com\/fr\/product\/cn-hc-100\/","title":{"rendered":"CN-HC-100"},"content":{"rendered":"<p>&nbsp;<\/p>\n<h3>Application<\/h3>\n<div class='prodocut_content'>1, Convient au type de pi\u00e8ce polaire : pi\u00e8ce polaire positive, pi\u00e8ce polaire n\u00e9gative.&nbsp; &nbsp; &nbsp; &nbsp; &nbsp; &nbsp; &nbsp; &nbsp; &nbsp; &nbsp; &nbsp; &nbsp; &nbsp; &nbsp; &nbsp; &nbsp; &nbsp; &nbsp; &nbsp; &nbsp; &nbsp; &nbsp; &nbsp; &nbsp; &nbsp; &nbsp; &nbsp; &nbsp; &nbsp; &nbsp; &nbsp; &nbsp; &nbsp; &nbsp; &nbsp; &nbsp; &nbsp; &nbsp; &nbsp; &nbsp; &nbsp; &nbsp; &nbsp; &nbsp;<br \/>\n2. Type de mesure : lamin\u00e9 \u00e0 froid \u00e0 rev\u00eatement continu, lamin\u00e9 \u00e0 froid \u00e0 rev\u00eatement discontinu, lamin\u00e9 \u00e0 froid \u00e0 rev\u00eatement en bandes.<br \/>\n3. M\u00e9thode de mesure : mesure dynamique en ligne sans contact. Compar\u00e9e \u00e0 la m\u00e9thode de mesure laser traditionnelle, elle offre une plus grande pr\u00e9cision et une meilleure stabilit\u00e9.<\/div>\n<p>&nbsp;<\/p>\n<h3>Param\u00e8tres techniques<\/h3>\n<div class='prodocut_content'>\n<ul>\n<li>\n\t\tPlage de mesure : 0-2000um\n\t<\/li>\n<li>\n\t\tR\u00e9p\u00e9tabilit\u00e9 : \u00b10,5um\n\t<\/li>\n<li>\n\t\tVitesse de balayage : 5-50m\/min r\u00e9glable\n\t<\/li>\n<li>\n\t\tProduits adapt\u00e9s : pi\u00e8ce polaire cathodique rev\u00eatue, pi\u00e8ce polaire anodique, feuille de cuivre, feuille d&rsquo;aluminium\n\t<\/li>\n<li>\n\t\tSyst\u00e8me d&rsquo;entra\u00eenement : servomoteur de haute pr\u00e9cision\n\t<\/li>\n<li>\n\t\tDimensions : L2770mm\/W800mm\/H1740mm (y compris l&rsquo;armoire)\n\t<\/li>\n<li>\n\t\tAlimentation : 220VAC50\/60Hz\n\t<\/li>\n<li>\n\t\tPuissance : 2200W\n\t<\/li>\n<li>\n\t\tPression d&rsquo;air : 0.4~0.6Mpa\n\t<\/li>\n<li>\n\t\tTemp\u00e9rature de fonctionnement : <40\u2103\n\t<\/li>\n<li>\n\t\tHumidit\u00e9 relative : standard 70%@32\u00b0.\n\t<\/li>\n<\/ul>\n<\/div>\n","protected":false},"excerpt":{"rendered":"<h3>Pile au lithium pi\u00e8ce polaire jauge d&rsquo;\u00e9paisseur en ligne<\/h3>\n","protected":false},"featured_media":471,"comment_status":"closed","ping_status":"closed","template":"","meta":[],"product_brand":[],"product_cat":[55,27,77],"product_tag":[],"class_list":{"0":"post-438","1":"product","2":"type-product","3":"status-publish","4":"has-post-thumbnail","6":"product_cat-epaisseur","7":"product_cat-ligne-de-conditionnement-en-ligne","8":"product_cat-pieces-automobiles-batteries-au-lithium","10":"first","11":"instock","12":"shipping-taxable","13":"product-type-simple"},"aioseo_notices":[],"_links":{"self":[{"href":"https:\/\/www.canneed.com\/fr\/wp-json\/wp\/v2\/product\/438","targetHints":{"allow":["GET"]}}],"collection":[{"href":"https:\/\/www.canneed.com\/fr\/wp-json\/wp\/v2\/product"}],"about":[{"href":"https:\/\/www.canneed.com\/fr\/wp-json\/wp\/v2\/types\/product"}],"replies":[{"embeddable":true,"href":"https:\/\/www.canneed.com\/fr\/wp-json\/wp\/v2\/comments?post=438"}],"wp:featuredmedia":[{"embeddable":true,"href":"https:\/\/www.canneed.com\/fr\/wp-json\/wp\/v2\/media\/471"}],"wp:attachment":[{"href":"https:\/\/www.canneed.com\/fr\/wp-json\/wp\/v2\/media?parent=438"}],"wp:term":[{"taxonomy":"product_brand","embeddable":true,"href":"https:\/\/www.canneed.com\/fr\/wp-json\/wp\/v2\/product_brand?post=438"},{"taxonomy":"product_cat","embeddable":true,"href":"https:\/\/www.canneed.com\/fr\/wp-json\/wp\/v2\/product_cat?post=438"},{"taxonomy":"product_tag","embeddable":true,"href":"https:\/\/www.canneed.com\/fr\/wp-json\/wp\/v2\/product_tag?post=438"}],"curies":[{"name":"wp","href":"https:\/\/api.w.org\/{rel}","templated":true}]}}