{"id":436,"date":"2025-05-13T15:58:39","date_gmt":"2025-05-13T07:58:39","guid":{"rendered":"http:\/\/www.canneed.com\/fr\/?post_type=product&#038;p=436"},"modified":"2025-05-13T15:58:43","modified_gmt":"2025-05-13T07:58:43","slug":"cl-100","status":"publish","type":"product","link":"https:\/\/www.canneed.com\/fr\/product\/cl-100\/","title":{"rendered":"CL-100"},"content":{"rendered":"<p>&nbsp;<\/p>\n<h3>Application<\/h3>\n<div class='prodocut_content'>Utilis\u00e9 avec un distributeur automatique de rayons X en ligne, il est connect\u00e9 \u00e0 l&rsquo;extr\u00e9mit\u00e9 avant du distributeur intelligent et alimente continuellement le distributeur gr\u00e2ce \u00e0 la coop\u00e9ration du m\u00e9canisme de levage et du m\u00e9canisme de pr\u00e9l\u00e8vement.<\/div>\n","protected":false},"excerpt":{"rendered":"<h3>Machine de chargement SMT<\/h3>\n","protected":false},"featured_media":469,"comment_status":"closed","ping_status":"closed","template":"","meta":[],"product_brand":[],"product_cat":[75,27,76],"product_tag":[],"class_list":{"0":"post-436","1":"product","2":"type-product","3":"status-publish","4":"has-post-thumbnail","6":"product_cat-cms-electronique-mini-led","7":"product_cat-ligne-de-conditionnement-en-ligne","8":"product_cat-radiographie","10":"first","11":"instock","12":"shipping-taxable","13":"product-type-simple"},"aioseo_notices":[],"_links":{"self":[{"href":"https:\/\/www.canneed.com\/fr\/wp-json\/wp\/v2\/product\/436","targetHints":{"allow":["GET"]}}],"collection":[{"href":"https:\/\/www.canneed.com\/fr\/wp-json\/wp\/v2\/product"}],"about":[{"href":"https:\/\/www.canneed.com\/fr\/wp-json\/wp\/v2\/types\/product"}],"replies":[{"embeddable":true,"href":"https:\/\/www.canneed.com\/fr\/wp-json\/wp\/v2\/comments?post=436"}],"wp:featuredmedia":[{"embeddable":true,"href":"https:\/\/www.canneed.com\/fr\/wp-json\/wp\/v2\/media\/469"}],"wp:attachment":[{"href":"https:\/\/www.canneed.com\/fr\/wp-json\/wp\/v2\/media?parent=436"}],"wp:term":[{"taxonomy":"product_brand","embeddable":true,"href":"https:\/\/www.canneed.com\/fr\/wp-json\/wp\/v2\/product_brand?post=436"},{"taxonomy":"product_cat","embeddable":true,"href":"https:\/\/www.canneed.com\/fr\/wp-json\/wp\/v2\/product_cat?post=436"},{"taxonomy":"product_tag","embeddable":true,"href":"https:\/\/www.canneed.com\/fr\/wp-json\/wp\/v2\/product_tag?post=436"}],"curies":[{"name":"wp","href":"https:\/\/api.w.org\/{rel}","templated":true}]}}