{"id":434,"date":"2025-05-13T15:58:39","date_gmt":"2025-05-13T07:58:39","guid":{"rendered":"http:\/\/www.canneed.com\/fr\/?post_type=product&#038;p=434"},"modified":"2025-05-13T15:58:42","modified_gmt":"2025-05-13T07:58:42","slug":"canneed-bpt-5","status":"publish","type":"product","link":"https:\/\/www.canneed.com\/fr\/product\/canneed-bpt-5\/","title":{"rendered":"CanNeed-BPT-5"},"content":{"rendered":"<p>&nbsp;<\/p>\n<h3>Application<\/h3>\n<div class='prodocut_content'>La r\u00e9sistance \u00e0 la rampe d&rsquo;une bouteille en verre d\u00e9termine sa qualit\u00e9. Pour mesurer la r\u00e9sistance \u00e0 la rampe de la bouteille en verre, un testeur de pression de rampe est n\u00e9cessaire.<br \/>\nLe testeur de pression de rampe CanNeed-BPT-5 (automatique et de bureau) est capable de tester la r\u00e9sistance des bouteilles en verre. Il est capable d&rsquo;effectuer \u00e0 la fois un test d&rsquo;acceptation et un test d&rsquo;\u00e9clatement. L&rsquo;affusion automatique, le serrage automatique et le test automatique sont disponibles. Le processus de pressurisation est contr\u00f4l\u00e9 par un syst\u00e8me servo.&nbsp; Les donn\u00e9es en temps r\u00e9el sont affich\u00e9es et le r\u00e9sultat du test est enregistr\u00e9 automatiquement.<br \/>\nLe testeur de pression \u00e0 rampe CanNeed-BPT-5 est configur\u00e9 avec un mode de pressurisation lin\u00e9aire, un mode de maintien de la pression et un mode P60. L&rsquo;utilisateur peut s\u00e9lectionner le mode de test correspondant \u00e0 ses besoins.<\/div>\n<p>&nbsp;<\/p>\n<h3>Les avantages<\/h3>\n<div class='prodocut_content'>\n<ol>\n<li>\n\t\tInstrument standard de l&rsquo;industrie des bouteilles en verre avec une grande pr\u00e9cision de pression et une large \u00e9chelle de test.\n\t<\/li>\n<li>\n\t\tConception de bureau, haute efficacit\u00e9\n\t<\/li>\n<li>\n\t\tSerrage et affusion automatiques\n\t<\/li>\n<li>\n\t\tContr\u00f4le par automate programmable et \u00e9cran tactile avec diff\u00e9rents moyens de test.\n\t<\/li>\n<li>\n\t\tVerrous de s\u00e9curit\u00e9 sur les portes de la chambre d&rsquo;essai\n\t<\/li>\n<li>\n\t\tSortie automatique du goulot de la bouteille apr\u00e8s le test. Multi-couches collectant les fragments de verre et nettoyant l&rsquo;instrument, facile \u00e0 entretenir.\n\t<\/li>\n<li>\n\t\tCadre en acier angulaire, durable ; l&rsquo;eau, l&rsquo;\u00e9lectricit\u00e9 et l&rsquo;air sont s\u00e9par\u00e9s pour le rendre \u00e9tanche.\n\t<\/li>\n<li>\n\t\tPression contr\u00f4l\u00e9e par servomoteur avec une bonne r\u00e9p\u00e9tabilit\u00e9 de la pression et une grande pr\u00e9cision.\n\t<\/li>\n<\/ol>\n<\/div>\n","protected":false},"excerpt":{"rendered":"<h3>Testeur de pression de rampe (automatique et de bureau)<\/h3>\n","protected":false},"featured_media":464,"comment_status":"closed","ping_status":"closed","template":"","meta":[],"product_brand":[],"product_cat":[16],"product_tag":[],"class_list":{"0":"post-434","1":"product","2":"type-product","3":"status-publish","4":"has-post-thumbnail","6":"product_cat-objet-de-detection","8":"first","9":"instock","10":"shipping-taxable","11":"product-type-simple"},"aioseo_notices":[],"_links":{"self":[{"href":"https:\/\/www.canneed.com\/fr\/wp-json\/wp\/v2\/product\/434","targetHints":{"allow":["GET"]}}],"collection":[{"href":"https:\/\/www.canneed.com\/fr\/wp-json\/wp\/v2\/product"}],"about":[{"href":"https:\/\/www.canneed.com\/fr\/wp-json\/wp\/v2\/types\/product"}],"replies":[{"embeddable":true,"href":"https:\/\/www.canneed.com\/fr\/wp-json\/wp\/v2\/comments?post=434"}],"wp:featuredmedia":[{"embeddable":true,"href":"https:\/\/www.canneed.com\/fr\/wp-json\/wp\/v2\/media\/464"}],"wp:attachment":[{"href":"https:\/\/www.canneed.com\/fr\/wp-json\/wp\/v2\/media?parent=434"}],"wp:term":[{"taxonomy":"product_brand","embeddable":true,"href":"https:\/\/www.canneed.com\/fr\/wp-json\/wp\/v2\/product_brand?post=434"},{"taxonomy":"product_cat","embeddable":true,"href":"https:\/\/www.canneed.com\/fr\/wp-json\/wp\/v2\/product_cat?post=434"},{"taxonomy":"product_tag","embeddable":true,"href":"https:\/\/www.canneed.com\/fr\/wp-json\/wp\/v2\/product_tag?post=434"}],"curies":[{"name":"wp","href":"https:\/\/api.w.org\/{rel}","templated":true}]}}