{"id":432,"date":"2025-05-13T15:58:38","date_gmt":"2025-05-13T07:58:38","guid":{"rendered":"http:\/\/www.canneed.com\/fr\/?post_type=product&#038;p=432"},"modified":"2025-05-13T15:58:42","modified_gmt":"2025-05-13T07:58:42","slug":"canneed-cmt-300","status":"publish","type":"product","link":"https:\/\/www.canneed.com\/fr\/product\/canneed-cmt-300\/","title":{"rendered":"CanNeed-CMT-300"},"content":{"rendered":"<p>&nbsp;<\/p>\n<h3>Application<\/h3>\n<div class='prodocut_content'>Le CanNeed-CMT-300 est un testeur de mobilit\u00e9 et de lubricit\u00e9 pour les bo\u00eetes de conserve. Il permet de mesurer le coefficient de friction de glissement du corps et du fond de la bo\u00eete. Il peut \u00e9galement mesurer le coefficient de frottement des \u00e9bauches.<\/p>\n<p>Installez la pince correspondante et placez l&rsquo;\u00e9chantillon sur la pince, puis placez l&rsquo;unit\u00e9 de poids sur l&rsquo;\u00e9chantillon. Tirez sur le poids et l&rsquo;indicateur affichera le coefficient de friction de glissement.<\/div>\n<p>&nbsp;<\/p>\n<h3>Les avantages<\/h3>\n<div class='prodocut_content'>\u25cf Grand \u00e9cran avec une grande police de caract\u00e8res, bouton tactile capacitif.<br \/>\n\u25cf Capture automatique des valeurs en temps r\u00e9el, maximales, minimales et moyennes.<br \/>\n\u25cf Commutation rapide des pinces<br \/>\n\u25cf Mesure le corps de la bo\u00eete, le fond de la bo\u00eete et les \u00e9bauches.<br \/>\n\u25cf Entra\u00eenement par moteur<br \/>\n\u25cf Vitesse de glissement contr\u00f4l\u00e9e \u00e9lectriquement<br \/>\n\u25cf Niveau r\u00e9glable<\/div>\n","protected":false},"excerpt":{"rendered":"<h3>Testeur de mobilit\u00e9\/lubricit\u00e9 pour bo\u00eetes de conserve (num\u00e9rique)<\/h3>\n","protected":false},"featured_media":462,"comment_status":"closed","ping_status":"closed","template":"","meta":[],"product_brand":[],"product_cat":[16],"product_tag":[],"class_list":{"0":"post-432","1":"product","2":"type-product","3":"status-publish","4":"has-post-thumbnail","6":"product_cat-objet-de-detection","8":"first","9":"instock","10":"shipping-taxable","11":"product-type-simple"},"aioseo_notices":[],"_links":{"self":[{"href":"https:\/\/www.canneed.com\/fr\/wp-json\/wp\/v2\/product\/432","targetHints":{"allow":["GET"]}}],"collection":[{"href":"https:\/\/www.canneed.com\/fr\/wp-json\/wp\/v2\/product"}],"about":[{"href":"https:\/\/www.canneed.com\/fr\/wp-json\/wp\/v2\/types\/product"}],"replies":[{"embeddable":true,"href":"https:\/\/www.canneed.com\/fr\/wp-json\/wp\/v2\/comments?post=432"}],"wp:featuredmedia":[{"embeddable":true,"href":"https:\/\/www.canneed.com\/fr\/wp-json\/wp\/v2\/media\/462"}],"wp:attachment":[{"href":"https:\/\/www.canneed.com\/fr\/wp-json\/wp\/v2\/media?parent=432"}],"wp:term":[{"taxonomy":"product_brand","embeddable":true,"href":"https:\/\/www.canneed.com\/fr\/wp-json\/wp\/v2\/product_brand?post=432"},{"taxonomy":"product_cat","embeddable":true,"href":"https:\/\/www.canneed.com\/fr\/wp-json\/wp\/v2\/product_cat?post=432"},{"taxonomy":"product_tag","embeddable":true,"href":"https:\/\/www.canneed.com\/fr\/wp-json\/wp\/v2\/product_tag?post=432"}],"curies":[{"name":"wp","href":"https:\/\/api.w.org\/{rel}","templated":true}]}}