{"id":430,"date":"2025-05-13T15:58:38","date_gmt":"2025-05-13T07:58:38","guid":{"rendered":"http:\/\/www.canneed.com\/fr\/?post_type=product&#038;p=430"},"modified":"2025-05-13T15:58:41","modified_gmt":"2025-05-13T07:58:41","slug":"canneed-cc-1000","status":"publish","type":"product","link":"https:\/\/www.canneed.com\/fr\/product\/canneed-cc-1000\/","title":{"rendered":"CanNeed-CC-1000"},"content":{"rendered":"<p>&nbsp;<\/p>\n<h3>Les avantages<\/h3>\n<div class='prodocut_content'>1. Conception sp\u00e9ciale et professionnelle pour les \u00e9chantillons en forme de colonne. Il n&rsquo;est pas n\u00e9cessaire de couper les bo\u00eetes. Facile \u00e0 utiliser et permet d&rsquo;\u00e9conomiser des \u00e9chantillons.<br \/>\n2. La jauge de spectre avec CCD lin\u00e9aire analyse le spectre avec une r\u00e9solution allant jusqu&rsquo;\u00e0 1 nm.<br \/>\n3. Test \u00e0 grande vitesse. Un test unique n\u00e9cessite moins de 50 ms et un \u00e9chantillon moins d&rsquo;une seconde.<br \/>\n4. La source lumineuse est constitu\u00e9e de plusieurs LED. L&rsquo;\u00e9nergie est homog\u00e8ne dans tout le spectre. Longue dur\u00e9e de vie et stabilit\u00e9.<br \/>\n5. Le r\u00e9sultat est stable. R\u00e9p\u00e9tabilit\u00e9 jusqu&rsquo;\u00e0 0,05 \u25b3E.<br \/>\n6. La source de lumi\u00e8re est conduite et le spectre est r\u00e9fl\u00e9chi par la fibre optique, ce qui rend la jauge pr\u00e9cise et compacte.<\/div>\n","protected":false},"excerpt":{"rendered":"<h3>Colorim\u00e8tre \u00e0 canette<\/h3>\n","protected":false},"featured_media":459,"comment_status":"closed","ping_status":"closed","template":"","meta":[],"product_brand":[],"product_cat":[16],"product_tag":[],"class_list":{"0":"post-430","1":"product","2":"type-product","3":"status-publish","4":"has-post-thumbnail","6":"product_cat-objet-de-detection","8":"first","9":"instock","10":"shipping-taxable","11":"product-type-simple"},"aioseo_notices":[],"_links":{"self":[{"href":"https:\/\/www.canneed.com\/fr\/wp-json\/wp\/v2\/product\/430","targetHints":{"allow":["GET"]}}],"collection":[{"href":"https:\/\/www.canneed.com\/fr\/wp-json\/wp\/v2\/product"}],"about":[{"href":"https:\/\/www.canneed.com\/fr\/wp-json\/wp\/v2\/types\/product"}],"replies":[{"embeddable":true,"href":"https:\/\/www.canneed.com\/fr\/wp-json\/wp\/v2\/comments?post=430"}],"wp:featuredmedia":[{"embeddable":true,"href":"https:\/\/www.canneed.com\/fr\/wp-json\/wp\/v2\/media\/459"}],"wp:attachment":[{"href":"https:\/\/www.canneed.com\/fr\/wp-json\/wp\/v2\/media?parent=430"}],"wp:term":[{"taxonomy":"product_brand","embeddable":true,"href":"https:\/\/www.canneed.com\/fr\/wp-json\/wp\/v2\/product_brand?post=430"},{"taxonomy":"product_cat","embeddable":true,"href":"https:\/\/www.canneed.com\/fr\/wp-json\/wp\/v2\/product_cat?post=430"},{"taxonomy":"product_tag","embeddable":true,"href":"https:\/\/www.canneed.com\/fr\/wp-json\/wp\/v2\/product_tag?post=430"}],"curies":[{"name":"wp","href":"https:\/\/api.w.org\/{rel}","templated":true}]}}