{"id":43,"date":"2025-05-13T15:57:17","date_gmt":"2025-05-13T07:57:17","guid":{"rendered":"http:\/\/www.canneed.com\/fr\/?post_type=product&#038;p=43"},"modified":"2025-05-13T15:57:28","modified_gmt":"2025-05-13T07:57:28","slug":"canneed-bt-100","status":"publish","type":"product","link":"https:\/\/www.canneed.com\/fr\/product\/canneed-bt-100\/","title":{"rendered":"CanNeed-BT-100"},"content":{"rendered":"<p>&nbsp;<\/p>\n<h3>Application<\/h3>\n<div class='prodocut_content'>Le tourne-bouteille CanNeed-BT-100 est utilis\u00e9 pour agiter les \u00e9chantillons en bouteille ou en bo\u00eete. R\u00e9glez le temps d&rsquo;agitation et fixez les \u00e9chantillons dans la pince. Apr\u00e8s la mise en marche de l&rsquo;\u00e9quipement, les \u00e9chantillons seront secou\u00e9s et culbut\u00e9s automatiquement jusqu&rsquo;\u00e0 ce qu&rsquo;ils atteignent le temps programm\u00e9.<\/p>\n<p>Application 1 : mesure de l&rsquo;O2 total dans la bi\u00e8re<\/p>\n<p>Pourquoi la bi\u00e8re devient-elle rapidement insipide alors que le taux d&rsquo;O2 dissous est tr\u00e8s faible ?<br \/>\nC&rsquo;est parce que l&rsquo;O2 total est \u00e9lev\u00e9. Il y a de l&rsquo;O2 dans le goulot de la bi\u00e8re en bouteille. Si les clients veulent \u00e9valuer l&rsquo;O2 dissous dans la bi\u00e8re en bouteille, ils doivent mesurer l&rsquo;O2 total.<\/p>\n<p>CanNeed-BT-100 est utilis\u00e9 pour mesurer l&rsquo;O2 total dans la bi\u00e8re en bouteille ou en bo\u00eete. Veuillez agiter compl\u00e8tement la bi\u00e8re en bouteille ou en bo\u00eete pendant 3 minutes avant de mesurer l&rsquo;O2 total.<br \/>\nou en bo\u00eete pendant 3 minutes avant de proc\u00e9der \u00e0 la mesure.<br \/>\nSi l&rsquo;O2 de la bi\u00e8re conditionn\u00e9e en conteneurs atteint l&rsquo;\u00e9quilibre gaz-liquide, lorsque vous connaissez la teneur en O2 du liquide, vous pouvez calculer la teneur en O2 du gaz sur la base de la loi d&rsquo;Henry. Pour \u00e9quilibrer la teneur en O2 du gaz et du liquide, utilisez le tourne-bouteille BT-100. Il faut 3 minutes pour \u00e9tablir l&rsquo;\u00e9quilibre de l&rsquo;O2 \u00e0 la vitesse de 40rmp\/min.&nbsp;<\/div>\n","protected":false},"excerpt":{"rendered":"<h3>Tourne-bouteille<\/h3>\n","protected":false},"featured_media":83,"comment_status":"closed","ping_status":"closed","template":"","meta":[],"product_brand":[],"product_cat":[24,21,25],"product_tag":[],"class_list":{"0":"post-43","1":"product","2":"type-product","3":"status-publish","4":"has-post-thumbnail","6":"product_cat-biere-mout-malt-microorganismes","7":"product_cat-laboratoire","8":"product_cat-oxygene-dissous-oxygene-total","10":"first","11":"instock","12":"shipping-taxable","13":"product-type-simple"},"aioseo_notices":[],"_links":{"self":[{"href":"https:\/\/www.canneed.com\/fr\/wp-json\/wp\/v2\/product\/43","targetHints":{"allow":["GET"]}}],"collection":[{"href":"https:\/\/www.canneed.com\/fr\/wp-json\/wp\/v2\/product"}],"about":[{"href":"https:\/\/www.canneed.com\/fr\/wp-json\/wp\/v2\/types\/product"}],"replies":[{"embeddable":true,"href":"https:\/\/www.canneed.com\/fr\/wp-json\/wp\/v2\/comments?post=43"}],"wp:featuredmedia":[{"embeddable":true,"href":"https:\/\/www.canneed.com\/fr\/wp-json\/wp\/v2\/media\/83"}],"wp:attachment":[{"href":"https:\/\/www.canneed.com\/fr\/wp-json\/wp\/v2\/media?parent=43"}],"wp:term":[{"taxonomy":"product_brand","embeddable":true,"href":"https:\/\/www.canneed.com\/fr\/wp-json\/wp\/v2\/product_brand?post=43"},{"taxonomy":"product_cat","embeddable":true,"href":"https:\/\/www.canneed.com\/fr\/wp-json\/wp\/v2\/product_cat?post=43"},{"taxonomy":"product_tag","embeddable":true,"href":"https:\/\/www.canneed.com\/fr\/wp-json\/wp\/v2\/product_tag?post=43"}],"curies":[{"name":"wp","href":"https:\/\/api.w.org\/{rel}","templated":true}]}}