{"id":428,"date":"2025-05-13T15:58:38","date_gmt":"2025-05-13T07:58:38","guid":{"rendered":"http:\/\/www.canneed.com\/fr\/?post_type=product&#038;p=428"},"modified":"2025-05-13T15:58:41","modified_gmt":"2025-05-13T07:58:41","slug":"canneed-mder-c2","status":"publish","type":"product","link":"https:\/\/www.canneed.com\/fr\/product\/canneed-mder-c2\/","title":{"rendered":"CanNeed-MDER-C2"},"content":{"rendered":"<p>&nbsp;<\/p>\n<h3>Application<\/h3>\n<div class='prodocut_content'>CanNeed-MDER-C2 est utilis\u00e9 pour mesurer la couverture, la compacit\u00e9 et la valeur du courant \u00e9lectrique de la couche d&rsquo;\u00e9mail \u00e0 l&rsquo;int\u00e9rieur des bo\u00eetes de conserve et de boisson. Si la couche d&rsquo;\u00e9mail \u00e0 l&rsquo;int\u00e9rieur des bo\u00eetes n&rsquo;est pas int\u00e9gr\u00e9e, le contenu \u00e9rodera le mat\u00e9riau m\u00e9tallique et affectera la qualit\u00e9 et le stockage des produits. La machine a adopt\u00e9 une technologie semi-automatique, plus efficace et r\u00e9duisant davantage les erreurs humaines. CanNeed-MDER-C2 est la norme de l&rsquo;industrie de la fabrication de bo\u00eetes de conserve.<\/div>\n<p>&nbsp;<\/p>\n<h3>Les avantages<\/h3>\n<div class='prodocut_content'>\u25cf2-station et contr\u00f4le semi-automatique<br \/>\n\u25cfChangement rapide et facile du collier de serrage<br \/>\n\u25cfIl y a un bo\u00eetier couvert ajout\u00e9 au bas de la machine pour recueillir le liquide gaspill\u00e9, emp\u00eacher la pollution par la chute de liquide de la sonde.<br \/>\n\u25cfPeut mesurer l&rsquo;int\u00e9grit\u00e9 du rev\u00eatement interne de l&rsquo;extr\u00e9mit\u00e9 si elle est connect\u00e9e au support de panneau d&rsquo;extr\u00e9mit\u00e9.<\/div>\n","protected":false},"excerpt":{"rendered":"<h3>Mesureur d&rsquo;\u00e9mail num\u00e9rique multiposte pour bo\u00eetes de conserve<\/h3>\n","protected":false},"featured_media":458,"comment_status":"closed","ping_status":"closed","template":"","meta":[],"product_brand":[],"product_cat":[16],"product_tag":[],"class_list":{"0":"post-428","1":"product","2":"type-product","3":"status-publish","4":"has-post-thumbnail","6":"product_cat-objet-de-detection","8":"first","9":"outofstock","10":"shipping-taxable","11":"product-type-simple"},"aioseo_notices":[],"_links":{"self":[{"href":"https:\/\/www.canneed.com\/fr\/wp-json\/wp\/v2\/product\/428","targetHints":{"allow":["GET"]}}],"collection":[{"href":"https:\/\/www.canneed.com\/fr\/wp-json\/wp\/v2\/product"}],"about":[{"href":"https:\/\/www.canneed.com\/fr\/wp-json\/wp\/v2\/types\/product"}],"replies":[{"embeddable":true,"href":"https:\/\/www.canneed.com\/fr\/wp-json\/wp\/v2\/comments?post=428"}],"wp:featuredmedia":[{"embeddable":true,"href":"https:\/\/www.canneed.com\/fr\/wp-json\/wp\/v2\/media\/458"}],"wp:attachment":[{"href":"https:\/\/www.canneed.com\/fr\/wp-json\/wp\/v2\/media?parent=428"}],"wp:term":[{"taxonomy":"product_brand","embeddable":true,"href":"https:\/\/www.canneed.com\/fr\/wp-json\/wp\/v2\/product_brand?post=428"},{"taxonomy":"product_cat","embeddable":true,"href":"https:\/\/www.canneed.com\/fr\/wp-json\/wp\/v2\/product_cat?post=428"},{"taxonomy":"product_tag","embeddable":true,"href":"https:\/\/www.canneed.com\/fr\/wp-json\/wp\/v2\/product_tag?post=428"}],"curies":[{"name":"wp","href":"https:\/\/api.w.org\/{rel}","templated":true}]}}