{"id":42,"date":"2025-05-13T15:57:17","date_gmt":"2025-05-13T07:57:17","guid":{"rendered":"http:\/\/www.canneed.com\/fr\/?post_type=product&#038;p=42"},"modified":"2025-05-13T15:57:28","modified_gmt":"2025-05-13T07:57:28","slug":"canneed-as-200d","status":"publish","type":"product","link":"https:\/\/www.canneed.com\/fr\/product\/canneed-as-200d\/","title":{"rendered":"CanNeed-AS-200d"},"content":{"rendered":"<p>&nbsp;<\/p>\n<h3>Application<\/h3>\n<div class='prodocut_content'>Le \u00ab AS-200d Digital AutoShaker Beverage CO2 Calculator \u00bb est un instrument brevet\u00e9 qui permet de calculer la teneur en dioxyde de carbone de la boisson remplie dans des bouteilles en verre\/PET et des canettes. Son fonctionnement simple, qui garantit une reproductibilit\u00e9 \u00e9lev\u00e9e, en a fait un \u00e9l\u00e9ment important de l&rsquo;assurance qualit\u00e9 dans l&rsquo;industrie des boissons.<\/p>\n<p>L&rsquo;op\u00e9ration consiste \u00e0 placer l&rsquo;\u00e9chantillon de boisson dans le tambour de protection, \u00e0 percer l&rsquo;\u00e9chantillon, \u00e0 le faire tourner \u00e0 l&rsquo;aide d&rsquo;un moteur de mani\u00e8re \u00e0 obtenir un \u00e9quilibre de phase \u00e0 la fin du processus d&rsquo;agitation, et \u00e0 calculer la teneur en dioxyde de carbone \u00e0 partir des tableaux de relation temp\u00e9rature\/pression fournis avec l&rsquo;instrument. La rotation r\u00e9guli\u00e8re de la bouteille assure une lib\u00e9ration optimale du dioxyde de carbone dissous et est \u00e0 la base de l&rsquo;excellente reproductibilit\u00e9 des r\u00e9sultats de mesure.<\/p>\n<p>Pour la d\u00e9termination de la teneur en air, l&rsquo;appareil de mesure de l&rsquo;air IAM peut \u00eatre combin\u00e9 avec le \u00ab AS-200d Digital AutoShaker Beverage CO2 Calculator \u00bb.<br \/>\n&#8211; D\u00e9termination de la teneur en air dans le volume de l&rsquo;espace de t\u00eate,<br \/>\n&#8211; D\u00e9termination de la teneur totale en air dans la boisson.<\/div>\n<p>&nbsp;<\/p>\n<h3>Les avantages<\/h3>\n<div class='prodocut_content'>&#8211; Rotation par moteur, \u00e9vitant les secousses manuelles, garantissant une grande reproductibilit\u00e9.<br \/>\n&#8211; Avec tambour de protection, plus de s\u00e9curit\u00e9<br \/>\n&#8211; Grande pr\u00e9cision, calcul automatique de la teneur en CO2<br \/>\n&#8211; Bonne r\u00e9p\u00e9tabilit\u00e9<br \/>\n&#8211; Fonctionnement simple<br \/>\n&#8211; Facile \u00e0 calibrer<br \/>\n&#8211; Applicable \u00e0 la plupart des bouteilles et canettes en verre\/PET.<\/div>\n","protected":false},"excerpt":{"rendered":"<h3>Calculateur num\u00e9rique de CO2 pour boissons AutoShaker<\/h3>\n","protected":false},"featured_media":82,"comment_status":"closed","ping_status":"closed","template":"","meta":[],"product_brand":[],"product_cat":[17,26,33,28,21],"product_tag":[],"class_list":{"0":"post-42","1":"product","2":"type-product","3":"status-publish","4":"has-post-thumbnail","6":"product_cat-biere-en-conserve-boisson-en-conserve-en-conserve","7":"product_cat-bouteilles-en-verre-bouteilles-de-biere-vin-whisky","8":"product_cat-bouteilles-pet-boissons-bouteilles-pet-embryons-de-bouteilles-bouchons-en-plastique","9":"product_cat-gaz-carbonique","10":"product_cat-laboratoire","12":"first","13":"instock","14":"shipping-taxable","15":"product-type-simple"},"aioseo_notices":[],"_links":{"self":[{"href":"https:\/\/www.canneed.com\/fr\/wp-json\/wp\/v2\/product\/42","targetHints":{"allow":["GET"]}}],"collection":[{"href":"https:\/\/www.canneed.com\/fr\/wp-json\/wp\/v2\/product"}],"about":[{"href":"https:\/\/www.canneed.com\/fr\/wp-json\/wp\/v2\/types\/product"}],"replies":[{"embeddable":true,"href":"https:\/\/www.canneed.com\/fr\/wp-json\/wp\/v2\/comments?post=42"}],"wp:featuredmedia":[{"embeddable":true,"href":"https:\/\/www.canneed.com\/fr\/wp-json\/wp\/v2\/media\/82"}],"wp:attachment":[{"href":"https:\/\/www.canneed.com\/fr\/wp-json\/wp\/v2\/media?parent=42"}],"wp:term":[{"taxonomy":"product_brand","embeddable":true,"href":"https:\/\/www.canneed.com\/fr\/wp-json\/wp\/v2\/product_brand?post=42"},{"taxonomy":"product_cat","embeddable":true,"href":"https:\/\/www.canneed.com\/fr\/wp-json\/wp\/v2\/product_cat?post=42"},{"taxonomy":"product_tag","embeddable":true,"href":"https:\/\/www.canneed.com\/fr\/wp-json\/wp\/v2\/product_tag?post=42"}],"curies":[{"name":"wp","href":"https:\/\/api.w.org\/{rel}","templated":true}]}}