{"id":41,"date":"2025-05-13T15:57:17","date_gmt":"2025-05-13T07:57:17","guid":{"rendered":"http:\/\/www.canneed.com\/fr\/?post_type=product&#038;p=41"},"modified":"2025-05-13T15:57:27","modified_gmt":"2025-05-13T07:57:27","slug":"canneed-as-100","status":"publish","type":"product","link":"https:\/\/www.canneed.com\/fr\/product\/canneed-as-100\/","title":{"rendered":"CanNeed-AS-100"},"content":{"rendered":"<p>&nbsp;<\/p>\n<h3>Application<\/h3>\n<div class='prodocut_content'>CanNeed-AS-100 Auto Shaker Beverage CO2 Calculator est un instrument brevet\u00e9 qui permet de calculer la teneur en dioxyde de carbone d&rsquo;une boisson remplie dans des bouteilles en verre\/PET et des canettes. \u00c9quip\u00e9 d&rsquo;un moteur, il peut \u00e9viter efficacement la fatigue caus\u00e9e par l&rsquo;agitation des mains, ce qui garantit des r\u00e9sultats de mesure plus pr\u00e9cis. Dot\u00e9 d&rsquo;un tambour de protection, il est beaucoup plus s\u00fbr.<\/div>\n<p>&nbsp;<\/p>\n<h3>Les avantages<\/h3>\n<div class='prodocut_content'>\n<ol>\n<li>\n\t\tRotation par moteur, \u00e9vitant les secousses manuelles, garantissant une grande reproductibilit\u00e9.\n\t<\/li>\n<li>\n\t\tAvec tambour de protection, plus s\u00fbr\n\t<\/li>\n<li>\n\t\tHaute pr\u00e9cision\n\t<\/li>\n<li>\n\t\tBonne r\u00e9p\u00e9tabilit\u00e9\n\t<\/li>\n<li>\n\t\tBas\u00e9 sur les m\u00e9thodes de mesure de la loi de Henry\n\t<\/li>\n<li>\n\t\tFonctionnement simple\n\t<\/li>\n<li>\n\t\t\u00c9talonnage facile\n\t<\/li>\n<li>\n\t\tApplicable \u00e0 la plupart des bouteilles et canettes en verre\/PET.\n\t<\/li>\n<\/ol>\n<\/div>\n","protected":false},"excerpt":{"rendered":"<h3>Calculateur de CO2 pour boissons AutoShaker<\/h3>\n","protected":false},"featured_media":81,"comment_status":"closed","ping_status":"closed","template":"","meta":[],"product_brand":[],"product_cat":[17,26,33,28,21],"product_tag":[],"class_list":{"0":"post-41","1":"product","2":"type-product","3":"status-publish","4":"has-post-thumbnail","6":"product_cat-biere-en-conserve-boisson-en-conserve-en-conserve","7":"product_cat-bouteilles-en-verre-bouteilles-de-biere-vin-whisky","8":"product_cat-bouteilles-pet-boissons-bouteilles-pet-embryons-de-bouteilles-bouchons-en-plastique","9":"product_cat-gaz-carbonique","10":"product_cat-laboratoire","12":"first","13":"instock","14":"shipping-taxable","15":"product-type-simple"},"aioseo_notices":[],"_links":{"self":[{"href":"https:\/\/www.canneed.com\/fr\/wp-json\/wp\/v2\/product\/41","targetHints":{"allow":["GET"]}}],"collection":[{"href":"https:\/\/www.canneed.com\/fr\/wp-json\/wp\/v2\/product"}],"about":[{"href":"https:\/\/www.canneed.com\/fr\/wp-json\/wp\/v2\/types\/product"}],"replies":[{"embeddable":true,"href":"https:\/\/www.canneed.com\/fr\/wp-json\/wp\/v2\/comments?post=41"}],"wp:featuredmedia":[{"embeddable":true,"href":"https:\/\/www.canneed.com\/fr\/wp-json\/wp\/v2\/media\/81"}],"wp:attachment":[{"href":"https:\/\/www.canneed.com\/fr\/wp-json\/wp\/v2\/media?parent=41"}],"wp:term":[{"taxonomy":"product_brand","embeddable":true,"href":"https:\/\/www.canneed.com\/fr\/wp-json\/wp\/v2\/product_brand?post=41"},{"taxonomy":"product_cat","embeddable":true,"href":"https:\/\/www.canneed.com\/fr\/wp-json\/wp\/v2\/product_cat?post=41"},{"taxonomy":"product_tag","embeddable":true,"href":"https:\/\/www.canneed.com\/fr\/wp-json\/wp\/v2\/product_tag?post=41"}],"curies":[{"name":"wp","href":"https:\/\/api.w.org\/{rel}","templated":true}]}}