{"id":40,"date":"2025-05-13T15:57:17","date_gmt":"2025-05-13T07:57:17","guid":{"rendered":"http:\/\/www.canneed.com\/fr\/?post_type=product&#038;p=40"},"modified":"2025-05-13T15:57:27","modified_gmt":"2025-05-13T07:57:27","slug":"canneed-cnd-trk-300","status":"publish","type":"product","link":"https:\/\/www.canneed.com\/fr\/product\/canneed-cnd-trk-300\/","title":{"rendered":"CanNeed-CND-TRK-300"},"content":{"rendered":"<p>&nbsp;<\/p>\n<h3>Application<\/h3>\n<div class='prodocut_content'>Le \u00ab CanNeed-TRK-300 Oven Temperature Tracker \u00bb est un syst\u00e8me professionnel d&rsquo;inspection de la courbe de temp\u00e9rature du four pour l&rsquo;industrie du rev\u00eatement. Il comprend un enregistreur de donn\u00e9es, un bo\u00eetier d&rsquo;isolation thermique, un logiciel (chinois\/anglais) et des thermocouples.<\/p>\n<p>Le \u00ab CanNeed-TRK-300 Oven Temperature Tracker \u00bb est utilis\u00e9 pour passer dans le four avec les produits en cours de solidification et enregistrer la temp\u00e9rature r\u00e9elle pendant le processus. L&rsquo;enregistreur se trouve au centre du syst\u00e8me. Le bo\u00eetier d&rsquo;isolation thermique sert \u00e0 prot\u00e9ger l&rsquo;enregistreur de la surchauffe du four. Lors du passage dans le four, le CanNeed-TRK-300 Oven Temperature Tracker enregistre la temp\u00e9rature en temps r\u00e9el des produits en cours de solidification gr\u00e2ce aux 5 thermocouples connect\u00e9s aux produits et \u00e0 un thermocouple destin\u00e9 \u00e0 enregistrer la temp\u00e9rature de l&rsquo;air du four. Une fois le processus d&rsquo;enregistrement termin\u00e9, le logiciel CND_TRK permet d&rsquo;analyser les donn\u00e9es de temp\u00e9rature et de g\u00e9n\u00e9rer des rapports d\u00e9taill\u00e9s.<\/p>\n<\/div>\n<p>&nbsp;<\/p>\n<h3>Les avantages<\/h3>\n<div class='prodocut_content'>Le \u00ab CanNeed-TRK-300 Oven Temperature Tracker \u00bb est une solution parfaite pour les fournisseurs de rev\u00eatements afin de montrer comment leurs produits ont \u00e9t\u00e9 correctement solidifi\u00e9s. La courbe pr\u00e9cise des donn\u00e9es de temp\u00e9rature du produit est extr\u00eamement importante pour les techniques de production modernes. Les fabricants du monde entier utilisent le syst\u00e8me d&rsquo;inspection de la courbe de temp\u00e9rature du four pour am\u00e9liorer la qualit\u00e9 des produits, r\u00e9duire le taux de produits d\u00e9fectueux et prouver que le processus de contr\u00f4le est conforme \u00e0 la norme ISO9000. Avec le logiciel CND_TRK, l&rsquo;inspection de la courbe de temp\u00e9rature est devenue si facile qu&rsquo;elle ne l&rsquo;a jamais \u00e9t\u00e9 !<\/div>\n","protected":false},"excerpt":{"rendered":"<h3>Suivi de la temp\u00e9rature du four<\/h3>\n","protected":false},"featured_media":80,"comment_status":"closed","ping_status":"closed","template":"","meta":[],"product_brand":[],"product_cat":[22,23,31,29,21,27,34,35],"product_tag":[],"class_list":{"0":"post-40","1":"product","2":"type-product","3":"status-publish","4":"has-post-thumbnail","6":"product_cat-canette-aerosol-en-trois-parties-revetement","7":"product_cat-canette-bouteille-en-aluminium-en-deux-parties","8":"product_cat-capuchon-metallique-capuchon-couronne-capuchon-a-languette-capuchon-a-vis-capuchon-a-ouverture-a-griffe","9":"product_cat-film-de-peinture-peinture-revetement","10":"product_cat-laboratoire","11":"product_cat-ligne-de-conditionnement-en-ligne","12":"product_cat-temperature-pu-f0","13":"product_cat-usage-general","15":"first","16":"instock","17":"shipping-taxable","18":"product-type-simple"},"aioseo_notices":[],"_links":{"self":[{"href":"https:\/\/www.canneed.com\/fr\/wp-json\/wp\/v2\/product\/40","targetHints":{"allow":["GET"]}}],"collection":[{"href":"https:\/\/www.canneed.com\/fr\/wp-json\/wp\/v2\/product"}],"about":[{"href":"https:\/\/www.canneed.com\/fr\/wp-json\/wp\/v2\/types\/product"}],"replies":[{"embeddable":true,"href":"https:\/\/www.canneed.com\/fr\/wp-json\/wp\/v2\/comments?post=40"}],"wp:featuredmedia":[{"embeddable":true,"href":"https:\/\/www.canneed.com\/fr\/wp-json\/wp\/v2\/media\/80"}],"wp:attachment":[{"href":"https:\/\/www.canneed.com\/fr\/wp-json\/wp\/v2\/media?parent=40"}],"wp:term":[{"taxonomy":"product_brand","embeddable":true,"href":"https:\/\/www.canneed.com\/fr\/wp-json\/wp\/v2\/product_brand?post=40"},{"taxonomy":"product_cat","embeddable":true,"href":"https:\/\/www.canneed.com\/fr\/wp-json\/wp\/v2\/product_cat?post=40"},{"taxonomy":"product_tag","embeddable":true,"href":"https:\/\/www.canneed.com\/fr\/wp-json\/wp\/v2\/product_tag?post=40"}],"curies":[{"name":"wp","href":"https:\/\/api.w.org\/{rel}","templated":true}]}}