{"id":39,"date":"2025-05-13T15:57:17","date_gmt":"2025-05-13T07:57:17","guid":{"rendered":"http:\/\/www.canneed.com\/fr\/?post_type=product&#038;p=39"},"modified":"2025-05-13T15:57:26","modified_gmt":"2025-05-13T07:57:26","slug":"canneed-pu-2000","status":"publish","type":"product","link":"https:\/\/www.canneed.com\/fr\/product\/canneed-pu-2000\/","title":{"rendered":"CanNeed-PU-2000"},"content":{"rendered":"<p>&nbsp;<\/p>\n<h3>Application<\/h3>\n<div class='prodocut_content'>Le moniteur de pasteurisation CanNeed-PU-2000 (PU Meter) de CanNeed peut \u00eatre utilis\u00e9 pour mesurer la temp\u00e9rature de la bi\u00e8re en bouteilles ou en canettes pendant le processus de pasteurisation, calculer les unit\u00e9s de pasteurisation (valeur PU) et afficher le profil de temp\u00e9rature sur un ordinateur \u00e0 l&rsquo;aide d&rsquo;un logiciel ou l&rsquo;imprimer sur une imprimante.<\/p>\n<p>CanNeed-PU-2000 est fabriqu\u00e9 en acier inoxydable, \u00e9tanche et dot\u00e9 de boutons de d\u00e9tection capacitifs, ce qui pr\u00e9sente l&rsquo;avantage d&rsquo;un fonctionnement simple, d&rsquo;une maintenance ais\u00e9e et d&rsquo;un travail d&rsquo;entretien r\u00e9duit.<\/p>\n<p>L&rsquo;\u00e9quipement de pasteurisation en tunnel est un moyen fiable et facile de garantir la dur\u00e9e de conservation de la bi\u00e8re et d&rsquo;en am\u00e9liorer la biostabilit\u00e9, mais dans la pratique, il y a quelques malentendus dans l&rsquo;application du risque produit.<\/p>\n<p>Le principe de fonctionnement de la machine de pasteurisation est le suivant : le r\u00e9gulateur de temp\u00e9rature convertit la valeur PU d\u00e9finie en courbe de temp\u00e9rature de contr\u00f4le r\u00e9elle de l&rsquo;\u00e9vier dans chaque zone de temp\u00e9rature, et contr\u00f4le avec pr\u00e9cision le changement de temp\u00e9rature dans chaque zone de temp\u00e9rature gr\u00e2ce \u00e0 la d\u00e9tection de la temp\u00e9rature, le moteur d&rsquo;entra\u00eenement principal entra\u00eene le r\u00e9seau de cha\u00eenes de convoyeurs de bouteilles \u00e0 deux couches sup\u00e9rieur et inf\u00e9rieur pour faire passer s\u00e9quentiellement la bi\u00e8re en bouteille par les trois zones de temp\u00e9rature, \u00e9tape par \u00e9tape, de r\u00e9chauffement et de pr\u00e9chauffage, les deux zones de temp\u00e9rature de la st\u00e9rilisation et les trois zones de temp\u00e9rature du processus de refroidissement \u00e9tape par \u00e9tape pour obtenir la bi\u00e8re st\u00e9rilis\u00e9e et refroidie \u00e0 temp\u00e9rature ambiante afin de maintenir les caract\u00e9ristiques de la saveur. La pasteurisation de la bi\u00e8re est l&rsquo;une des m\u00e9thodes les plus efficaces pour st\u00e9riliser la bi\u00e8re et la refroidir \u00e0 la temp\u00e9rature ambiante afin de pr\u00e9server ses caract\u00e9ristiques gustatives.<\/p>\n<p>La pasteurisation de la bi\u00e8re est l&rsquo;un des processus les plus importants dans la production de bi\u00e8re cuite, une pasteurisation insuffisante ou excessive aura un impact sur la dur\u00e9e de conservation et la saveur de la bi\u00e8re.La valeur PU est un indicateur technique important de la pasteurisation.<\/p>\n<p>Selon la th\u00e9orie du contr\u00f4le du c\u0153ur froid de la pasteurisation, les diff\u00e9rentes hauteurs, diam\u00e8tres et formes des divers types et mat\u00e9riaux de bouteilles d\u00e9terminent les diff\u00e9rences de position du c\u0153ur froid, c&rsquo;est-\u00e0-dire la diff\u00e9rence de longueur du c\u0153ur froid entre le goulot de la bouteille et la paroi ext\u00e9rieure, ce qui d\u00e9termine \u00e9galement que si la m\u00eame proc\u00e9dure de contr\u00f4le est adopt\u00e9e (m\u00eame temp\u00e9rature de l&rsquo;eau de chauffage et de refroidissement), le c\u0153ur froid sera soumis \u00e0 la diff\u00e9rence de vitesse de chauffage et de refroidissement et \u00e0 la temp\u00e9rature maximale.&nbsp;<\/div>\n<p>&nbsp;<\/p>\n<h3>Les avantages<\/h3>\n<div class='prodocut_content'>l Peut mesurer la bi\u00e8re en bouteille et en bo\u00eete<br \/>\nl Double canal, peut mesurer la temp\u00e9rature de la bi\u00e8re et la temp\u00e9rature de l&rsquo;eau de pulv\u00e9risation ;<br \/>\nl Les r\u00e9sultats des mesures peuvent \u00eatre lus directement sur l&rsquo;\u00e9cran d&rsquo;affichage de l&rsquo;unit\u00e9 principale.<br \/>\nl Mesure de la valeur PU de pasteurisation, de la dur\u00e9e totale de fonctionnement et de la temp\u00e9rature maximale.<br \/>\nl Le dispositif de sortie des donn\u00e9es connect\u00e9 \u00e0 l&rsquo;ordinateur permet d&rsquo;imprimer la courbe de temp\u00e9rature.<\/div>\n","protected":false},"excerpt":{"rendered":"<h3>Moniteur de pasteurisation (PU meter)<\/h3>\n","protected":false},"featured_media":79,"comment_status":"closed","ping_status":"closed","template":"","meta":[],"product_brand":[],"product_cat":[17,24,26,33,21,34],"product_tag":[],"class_list":{"0":"post-39","1":"product","2":"type-product","3":"status-publish","4":"has-post-thumbnail","6":"product_cat-biere-en-conserve-boisson-en-conserve-en-conserve","7":"product_cat-biere-mout-malt-microorganismes","8":"product_cat-bouteilles-en-verre-bouteilles-de-biere-vin-whisky","9":"product_cat-bouteilles-pet-boissons-bouteilles-pet-embryons-de-bouteilles-bouchons-en-plastique","10":"product_cat-laboratoire","11":"product_cat-temperature-pu-f0","13":"first","14":"instock","15":"shipping-taxable","16":"product-type-simple"},"aioseo_notices":[],"_links":{"self":[{"href":"https:\/\/www.canneed.com\/fr\/wp-json\/wp\/v2\/product\/39","targetHints":{"allow":["GET"]}}],"collection":[{"href":"https:\/\/www.canneed.com\/fr\/wp-json\/wp\/v2\/product"}],"about":[{"href":"https:\/\/www.canneed.com\/fr\/wp-json\/wp\/v2\/types\/product"}],"replies":[{"embeddable":true,"href":"https:\/\/www.canneed.com\/fr\/wp-json\/wp\/v2\/comments?post=39"}],"wp:featuredmedia":[{"embeddable":true,"href":"https:\/\/www.canneed.com\/fr\/wp-json\/wp\/v2\/media\/79"}],"wp:attachment":[{"href":"https:\/\/www.canneed.com\/fr\/wp-json\/wp\/v2\/media?parent=39"}],"wp:term":[{"taxonomy":"product_brand","embeddable":true,"href":"https:\/\/www.canneed.com\/fr\/wp-json\/wp\/v2\/product_brand?post=39"},{"taxonomy":"product_cat","embeddable":true,"href":"https:\/\/www.canneed.com\/fr\/wp-json\/wp\/v2\/product_cat?post=39"},{"taxonomy":"product_tag","embeddable":true,"href":"https:\/\/www.canneed.com\/fr\/wp-json\/wp\/v2\/product_tag?post=39"}],"curies":[{"name":"wp","href":"https:\/\/api.w.org\/{rel}","templated":true}]}}