{"id":382,"date":"2025-05-13T15:58:27","date_gmt":"2025-05-13T07:58:27","guid":{"rendered":"http:\/\/www.canneed.com\/fr\/?post_type=product&#038;p=382"},"modified":"2025-05-13T15:58:38","modified_gmt":"2025-05-13T07:58:38","slug":"canneed-ahwc-100","status":"publish","type":"product","link":"https:\/\/www.canneed.com\/fr\/product\/canneed-ahwc-100\/","title":{"rendered":"CanNeed-AHWC-100"},"content":{"rendered":"<p>&nbsp;<\/p>\n<h3>Application<\/h3>\n<div class='prodocut_content'>&nbsp;CanNeed-AHWC-100 Segment Cutter, Automated Operation, Pendant le processus de mesure, le CanNeed-AHWC-100 Segment Cutter utilise un fil chaud pour couper les bouteilles PET uniform\u00e9ment et rapidement afin d&rsquo;obtenir un profil clair sans d\u00e9former les bouteilles, \u00e9liminant compl\u00e8tement l&rsquo;influence du facteur humain, tout ce que l&rsquo;op\u00e9rateur doit faire est de placer l&rsquo;\u00e9chantillon sur la table de fixation et d&rsquo;appuyer sur le bouton de d\u00e9marrage. Il suffit \u00e0 l&rsquo;op\u00e9rateur de placer l&rsquo;\u00e9chantillon sur la table de fixation et d&rsquo;appuyer sur le bouton de d\u00e9marrage. L&rsquo;instrument peut \u00eatre utilis\u00e9 en laboratoire pour v\u00e9rifier le couple ou pr\u00e8s de la ligne de production pour analyser le poids des bouteilles PET par sections, en v\u00e9rifiant que chaque section r\u00e9pond aux crit\u00e8res de poids correspondants. La derni\u00e8re conception unique est s\u00fbre et efficace.<\/div>\n<p>&nbsp;<\/p>\n<h3>Les avantages<\/h3>\n<div class='prodocut_content'>\u25cf Vitesse de coupe : coupez les bouteilles PET \u00e0 une vitesse r\u00e9guli\u00e8re pour un meilleur effet de coupe ; \u00e9vitez l&rsquo;effet de coupe lorsque vous coupez manuellement.<br \/>\n\u25cf Puissance de coupe : la puissance de coupe peut \u00eatre r\u00e9gl\u00e9e pour s&rsquo;adapter aux diff\u00e9rentes \u00e9paisseurs de bouteilles PET, ce qui permet d&rsquo;obtenir un meilleur effet de coupe.<br \/>\n\u25cf Gaz d&rsquo;\u00e9chappement automatique : le gaz d&rsquo;\u00e9chappement g\u00e9n\u00e9r\u00e9 lors de la d\u00e9coupe des bouteilles PET est automatiquement \u00e9vacu\u00e9 vers l&rsquo;ext\u00e9rieur par le tuyau d&rsquo;\u00e9chappement, ce qui ne pollue pas l&rsquo;environnement int\u00e9rieur et \u00e9vite d&rsquo;affecter la sant\u00e9 humaine. Ce syst\u00e8me permet non seulement d&rsquo;\u00e9conomiser de l&rsquo;\u00e9nergie, mais aussi de prolonger la dur\u00e9e de vie du fil de coupe.<br \/>\nLa pince \u00e0 bouteilles peut \u00eatre r\u00e9gl\u00e9e pour s&rsquo;adapter \u00e0 un large \u00e9ventail de formes de bouteilles sans n\u00e9cessiter d&rsquo;outils sp\u00e9ciaux ou de pi\u00e8ces de rechange.<br \/>\n\u25cf Les supports r\u00e9glables maintiennent les bouteilles en place pendant le processus de d\u00e9coupe.<br \/>\n\u25cf Les \u00e9chelles de pr\u00e9cision permettent des coupes pr\u00e9cises et r\u00e9p\u00e9tables.<br \/>\n\u25cf La conception \u00e0 4 fils permet de r\u00e9aliser jusqu&rsquo;\u00e0 5 coupes.<br \/>\n\u25cf Une conception astucieuse permet de changer facilement les bouteilles de tailles et de formes diff\u00e9rentes pour la d\u00e9coupe.<br \/>\n\u25cf Aucun outil ou accessoire suppl\u00e9mentaire n&rsquo;est n\u00e9cessaire pour les diff\u00e9rentes t\u00e2ches de d\u00e9coupe.<br \/>\n\u25cf Des fixations en option sont disponibles pour couper les bouteilles non rondes.<\/div>\n","protected":false},"excerpt":{"rendered":"<h3>Machine \u00e0 couper les bouteilles en plastique<\/h3>\n","protected":false},"featured_media":427,"comment_status":"closed","ping_status":"closed","template":"","meta":[],"product_brand":[],"product_cat":[22,56,21],"product_tag":[],"class_list":{"0":"post-382","1":"product","2":"type-product","3":"status-publish","4":"has-post-thumbnail","6":"product_cat-canette-aerosol-en-trois-parties-revetement","7":"product_cat-couleur-chroma","8":"product_cat-laboratoire","10":"first","11":"instock","12":"shipping-taxable","13":"product-type-simple"},"aioseo_notices":[],"_links":{"self":[{"href":"https:\/\/www.canneed.com\/fr\/wp-json\/wp\/v2\/product\/382","targetHints":{"allow":["GET"]}}],"collection":[{"href":"https:\/\/www.canneed.com\/fr\/wp-json\/wp\/v2\/product"}],"about":[{"href":"https:\/\/www.canneed.com\/fr\/wp-json\/wp\/v2\/types\/product"}],"replies":[{"embeddable":true,"href":"https:\/\/www.canneed.com\/fr\/wp-json\/wp\/v2\/comments?post=382"}],"wp:featuredmedia":[{"embeddable":true,"href":"https:\/\/www.canneed.com\/fr\/wp-json\/wp\/v2\/media\/427"}],"wp:attachment":[{"href":"https:\/\/www.canneed.com\/fr\/wp-json\/wp\/v2\/media?parent=382"}],"wp:term":[{"taxonomy":"product_brand","embeddable":true,"href":"https:\/\/www.canneed.com\/fr\/wp-json\/wp\/v2\/product_brand?post=382"},{"taxonomy":"product_cat","embeddable":true,"href":"https:\/\/www.canneed.com\/fr\/wp-json\/wp\/v2\/product_cat?post=382"},{"taxonomy":"product_tag","embeddable":true,"href":"https:\/\/www.canneed.com\/fr\/wp-json\/wp\/v2\/product_tag?post=382"}],"curies":[{"name":"wp","href":"https:\/\/api.w.org\/{rel}","templated":true}]}}