{"id":378,"date":"2025-05-13T15:58:26","date_gmt":"2025-05-13T07:58:26","guid":{"rendered":"http:\/\/www.canneed.com\/fr\/?post_type=product&#038;p=378"},"modified":"2025-05-13T15:58:36","modified_gmt":"2025-05-13T07:58:36","slug":"canneed-afms-2000","status":"publish","type":"product","link":"https:\/\/www.canneed.com\/fr\/product\/canneed-afms-2000\/","title":{"rendered":"CanNeed-AFMS-2000"},"content":{"rendered":"<p>&nbsp;<\/p>\n<h3>Application<\/h3>\n<div class='prodocut_content'>CanNeed-AFMS-2000 est un syst\u00e8me de mesure frontale enti\u00e8rement automatique fonctionnant sans surveillance. Il peut mesurer l&rsquo;\u00e9paisseur de la paroi des parties sup\u00e9rieure et centrale de la bo\u00eete, la profondeur du fond et la hauteur de la bo\u00eete. Il s&rsquo;agit d&rsquo;un instrument standard pour l&rsquo;industrie de la fabrication de bo\u00eetes de conserve qui permet de r\u00e9aliser une inspection constante, efficace et automatique des bo\u00eetes de conserve.<br \/>\nL&rsquo;AFMS-2000 est \u00e9quip\u00e9 d&rsquo;un dispositif d&rsquo;\u00e9chantillonnage automatique qui achemine automatiquement les bo\u00eetes vers la zone de test. La main m\u00e9canique pivotante pousse la bo\u00eete vers la station d&rsquo;essai, puis le m\u00e9canisme de centrage \u00e0 trois m\u00e2choires localise rapidement la bo\u00eete. Le dispositif de pivotement fait tourner la bo\u00eete \u00e0 un angle d\u00e9fini pour obtenir diff\u00e9rents points de test. Le r\u00e9sultat du test est enregistr\u00e9 dans la base de donn\u00e9es et envoy\u00e9 automatiquement au syst\u00e8me SPC.<\/div>\n<p>&nbsp;<\/p>\n<h3>Les avantages<\/h3>\n<div class='prodocut_content'>\u25cf Mesure rapide : \u00e9paisseur de la paroi sup\u00e9rieure et centrale de la bo\u00eete, profondeur du fond, hauteur de la bo\u00eete.<br \/>\n\u25cf Mesure automatique dans tous les processus, ce qui permet d&rsquo;\u00e9conomiser du temps et de l&rsquo;argent, et d&rsquo;\u00e9viter les erreurs de manipulation.<br \/>\n\u25cf Dispositif d&rsquo;\u00e9chantillonnage multicanal, peut mesurer diverses bo\u00eetes de conserve en m\u00eame temps ;<br \/>\n\u25cf Adopter un syst\u00e8me visuel pour identifier le num\u00e9ro de mode du fond de la bo\u00eete ;<br \/>\n\u25cf Facile \u00e0 changer de pince pour diff\u00e9rents types de bo\u00eetes de conserve. Peut mesurer des bo\u00eetes de conserve de diam\u00e8tre et de hauteur diff\u00e9rents ;<br \/>\n\u25cf L&rsquo;utilisateur peut configurer plus de 50 points de mesure au maximum ;<br \/>\n\u25cf Fonction d&rsquo;\u00e9talonnage rapide disponible ;<br \/>\n\u25cf Adopte un capteur avanc\u00e9 et pr\u00e9cis de classe mondiale avec une pr\u00e9cision et une r\u00e9p\u00e9tabilit\u00e9 exceptionnelles ;<br \/>\n\u25cf Mesure efficace, rapide et pr\u00e9cise, am\u00e9liorant l&rsquo;efficacit\u00e9 de l&rsquo;inspection ;<br \/>\n\u25cf S\u00e9curis\u00e9, durable, facile \u00e0 utiliser et \u00e0 entretenir ;<br \/>\n\u25cf Assemblage avec une t\u00eate de mesure en alliage tr\u00e8s dur qui est un durable ;<br \/>\n\u25cf Assembler avec des composants de classe mondiale ;<br \/>\n\u25cf Assembler avec une cam\u00e9ra HD pour un service apr\u00e8s-vente pratique via une connexion \u00e0 distance ;<br \/>\n\u25cf Le r\u00e9sultat du test peut \u00eatre envoy\u00e9 au syst\u00e8me SPC ;<br \/>\n\u25cf Logiciel de gestion de base de donn\u00e9es pour faciliter l&rsquo;interrogation des donn\u00e9es et les statistiques ;<br \/>\n\u25cf Peut examiner le r\u00e9sultat de la mesure unique apr\u00e8s le test pour diverses bo\u00eetes de conserve, Calcul automatique de la moyenne, du maximum et du minimum ;<br \/>\n\u25cf Les donn\u00e9es peuvent \u00eatre enregistr\u00e9es sous forme de fichier Excel ;<br \/>\n\u25cf Divers rapports statistiques ;<br \/>\n\u25cf Format de rapport d\u00e9fini par l&rsquo;utilisateur, adapt\u00e9 au style et au format de l&rsquo;entreprise.<\/div>\n","protected":false},"excerpt":{"rendered":"<h3>Syst\u00e8me de mesure frontale automatique<\/h3>\n","protected":false},"featured_media":418,"comment_status":"closed","ping_status":"closed","template":"","meta":[],"product_brand":[],"product_cat":[23,30,27],"product_tag":[],"class_list":{"0":"post-378","1":"product","2":"type-product","3":"status-publish","4":"has-post-thumbnail","6":"product_cat-canette-bouteille-en-aluminium-en-deux-parties","7":"product_cat-dimensions","8":"product_cat-ligne-de-conditionnement-en-ligne","10":"first","11":"instock","12":"shipping-taxable","13":"product-type-simple"},"aioseo_notices":[],"_links":{"self":[{"href":"https:\/\/www.canneed.com\/fr\/wp-json\/wp\/v2\/product\/378","targetHints":{"allow":["GET"]}}],"collection":[{"href":"https:\/\/www.canneed.com\/fr\/wp-json\/wp\/v2\/product"}],"about":[{"href":"https:\/\/www.canneed.com\/fr\/wp-json\/wp\/v2\/types\/product"}],"replies":[{"embeddable":true,"href":"https:\/\/www.canneed.com\/fr\/wp-json\/wp\/v2\/comments?post=378"}],"wp:featuredmedia":[{"embeddable":true,"href":"https:\/\/www.canneed.com\/fr\/wp-json\/wp\/v2\/media\/418"}],"wp:attachment":[{"href":"https:\/\/www.canneed.com\/fr\/wp-json\/wp\/v2\/media?parent=378"}],"wp:term":[{"taxonomy":"product_brand","embeddable":true,"href":"https:\/\/www.canneed.com\/fr\/wp-json\/wp\/v2\/product_brand?post=378"},{"taxonomy":"product_cat","embeddable":true,"href":"https:\/\/www.canneed.com\/fr\/wp-json\/wp\/v2\/product_cat?post=378"},{"taxonomy":"product_tag","embeddable":true,"href":"https:\/\/www.canneed.com\/fr\/wp-json\/wp\/v2\/product_tag?post=378"}],"curies":[{"name":"wp","href":"https:\/\/api.w.org\/{rel}","templated":true}]}}